{"id":64103,"date":"2025-01-26T03:03:50","date_gmt":"2025-01-26T03:03:50","guid":{"rendered":"https:\/\/nexgendecors.com\/product\/kindergarten-table-and-chair-set-childrens-home-toy-table-baby-learning-small-table-rectangular-liftable-plastic-table\/"},"modified":"2025-04-06T08:58:26","modified_gmt":"2025-04-06T08:58:26","slug":"kindergarten-table-and-chair-set-childrens-home-toy-table-baby-learning-small-table-rectangular-liftable-plastic-table","status":"publish","type":"product","link":"https:\/\/nexgendecors.com\/es\/product\/kindergarten-table-and-chair-set-childrens-home-toy-table-baby-learning-small-table-rectangular-liftable-plastic-table\/","title":{"rendered":"Liftable Rectangular Plastic Table &#038; Chair Set for Kids"},"content":{"rendered":"<ul>\n<li>\n<strong>marca<\/strong>:Zhejia<\/li>\n<li>\n<strong>Edad adecuada<\/strong>:2 a\u00f1os 3 a\u00f1os 4 a\u00f1os 5 a\u00f1os 6 a\u00f1os 7 a\u00f1os 8 a\u00f1os 9 a\u00f1os 10 a\u00f1os 11 a\u00f1os 12 a\u00f1os<\/li>\n<li>\n<strong>estilo<\/strong>:Simple y moderno<\/li>\n<li>\n<strong>ordenar por color<\/strong>:120*60cm warm pink-single table120*60cm light yellow-single table120*60cm light blue-single table120*60cm mint green-single tablewarm pink-1 table and 1 chair-luxury warm pink-1 table and 2 chairs-luxury warm pink-1 table and 4 chairs-luxury warm pink-1 table and 6 chairs-luxury warm pink-1 table and 4 fixed chairswarm pink-1 table and 6 fixed chairsmint green-1 table and 1 chair-luxury mint green-1 table and 2 chairs-luxury mint green-1 table and 4 chairs-luxury mint green-1 table and 6 chairs-luxury mint green-1 table and 6 fixed chairs<\/li>\n<li>\n<strong>N\u00famero de pieza<\/strong>:428001<\/li>\n<li>\n<strong><\/strong>:<\/li>\n<\/ul>\n<p><img><\/p>","protected":false},"excerpt":{"rendered":"<p>marca:Zhejia Edad adecuada:2 a\u00f1os 3 a\u00f1os 4 a\u00f1os 5 a\u00f1os 6 a\u00f1os 7 a\u00f1os<\/p>","protected":false},"featured_media":123275,"comment_status":"open","ping_status":"closed","template":"","meta":[],"product_brand":[],"product_cat":[30971,30849],"product_tag":[],"class_list":{"0":"post-64103","1":"product","2":"type-product","3":"status-publish","4":"has-post-thumbnail","6":"product_cat-hp","7":"product_cat-kindergarten-school-furniture","9":"first","10":"instock","11":"taxable","12":"shipping-taxable","13":"purchasable","14":"product-type-variable"},"_links":{"self":[{"href":"https:\/\/nexgendecors.com\/es\/wp-json\/wp\/v2\/product\/64103","targetHints":{"allow":["GET"]}}],"collection":[{"href":"https:\/\/nexgendecors.com\/es\/wp-json\/wp\/v2\/product"}],"about":[{"href":"https:\/\/nexgendecors.com\/es\/wp-json\/wp\/v2\/types\/product"}],"replies":[{"embeddable":true,"href":"https:\/\/nexgendecors.com\/es\/wp-json\/wp\/v2\/comments?post=64103"}],"version-history":[{"count":0,"href":"https:\/\/nexgendecors.com\/es\/wp-json\/wp\/v2\/product\/64103\/revisions"}],"wp:featuredmedia":[{"embeddable":true,"href":"https:\/\/nexgendecors.com\/es\/wp-json\/wp\/v2\/media\/123275"}],"wp:attachment":[{"href":"https:\/\/nexgendecors.com\/es\/wp-json\/wp\/v2\/media?parent=64103"}],"wp:term":[{"taxonomy":"product_brand","embeddable":true,"href":"https:\/\/nexgendecors.com\/es\/wp-json\/wp\/v2\/product_brand?post=64103"},{"taxonomy":"product_cat","embeddable":true,"href":"https:\/\/nexgendecors.com\/es\/wp-json\/wp\/v2\/product_cat?post=64103"},{"taxonomy":"product_tag","embeddable":true,"href":"https:\/\/nexgendecors.com\/es\/wp-json\/wp\/v2\/product_tag?post=64103"}],"curies":[{"name":"wp","href":"https:\/\/api.w.org\/{rel}","templated":true}]}}