{"id":64120,"date":"2025-01-26T03:03:52","date_gmt":"2025-01-26T03:03:52","guid":{"rendered":"https:\/\/nexgendecors.com\/product\/kindergarten-tables-and-chairs-childrens-adjustable-plastic-study-table-home-baby-drawing-graffiti-multifunctional-toy-table\/"},"modified":"2025-03-09T17:53:11","modified_gmt":"2025-03-09T17:53:11","slug":"kindergarten-tables-and-chairs-childrens-adjustable-plastic-study-table-home-baby-drawing-graffiti-multifunctional-toy-table","status":"publish","type":"product","link":"https:\/\/nexgendecors.com\/es\/product\/kindergarten-tables-and-chairs-childrens-adjustable-plastic-study-table-home-baby-drawing-graffiti-multifunctional-toy-table\/","title":{"rendered":"Juego de mesa y silla de estudio de pl\u00e1stico ajustable para ni\u00f1os"},"content":{"rendered":"<ul>\n<li>\n<strong>marca<\/strong>:otro\/otro<\/li>\n<li>\n<strong>Edad adecuada<\/strong>:3 years old,4 years old,5 years old,6 years old,7 years old,8 years old,9 years old,10 years old,11 years old,12 years old,13 years old,14 years old,14 years old and above<\/li>\n<li>\n<strong>Materiales estructurales<\/strong>:Paneles a base de madera<\/li>\n<li>\n<strong>estilo<\/strong>:Simple y moderno<\/li>\n<li>\n<strong>Origen<\/strong>:otro<\/li>\n<li>\n<strong>ordenar por color<\/strong>:Yellow,Light Green,Transparent,Color,White,Beige,Yellow Edge Wood Grain,Fruit Green,Beige One Table and Two Chairs,Yellow One Table and Two Chairs,Yellow Edge Wood Grain One Table and Two Chairs,Light Green Wood Grain One Table and Two Chairs,Fruit Green White Surface One Table and Two Chairs,One Table and Two Chairs Color Notes,One Table and Two Chairs Notes Color,One Table and Two Chairs,Beige (One Table and Four Chairs),Yellow (One Table and Four Chairs),Yellow Edge Wood Grain (One Table and Four Chairs),Light Green Wood Grain (One Table and Four Chairs),Fruit Green White Surface (One Table and Four Chairs),One Table and Four Chairs Color Notes,One Table and Four Chairs Notes Color,One Table and Four Chairs,60*60 Single Table,60*60 (One Table and One Chair),60*60 (One Table and Two Chairs)<\/li>\n<li>\n<strong>Material de acabado<\/strong>:otro<\/li>\n<li>\n<strong>N\u00famero de pieza<\/strong>:YD-201<\/li>\n<\/ul>","protected":false},"excerpt":{"rendered":"<p>Marca: otros\/otros Edad adecuada: 3 a\u00f1os, 4 a\u00f1os, 5 a\u00f1os, 6 a\u00f1os, 7 a\u00f1os, 8 a\u00f1os, 9 a\u00f1os, 10 a\u00f1os, 11 a\u00f1os<\/p>","protected":false},"featured_media":123296,"comment_status":"open","ping_status":"closed","template":"","meta":[],"product_brand":[],"product_cat":[30971,30849],"product_tag":[],"class_list":{"0":"post-64120","1":"product","2":"type-product","3":"status-publish","4":"has-post-thumbnail","6":"product_cat-hp","7":"product_cat-kindergarten-school-furniture","9":"first","10":"instock","11":"taxable","12":"shipping-taxable","13":"purchasable","14":"product-type-variable"},"_links":{"self":[{"href":"https:\/\/nexgendecors.com\/es\/wp-json\/wp\/v2\/product\/64120","targetHints":{"allow":["GET"]}}],"collection":[{"href":"https:\/\/nexgendecors.com\/es\/wp-json\/wp\/v2\/product"}],"about":[{"href":"https:\/\/nexgendecors.com\/es\/wp-json\/wp\/v2\/types\/product"}],"replies":[{"embeddable":true,"href":"https:\/\/nexgendecors.com\/es\/wp-json\/wp\/v2\/comments?post=64120"}],"version-history":[{"count":0,"href":"https:\/\/nexgendecors.com\/es\/wp-json\/wp\/v2\/product\/64120\/revisions"}],"wp:featuredmedia":[{"embeddable":true,"href":"https:\/\/nexgendecors.com\/es\/wp-json\/wp\/v2\/media\/123296"}],"wp:attachment":[{"href":"https:\/\/nexgendecors.com\/es\/wp-json\/wp\/v2\/media?parent=64120"}],"wp:term":[{"taxonomy":"product_brand","embeddable":true,"href":"https:\/\/nexgendecors.com\/es\/wp-json\/wp\/v2\/product_brand?post=64120"},{"taxonomy":"product_cat","embeddable":true,"href":"https:\/\/nexgendecors.com\/es\/wp-json\/wp\/v2\/product_cat?post=64120"},{"taxonomy":"product_tag","embeddable":true,"href":"https:\/\/nexgendecors.com\/es\/wp-json\/wp\/v2\/product_tag?post=64120"}],"curies":[{"name":"wp","href":"https:\/\/api.w.org\/{rel}","templated":true}]}}