{"id":64183,"date":"2025-01-26T03:03:58","date_gmt":"2025-01-26T03:03:58","guid":{"rendered":"https:\/\/nexgendecors.com\/product\/kindergarten-triangular-combination-table-childrens-shape-table-and-chair-student-learning-can-be-assembled-arrow-table-fireproof-board-lifting-table\/"},"modified":"2025-04-06T08:58:34","modified_gmt":"2025-04-06T08:58:34","slug":"kindergarten-triangular-combination-table-childrens-shape-table-and-chair-student-learning-can-be-assembled-arrow-table-fireproof-board-lifting-table","status":"publish","type":"product","link":"https:\/\/nexgendecors.com\/es\/product\/kindergarten-triangular-combination-table-childrens-shape-table-and-chair-student-learning-can-be-assembled-arrow-table-fireproof-board-lifting-table\/","title":{"rendered":"Conjunto de mesa y sillas triangulares para ni\u00f1os: ajustables e ign\u00edfugas"},"content":{"rendered":"<ul>\n<li>\n<strong>marca<\/strong>:otro\/otro<\/li>\n<li>\n<strong>estilo<\/strong>:Nuevo chino<\/li>\n<li>\n<strong>N\u00famero de pieza<\/strong>:YD-519<\/li>\n<li>\n<strong>Edad adecuada<\/strong>:14 years old and above,6 years old,3 years old,5 years old,7 years old,11 years old,13 years old,2 years old,4 years old,10 years old,12 years old,9 years old,8 years old<\/li>\n<li>\n<strong>Materiales estructurales<\/strong>:pl\u00e1stico<\/li>\n<li>\n<strong>Material de acabado<\/strong>:Paneles a base de madera<\/li>\n<li>\n<strong>ordenar por color<\/strong>:Pink, yellow, light blue, light green, full set of triangular tables (6 pieces), full set of triangular tables, pink edge white surface<\/li>\n<li>\n<strong><\/strong>:<\/li>\n<\/ul>","protected":false},"excerpt":{"rendered":"<p>Marca: otro\/otro Estilo: nuevo chino N\u00famero de pieza: YD-519 Edad adecuada: 14 a\u00f1os o m\u00e1s, 6 a\u00f1os, 3 a\u00f1os, 5 a\u00f1os, 7 a\u00f1os, 11 a\u00f1os<\/p>","protected":false},"featured_media":123310,"comment_status":"open","ping_status":"closed","template":"","meta":[],"product_brand":[],"product_cat":[30899,30971,30849],"product_tag":[],"class_list":{"0":"post-64183","1":"product","2":"type-product","3":"status-publish","4":"has-post-thumbnail","6":"product_cat-bs-kindergarten","7":"product_cat-hp","8":"product_cat-kindergarten-school-furniture","10":"first","11":"instock","12":"taxable","13":"shipping-taxable","14":"purchasable","15":"product-type-variable"},"_links":{"self":[{"href":"https:\/\/nexgendecors.com\/es\/wp-json\/wp\/v2\/product\/64183","targetHints":{"allow":["GET"]}}],"collection":[{"href":"https:\/\/nexgendecors.com\/es\/wp-json\/wp\/v2\/product"}],"about":[{"href":"https:\/\/nexgendecors.com\/es\/wp-json\/wp\/v2\/types\/product"}],"replies":[{"embeddable":true,"href":"https:\/\/nexgendecors.com\/es\/wp-json\/wp\/v2\/comments?post=64183"}],"version-history":[{"count":0,"href":"https:\/\/nexgendecors.com\/es\/wp-json\/wp\/v2\/product\/64183\/revisions"}],"wp:featuredmedia":[{"embeddable":true,"href":"https:\/\/nexgendecors.com\/es\/wp-json\/wp\/v2\/media\/123310"}],"wp:attachment":[{"href":"https:\/\/nexgendecors.com\/es\/wp-json\/wp\/v2\/media?parent=64183"}],"wp:term":[{"taxonomy":"product_brand","embeddable":true,"href":"https:\/\/nexgendecors.com\/es\/wp-json\/wp\/v2\/product_brand?post=64183"},{"taxonomy":"product_cat","embeddable":true,"href":"https:\/\/nexgendecors.com\/es\/wp-json\/wp\/v2\/product_cat?post=64183"},{"taxonomy":"product_tag","embeddable":true,"href":"https:\/\/nexgendecors.com\/es\/wp-json\/wp\/v2\/product_tag?post=64183"}],"curies":[{"name":"wp","href":"https:\/\/api.w.org\/{rel}","templated":true}]}}