{"id":64191,"date":"2025-01-26T03:03:59","date_gmt":"2025-01-26T03:03:59","guid":{"rendered":"https:\/\/nexgendecors.com\/product\/kingcamp-low-folding-beach-chairs-for-adults-portable-lightweight-lowback-sling-chair-with-headrest-cup-holder-carry-bag-armrest-foldable-chair-for-sand-camping-concert-travel-300lbs1706339193946\/"},"modified":"2025-03-07T13:09:18","modified_gmt":"2025-03-07T13:09:18","slug":"sillas-de-playa-plegables-kingcamp-para-adultos-portatiles-ligeras-con-respaldo-bajo-reposacabezas-portavasos-bolsa-de-transporte-reposabrazos-plegables-para-arena-camping-conciertos-viaje","status":"publish","type":"product","link":"https:\/\/nexgendecors.com\/es\/product\/sillas-de-playa-plegables-kingcamp-para-adultos-portatiles-ligeras-con-respaldo-bajo-reposacabezas-portavasos-bolsa-de-transporte-reposabrazos-plegables-para-arena-camping-conciertos-viaje\/","title":{"rendered":"Silla de playa plegable baja KingCamp con reposacabezas y portavasos"},"content":{"rendered":"<p><strong>\u00a1Experimente la comodidad y conveniencia con las sillas de playa KingCamp para adultos (paquete de 2)!<\/strong><\/p>\n<p>\ud83c\udf1f <strong>Marca de confianza:<\/strong> Fundada en 2002, KingCamp es una marca l\u00edder conocida por fabricar y distribuir equipos para actividades al aire libre en m\u00e1s de 46 pa\u00edses en todo el mundo.<\/p>\n<p>\ud83d\udecb\ufe0f <strong>Dise\u00f1o superior:<\/strong> Nuestras sillas de playa est\u00e1n meticulosamente dise\u00f1adas en funci\u00f3n de los requisitos espec\u00edficos de nuestros clientes y probadas en condiciones extremas al aire libre para garantizar su durabilidad y funcionalidad.<\/p>\n<p>\ud83c\udf0d <strong>Consciente del medio ambiente:<\/strong> KingCamp est\u00e1 comprometido a servir la comodidad y seguridad de nuestros clientes respetando el medio ambiente, reflejando un estilo de vida saludable y avanzado.<\/p>\n<p><strong>Caracter\u00edsticas principales:<\/strong><\/p>\n<p>\ud83c\udf0a <strong>Dise\u00f1o de espalda baja:<\/strong> Proporciona una comodidad \u00f3ptima para relajarse en la playa. \ud83e\ude91 <strong>Port\u00e1til y ligero:<\/strong> F\u00e1cil de llevar y transportar, perfecto para aventuras al aire libre. \ud83d\udd27 <strong>Plegable:<\/strong> C\u00f3modo dise\u00f1o plegable para un almacenamiento y transporte compactos. \ud83d\udcaa <strong>Construcci\u00f3n robusta:<\/strong> Soporta hasta 300 libras, lo que garantiza durabilidad y estabilidad. \ud83c\udfa8 <strong>Estilo contempor\u00e1neo:<\/strong> Presenta un dise\u00f1o elegante y moderno para complementar cualquier entorno al aire libre.<\/p>\n<p><strong>Especificaciones del producto:<\/strong><\/p>\n<p>\ud83c\udfa8 <strong>Color:<\/strong> Cian de espalda baja 2 \ud83d\udccf <strong>Dimensiones:<\/strong> 24,8\u2033 de profundidad x 23,2\u2033 de ancho x 25,2\u2033 de alto \ud83e\ude91 <strong>Tama\u00f1o:<\/strong> Espalda baja \ud83c\udfd6\ufe0f <strong>Usos recomendados:<\/strong> Playa \ud83d\udccf <strong>Altura del asiento:<\/strong> 8,6 pulgadas \ud83d\udce6 <strong>Dimensiones del paquete:<\/strong> 30 x 14 x 5,25 pulgadas \u2696\ufe0f <strong>Peso del paquete:<\/strong> 6,15 kilogramos \ud83d\udd12 <strong>Garant\u00eda:<\/strong> 1 a\u00f1o de garant\u00eda \ud83d\udc64 <strong>Usuarios sugeridos:<\/strong> Unisex-Adulto \ud83d\udce6 <strong>Componentes incluidos:<\/strong> 2 \u00d7 Sillas de playa<\/p>\n<p>Mejora tu experiencia en la playa con el paquete de 2 sillas de playa KingCamp para adultos. \u00a1P\u00eddelas ahora y disfruta relaj\u00e1ndote en la orilla!<\/p>","protected":false},"excerpt":{"rendered":"<p>\u00a1Experimente la comodidad y conveniencia con las sillas de playa KingCamp para adultos, paquete de 2! \ud83c\udf1f Marca confiable: Fundada en 2002, KingCamp es<\/p>","protected":false},"featured_media":123314,"comment_status":"open","ping_status":"closed","template":"","meta":[],"product_brand":[],"product_cat":[30818,30971],"product_tag":[],"class_list":{"0":"post-64191","1":"product","2":"type-product","3":"status-publish","4":"has-post-thumbnail","6":"product_cat-camping-furniture","7":"product_cat-hp","9":"first","10":"instock","11":"sale","12":"taxable","13":"shipping-taxable","14":"purchasable","15":"product-type-variable"},"_links":{"self":[{"href":"https:\/\/nexgendecors.com\/es\/wp-json\/wp\/v2\/product\/64191","targetHints":{"allow":["GET"]}}],"collection":[{"href":"https:\/\/nexgendecors.com\/es\/wp-json\/wp\/v2\/product"}],"about":[{"href":"https:\/\/nexgendecors.com\/es\/wp-json\/wp\/v2\/types\/product"}],"replies":[{"embeddable":true,"href":"https:\/\/nexgendecors.com\/es\/wp-json\/wp\/v2\/comments?post=64191"}],"version-history":[{"count":0,"href":"https:\/\/nexgendecors.com\/es\/wp-json\/wp\/v2\/product\/64191\/revisions"}],"wp:featuredmedia":[{"embeddable":true,"href":"https:\/\/nexgendecors.com\/es\/wp-json\/wp\/v2\/media\/123314"}],"wp:attachment":[{"href":"https:\/\/nexgendecors.com\/es\/wp-json\/wp\/v2\/media?parent=64191"}],"wp:term":[{"taxonomy":"product_brand","embeddable":true,"href":"https:\/\/nexgendecors.com\/es\/wp-json\/wp\/v2\/product_brand?post=64191"},{"taxonomy":"product_cat","embeddable":true,"href":"https:\/\/nexgendecors.com\/es\/wp-json\/wp\/v2\/product_cat?post=64191"},{"taxonomy":"product_tag","embeddable":true,"href":"https:\/\/nexgendecors.com\/es\/wp-json\/wp\/v2\/product_tag?post=64191"}],"curies":[{"name":"wp","href":"https:\/\/api.w.org\/{rel}","templated":true}]}}