{"id":65945,"date":"2025-01-26T03:07:46","date_gmt":"2025-01-26T03:07:46","guid":{"rendered":"https:\/\/nexgendecors.com\/product\/light-luxury-straw-hat-three-color-light-changing-restaurant-bar-chandelier-nordic-simple-net-red-lotus-leaf-aisle-balcony-cashier-front-desk\/"},"modified":"2025-04-06T09:01:50","modified_gmt":"2025-04-06T09:01:50","slug":"light-luxury-straw-hat-three-color-light-changing-restaurant-bar-chandelier-nordic-simple-net-red-lotus-leaf-aisle-balcony-cashier-front-desk","status":"publish","type":"product","link":"https:\/\/nexgendecors.com\/es\/product\/light-luxury-straw-hat-three-color-light-changing-restaurant-bar-chandelier-nordic-simple-net-red-lotus-leaf-aisle-balcony-cashier-front-desk\/","title":{"rendered":"Nordic Light Luxury Straw Hat Chandelier &#8211; 3 Colors"},"content":{"rendered":"<ul>\n<li>\n<strong>fuerza<\/strong>:6W (incluido) \u2013 10W (incluido)<\/li>\n<li>\n<strong>estilo<\/strong>:Europa del Norte<\/li>\n<li>\n<strong>Origen<\/strong>:China continental<\/li>\n<li>\n<strong>Valor K de la temperatura de color de la fuente de luz<\/strong>:4000K<\/li>\n<li>\n<strong>Espacio aplicable<\/strong>:Dormitorio\/Estudio<\/li>\n<li>\n<strong>ordenar por color<\/strong>:Chandelier 20CM, three-color light change, Chandelier 24CM, three-color light change, Chandelier 40CM, three-color light change, Chandelier 40CM, stepless dimming + remote control, Chandelier 50CM, three-color light change, Chandelier 50CM, stepless dimming + remote control, Chandelier 60CM, three-color light change, Chandelier 60CM, stepless dimming + remote control, Ceiling 20CM, three-color light change, Ceiling 24CM, three-color light change, Ceiling 40CM, three-color light change, Ceiling 40CM, stepless dimming + remote control, Ceiling 50CM, three-color light change, Ceiling 50CM, stepless dimming + remote control, Ceiling 60CM, three-color light change, Ceiling 60CM, stepless dimming + remote control<\/li>\n<li>\n<strong>\u00bfLa l\u00e1mpara tiene una fuente de luz?<\/strong>:No<\/li>\n<li>\n<strong>Servicio en la ciudad<\/strong>:Log\u00edstica intraurbana de entrega puerta a puerta<\/li>\n<li>\n<strong>Voltaje<\/strong>:100 V-240 V<\/li>\n<li>\n<strong>Material principal del cuerpo de la l\u00e1mpara.<\/strong>:hierro<\/li>\n<li>\n<strong>Material principal de la pantalla de la l\u00e1mpara<\/strong>:Pantalla de PMMA de alta transmitancia de luz<\/li>\n<li>\n<strong>tipo de fuente de luz<\/strong>:Luces LED<\/li>\n<li>\n<strong>Tecnolog\u00eda<\/strong>:Doblado en caliente<\/li>\n<li>\n<strong>\u00c1rea de irradiaci\u00f3n<\/strong>:5\u33a1-10\u33a1<\/li>\n<li>\n<strong>Tipo de control<\/strong>:Intelligent voice control, APP control, other<\/li>\n<li>\n<strong>Temperatura de color<\/strong>:Luz tricolor<\/li>\n<li>\n<strong>Material auxiliar para pantallas de l\u00e1mparas<\/strong>:Pantalla de PMMA de alta transmitancia de luz<\/li>\n<li>\n<strong>Per\u00edodo de garant\u00eda<\/strong>:3 a\u00f1os<\/li>\n<li>\n<strong>Material auxiliar del cuerpo de la l\u00e1mpara<\/strong>:hierro<\/li>\n<li>\n<strong>Tipo inteligente<\/strong>:Conectado a Tmall Genie<\/li>\n<li>\n<strong>Ya sea control inteligente<\/strong>:S\u00ed<\/li>\n<li>\n<strong>Forma de la l\u00e1mpara<\/strong>:L\u00e1mpara de ara\u00f1a de l\u00ednea de pescado<\/li>\n<li>\n<strong>N\u00famero de cabezales de l\u00e1mpara<\/strong>:1<\/li>\n<li>\n<strong>Tipo de l\u00e1mpara de ara\u00f1a<\/strong>:L\u00e1mpara de ara\u00f1a de hierro forjado<\/li>\n<li>\n<strong>N\u00famero de certificado 3C<\/strong>:2020171001003903<\/li>\n<li>\n<strong><\/strong>:<\/li>\n<\/ul>\n<p><img><\/p>","protected":false},"excerpt":{"rendered":"<p>power:6W (inclusive) &#8211; 10W (inclusive) style:Northern Europe Origin:Chinese mainland Light source color temperature K value:4000K Applicable space:Bedroom\/Study sort by color:Chandelier<\/p>","protected":false},"featured_media":125021,"comment_status":"open","ping_status":"closed","template":"","meta":[],"product_brand":[],"product_cat":[30971,30864],"product_tag":[],"class_list":{"0":"post-65945","1":"product","2":"type-product","3":"status-publish","4":"has-post-thumbnail","6":"product_cat-hp","7":"product_cat-new-wholesales-lights","9":"first","10":"instock","11":"taxable","12":"shipping-taxable","13":"purchasable","14":"product-type-variable"},"_links":{"self":[{"href":"https:\/\/nexgendecors.com\/es\/wp-json\/wp\/v2\/product\/65945","targetHints":{"allow":["GET"]}}],"collection":[{"href":"https:\/\/nexgendecors.com\/es\/wp-json\/wp\/v2\/product"}],"about":[{"href":"https:\/\/nexgendecors.com\/es\/wp-json\/wp\/v2\/types\/product"}],"replies":[{"embeddable":true,"href":"https:\/\/nexgendecors.com\/es\/wp-json\/wp\/v2\/comments?post=65945"}],"version-history":[{"count":0,"href":"https:\/\/nexgendecors.com\/es\/wp-json\/wp\/v2\/product\/65945\/revisions"}],"wp:featuredmedia":[{"embeddable":true,"href":"https:\/\/nexgendecors.com\/es\/wp-json\/wp\/v2\/media\/125021"}],"wp:attachment":[{"href":"https:\/\/nexgendecors.com\/es\/wp-json\/wp\/v2\/media?parent=65945"}],"wp:term":[{"taxonomy":"product_brand","embeddable":true,"href":"https:\/\/nexgendecors.com\/es\/wp-json\/wp\/v2\/product_brand?post=65945"},{"taxonomy":"product_cat","embeddable":true,"href":"https:\/\/nexgendecors.com\/es\/wp-json\/wp\/v2\/product_cat?post=65945"},{"taxonomy":"product_tag","embeddable":true,"href":"https:\/\/nexgendecors.com\/es\/wp-json\/wp\/v2\/product_tag?post=65945"}],"curies":[{"name":"wp","href":"https:\/\/api.w.org\/{rel}","templated":true}]}}