{"id":65976,"date":"2025-01-26T03:07:49","date_gmt":"2025-01-26T03:07:49","guid":{"rendered":"https:\/\/nexgendecors.com\/product\/light-luxury-two-end-bedroom-height-adjustable-bedside-small-chandelier-minimalist-postmodern-living-room-background-wall-single-head-lamp\/"},"modified":"2025-04-06T09:01:58","modified_gmt":"2025-04-06T09:01:58","slug":"light-luxury-two-end-bedroom-height-adjustable-bedside-small-chandelier-minimalist-postmodern-living-room-background-wall-single-head-lamp","status":"publish","type":"product","link":"https:\/\/nexgendecors.com\/es\/product\/light-luxury-two-end-bedroom-height-adjustable-bedside-small-chandelier-minimalist-postmodern-living-room-background-wall-single-head-lamp\/","title":{"rendered":"Minimalist Adjustable Chandelier for Living Room"},"content":{"rendered":"<ul>\n<li>\n<strong>estilo<\/strong>:Simple y moderno<\/li>\n<li>\n<strong>Origen<\/strong>:China continental<\/li>\n<li>\n<strong>Valor K de la temperatura de color de la fuente de luz<\/strong>:4000K<\/li>\n<li>\n<strong>Espacio aplicable<\/strong>:Dormitorio\/Estudio<\/li>\n<li>\n<strong>ordenar por color<\/strong>:Gold single head, neutral light, gold single head, three-color light, black single head, neutral light, black single head, three-color light, gold two heads, neutral light, gold two heads, three-color light, black two heads, neutral light, black two heads, three-color light<\/li>\n<li>\n<strong>\u00bfLa l\u00e1mpara tiene una fuente de luz?<\/strong>:S\u00ed<\/li>\n<li>\n<strong>Servicio en la ciudad<\/strong>:Log\u00edstica intraurbana de entrega puerta a puerta<\/li>\n<li>\n<strong>Voltaje<\/strong>:100 V-240 V<\/li>\n<li>\n<strong>Material principal del cuerpo de la l\u00e1mpara.<\/strong>:aluminio<\/li>\n<li>\n<strong>Material principal de la pantalla de la l\u00e1mpara<\/strong>:Pantalla de PMMA de alta transmitancia de luz<\/li>\n<li>\n<strong>tipo de fuente de luz<\/strong>:Luces LED<\/li>\n<li>\n<strong>\u00c1rea de irradiaci\u00f3n<\/strong>:3\u33a1-5\u33a1<\/li>\n<li>\n<strong>Tipo de control<\/strong>:otro<\/li>\n<li>\n<strong>Temperatura de color<\/strong>:Luz tricolor<\/li>\n<li>\n<strong>Material auxiliar para pantallas de l\u00e1mparas<\/strong>:Pantalla de PMMA de alta transmitancia de luz<\/li>\n<li>\n<strong>Per\u00edodo de garant\u00eda<\/strong>:3 a\u00f1os<\/li>\n<li>\n<strong>Material auxiliar del cuerpo de la l\u00e1mpara<\/strong>:hierro<\/li>\n<li>\n<strong>Tipo inteligente<\/strong>:Otra inteligencia<\/li>\n<li>\n<strong>Ya sea control inteligente<\/strong>:No<\/li>\n<li>\n<strong>Forma de la l\u00e1mpara<\/strong>:L\u00e1mpara de ara\u00f1a de l\u00ednea de pescado<\/li>\n<li>\n<strong>N\u00famero de cabezales de l\u00e1mpara<\/strong>:1<\/li>\n<li>\n<strong>Tipo de l\u00e1mpara de ara\u00f1a<\/strong>:Otro<\/li>\n<li>\n<strong>N\u00famero de certificado 3C<\/strong>:2020171001003903<\/li>\n<li>\n<strong><\/strong>:<\/li>\n<\/ul>\n<p><img><\/p>","protected":false},"excerpt":{"rendered":"<p>style:Simple and modern Origin:Chinese mainland Light source color temperature K value:4000K Applicable space:Bedroom\/Study sort by color:Gold single head, neutral light,<\/p>","protected":false},"featured_media":125051,"comment_status":"open","ping_status":"closed","template":"","meta":[],"product_brand":[],"product_cat":[30971,30864],"product_tag":[],"class_list":{"0":"post-65976","1":"product","2":"type-product","3":"status-publish","4":"has-post-thumbnail","6":"product_cat-hp","7":"product_cat-new-wholesales-lights","9":"first","10":"instock","11":"taxable","12":"shipping-taxable","13":"purchasable","14":"product-type-variable"},"_links":{"self":[{"href":"https:\/\/nexgendecors.com\/es\/wp-json\/wp\/v2\/product\/65976","targetHints":{"allow":["GET"]}}],"collection":[{"href":"https:\/\/nexgendecors.com\/es\/wp-json\/wp\/v2\/product"}],"about":[{"href":"https:\/\/nexgendecors.com\/es\/wp-json\/wp\/v2\/types\/product"}],"replies":[{"embeddable":true,"href":"https:\/\/nexgendecors.com\/es\/wp-json\/wp\/v2\/comments?post=65976"}],"version-history":[{"count":0,"href":"https:\/\/nexgendecors.com\/es\/wp-json\/wp\/v2\/product\/65976\/revisions"}],"wp:featuredmedia":[{"embeddable":true,"href":"https:\/\/nexgendecors.com\/es\/wp-json\/wp\/v2\/media\/125051"}],"wp:attachment":[{"href":"https:\/\/nexgendecors.com\/es\/wp-json\/wp\/v2\/media?parent=65976"}],"wp:term":[{"taxonomy":"product_brand","embeddable":true,"href":"https:\/\/nexgendecors.com\/es\/wp-json\/wp\/v2\/product_brand?post=65976"},{"taxonomy":"product_cat","embeddable":true,"href":"https:\/\/nexgendecors.com\/es\/wp-json\/wp\/v2\/product_cat?post=65976"},{"taxonomy":"product_tag","embeddable":true,"href":"https:\/\/nexgendecors.com\/es\/wp-json\/wp\/v2\/product_tag?post=65976"}],"curies":[{"name":"wp","href":"https:\/\/api.w.org\/{rel}","templated":true}]}}