{"id":66110,"date":"2025-01-26T03:08:15","date_gmt":"2025-01-26T03:08:15","guid":{"rendered":"https:\/\/nexgendecors.com\/product\/living-room-chandelier-light-luxury-main-lamp-loft-simple-style-thin-tube-lamp-hollow-villa-restaurant-duplex-building-large-chandelier\/"},"modified":"2025-04-06T09:02:13","modified_gmt":"2025-04-06T09:02:13","slug":"living-room-chandelier-light-luxury-main-lamp-loft-simple-style-thin-tube-lamp-hollow-villa-restaurant-duplex-building-large-chandelier","status":"publish","type":"product","link":"https:\/\/nexgendecors.com\/es\/product\/living-room-chandelier-light-luxury-main-lamp-loft-simple-style-thin-tube-lamp-hollow-villa-restaurant-duplex-building-large-chandelier\/","title":{"rendered":"Luxury Loft Style Hollow Tube Chandelier for Villas"},"content":{"rendered":"<ul>\n<li>\n<strong>marca<\/strong>:otro\/otro<\/li>\n<li>\n<strong>modelo<\/strong>:GLS625<\/li>\n<li>\n<strong>fuerza<\/strong>:5W y menos<\/li>\n<li>\n<strong>estilo<\/strong>:Simple y moderno<\/li>\n<li>\n<strong>Origen<\/strong>:China continental<\/li>\n<li>\n<strong>Valor K de la temperatura de color de la fuente de luz<\/strong>:3000K<\/li>\n<li>\n<strong>Espacio aplicable<\/strong>:LOFT\/D\u00faplex Casa D\u00faplex\/Escaleras<\/li>\n<li>\n<strong>ordenar por color<\/strong>:12 heads [custom color], 24 heads [custom color], 32 heads [custom color], 48 heads [custom color], 58 heads [custom color], 68 heads [custom color], single head long tube, single head medium tube, single head short tube, 18 heads [custom color], 16 heads [custom color], 38 heads [custom color], 42 heads [custom color], 28 heads [custom color], 14 heads long strips customized, 50 heads [custom color], 78 heads [custom color], 88 heads [custom color], 100 heads [custom color], 62 heads [custom color], 3M*35cm-24 heads + round 6 heads customized<\/li>\n<li>\n<strong>\u00bfLa l\u00e1mpara tiene una fuente de luz?<\/strong>:S\u00ed<\/li>\n<li>\n<strong>Servicio en la ciudad<\/strong>:Los compradores de la misma ciudad recogen la mercanc\u00eda en casa.<\/li>\n<li>\n<strong>Voltaje<\/strong>:111 V ~ 240 V (inclusive)<\/li>\n<li>\n<strong>Material principal del cuerpo de la l\u00e1mpara.<\/strong>:hierro<\/li>\n<li>\n<strong>Material principal de la pantalla de la l\u00e1mpara<\/strong>:Pantalla de PMMA de alta transmitancia de luz<\/li>\n<li>\n<strong>tipo de fuente de luz<\/strong>:Luces LED<\/li>\n<li>\n<strong>N\u00famero de fuentes de luz<\/strong>:15 (inclusive) &#8211; 20 (exclusive)<\/li>\n<li>\n<strong>Tecnolog\u00eda<\/strong>:chrome<\/li>\n<li>\n<strong>\u00c1rea de irradiaci\u00f3n<\/strong>:10\u33a1-15\u33a1<\/li>\n<li>\n<strong>Tipo de control<\/strong>:otro<\/li>\n<li>\n<strong>Temperatura de color<\/strong>:Luz c\u00e1lida (2700K-3500K)<\/li>\n<li>\n<strong>Material auxiliar para pantallas de l\u00e1mparas<\/strong>:cristal<\/li>\n<li>\n<strong>Per\u00edodo de garant\u00eda<\/strong>:3 a\u00f1os<\/li>\n<li>\n<strong>Material auxiliar del cuerpo de la l\u00e1mpara<\/strong>:Acero inoxidable<\/li>\n<li>\n<strong>Tipo inteligente<\/strong>:No hay soporte para smart<\/li>\n<li>\n<strong>Ya sea control inteligente<\/strong>:No<\/li>\n<li>\n<strong>Forma de la l\u00e1mpara<\/strong>:L\u00e1mpara de ara\u00f1a de l\u00ednea de pescado<\/li>\n<li>\n<strong>N\u00famero de accesorios<\/strong>:5<\/li>\n<li>\n<strong>N\u00famero de cabezales de l\u00e1mpara<\/strong>:5<\/li>\n<li>\n<strong>Tipo de l\u00e1mpara de ara\u00f1a<\/strong>:L\u00e1mpara de ara\u00f1a de hierro forjado<\/li>\n<li>\n<strong>Componentes certificados 3c<\/strong>:Lamp holder<\/li>\n<li>\n<strong>Modelo de componente certificado 3c<\/strong>:led<\/li>\n<li>\n<strong>N\u00famero de certificado 3C<\/strong>:2016011001892728<\/li>\n<li>\n<strong><\/strong>:<\/li>\n<\/ul>\n<p><img><\/p>","protected":false},"excerpt":{"rendered":"<p>brand:other\/other model:GLS625 power:5W and below style:Simple and modern Origin:Chinese mainland Light source color temperature K value:3000K Applicable space:LOFT\/Duplex Duplex House\/Stairs<\/p>","protected":false},"featured_media":125229,"comment_status":"open","ping_status":"closed","template":"","meta":[],"product_brand":[],"product_cat":[30971,30864],"product_tag":[],"class_list":{"0":"post-66110","1":"product","2":"type-product","3":"status-publish","4":"has-post-thumbnail","6":"product_cat-hp","7":"product_cat-new-wholesales-lights","9":"first","10":"instock","11":"sale","12":"taxable","13":"shipping-taxable","14":"purchasable","15":"product-type-variable"},"_links":{"self":[{"href":"https:\/\/nexgendecors.com\/es\/wp-json\/wp\/v2\/product\/66110","targetHints":{"allow":["GET"]}}],"collection":[{"href":"https:\/\/nexgendecors.com\/es\/wp-json\/wp\/v2\/product"}],"about":[{"href":"https:\/\/nexgendecors.com\/es\/wp-json\/wp\/v2\/types\/product"}],"replies":[{"embeddable":true,"href":"https:\/\/nexgendecors.com\/es\/wp-json\/wp\/v2\/comments?post=66110"}],"version-history":[{"count":0,"href":"https:\/\/nexgendecors.com\/es\/wp-json\/wp\/v2\/product\/66110\/revisions"}],"wp:featuredmedia":[{"embeddable":true,"href":"https:\/\/nexgendecors.com\/es\/wp-json\/wp\/v2\/media\/125229"}],"wp:attachment":[{"href":"https:\/\/nexgendecors.com\/es\/wp-json\/wp\/v2\/media?parent=66110"}],"wp:term":[{"taxonomy":"product_brand","embeddable":true,"href":"https:\/\/nexgendecors.com\/es\/wp-json\/wp\/v2\/product_brand?post=66110"},{"taxonomy":"product_cat","embeddable":true,"href":"https:\/\/nexgendecors.com\/es\/wp-json\/wp\/v2\/product_cat?post=66110"},{"taxonomy":"product_tag","embeddable":true,"href":"https:\/\/nexgendecors.com\/es\/wp-json\/wp\/v2\/product_tag?post=66110"}],"curies":[{"name":"wp","href":"https:\/\/api.w.org\/{rel}","templated":true}]}}