{"id":66177,"date":"2025-01-26T03:08:22","date_gmt":"2025-01-26T03:08:22","guid":{"rendered":"https:\/\/nexgendecors.com\/product\/living-room-staircase-chandelier-long-chandelier-loft-duplex-apartment-light-luxury-nordic-modern-minimalist-villa-net-red-crystal-lamp\/"},"modified":"2025-04-06T09:02:22","modified_gmt":"2025-04-06T09:02:22","slug":"living-room-staircase-chandelier-long-chandelier-loft-duplex-apartment-light-luxury-nordic-modern-minimalist-villa-net-red-crystal-lamp","status":"publish","type":"product","link":"https:\/\/nexgendecors.com\/es\/product\/living-room-staircase-chandelier-long-chandelier-loft-duplex-apartment-light-luxury-nordic-modern-minimalist-villa-net-red-crystal-lamp\/","title":{"rendered":"Nordic Modern Crystal Chandelier for Loft Duplex Villa"},"content":{"rendered":"<ul>\n<li>\n<strong>marca<\/strong>:Luz de estrella<\/li>\n<li>\n<strong>modelo<\/strong>:Star Light Stair Chandelier<\/li>\n<li>\n<strong>fuerza<\/strong>:11W (inclusive) &#8211; 15W (inclusive)<\/li>\n<li>\n<strong>estilo<\/strong>:Europa del Norte<\/li>\n<li>\n<strong>Valor K de la temperatura de color de la fuente de luz<\/strong>:3000K<\/li>\n<li>\n<strong>Espacio aplicable<\/strong>:LOFT\/D\u00faplex Casa D\u00faplex\/Escaleras<\/li>\n<li>\n<strong>ordenar por color<\/strong>:Black round bar 6-head disc warm light 2 meters adjustable 30CM disc diameter Black round bar 6-head disc three-color light 2 meters adjustable 30CM disc diameter Black round bar single-head disc warm light 2 meters adjustable 30CM disc diameter Black square bar 6-head disc three-color light 2 meters adjustable 30CM disc diameter Gold round bar 6-head disc warm light 2 meters adjustable 30CM disc diameter Gold round bar 6-head disc three-color light 2 meters adjustable 30CM disc diameter Gold square bar 6-head disc warm light 2 meters adjustable 30CM disc diameter Gold square bar 6-head disc three-color light 2 meters adjustable 30CM disc diameter Black round bar 9-head disc warm light 3 meters adjustable 35CM disc diameter Black round bar 9-head disc three-color light 3 meters adjustable 35CM disc diameter Black square bar 9-head disc warm light 3 meters adjustable 35CM disc diameter Black square bar 9-head disc three-color light 3 meters adjustable 35CM disc diameter Gold round bar 9 disc warm light 3 meters adjustable 35CM disc diameter gold round bar 9 disc three-color light 3 meters adjustable 35CM disc diameter gold square bar 9 disc warm light 3 meters adjustable 35CM disc diameter gold square bar 9 disc three-color light 3 meters adjustable 35CM disc diameter black round bar 12 disc warm light 3 meters adjustable 40CM disc diameter black round bar 12 disc three-color light 3 meters adjustable 40CM disc diameter black square bar 12 disc warm light 3 meters adjustable 40CM disc diameter black square bar 12 disc three-color light 3 meters adjustable 40CM disc diameter gold round bar 12 disc warm light 3 meters adjustable 40CM disc diameter gold round bar 12 disc three-color light 3 meters adjustable 40CM disc diameter gold square bar 12 disc warm light 3 meters adjustable 40CM disc diameter gold square bar 12 disc three-color light 3 meters adjustable 40CM disc diameter<\/li>\n<li>\n<strong>\u00bfLa l\u00e1mpara tiene una fuente de luz?<\/strong>:S\u00ed<\/li>\n<li>\n<strong>Servicio en la ciudad<\/strong>:Log\u00edstica intraurbana de entrega puerta a puerta<\/li>\n<li>\n<strong>Voltaje<\/strong>:100 V-240 V<\/li>\n<li>\n<strong>Material principal del cuerpo de la l\u00e1mpara.<\/strong>:hierro<\/li>\n<li>\n<strong>Material principal de la pantalla de la l\u00e1mpara<\/strong>:hierro<\/li>\n<li>\n<strong>tipo de fuente de luz<\/strong>:L\u00e1mparas incandescentes, l\u00e1mparas de bajo consumo, l\u00e1mparas LED<\/li>\n<li>\n<strong>N\u00famero de fuentes de luz<\/strong>:6<\/li>\n<li>\n<strong>Tecnolog\u00eda<\/strong>:Escarchado de pintura en aerosol<\/li>\n<li>\n<strong>\u00c1rea de irradiaci\u00f3n<\/strong>:10\u33a1-15\u33a1<\/li>\n<li>\n<strong>Tipo de control<\/strong>:otro<\/li>\n<li>\n<strong>Temperatura de color<\/strong>:Luz tricolor<\/li>\n<li>\n<strong>Material auxiliar para pantallas de l\u00e1mparas<\/strong>:Vaso<\/li>\n<li>\n<strong>Per\u00edodo de garant\u00eda<\/strong>:3 a\u00f1os<\/li>\n<li>\n<strong>Material auxiliar del cuerpo de la l\u00e1mpara<\/strong>:Vaso<\/li>\n<li>\n<strong>Tipo inteligente<\/strong>:No hay soporte para smart<\/li>\n<li>\n<strong>Ya sea control inteligente<\/strong>:No<\/li>\n<li>\n<strong>Forma de la l\u00e1mpara<\/strong>:L\u00e1mpara de ara\u00f1a de l\u00ednea de pescado<\/li>\n<li>\n<strong>N\u00famero de accesorios<\/strong>:1<\/li>\n<li>\n<strong>N\u00famero de cabezales de l\u00e1mpara<\/strong>:6<\/li>\n<li>\n<strong>Tipo de l\u00e1mpara de ara\u00f1a<\/strong>:L\u00e1mpara de ara\u00f1a de cristal<\/li>\n<li>\n<strong>N\u00famero de certificado 3C<\/strong>:2024011001607990<\/li>\n<\/ul>\n<p><img><\/p>","protected":false},"excerpt":{"rendered":"<p>brand:Star Light model:Star Light Stair Chandelier power:11W (inclusive) &#8211; 15W (inclusive) style:Northern Europe Light source color temperature K value:3000K Applicable<\/p>","protected":false},"featured_media":125313,"comment_status":"open","ping_status":"closed","template":"","meta":[],"product_brand":[],"product_cat":[30971,30864],"product_tag":[],"class_list":{"0":"post-66177","1":"product","2":"type-product","3":"status-publish","4":"has-post-thumbnail","6":"product_cat-hp","7":"product_cat-new-wholesales-lights","9":"first","10":"instock","11":"taxable","12":"shipping-taxable","13":"purchasable","14":"product-type-variable"},"_links":{"self":[{"href":"https:\/\/nexgendecors.com\/es\/wp-json\/wp\/v2\/product\/66177","targetHints":{"allow":["GET"]}}],"collection":[{"href":"https:\/\/nexgendecors.com\/es\/wp-json\/wp\/v2\/product"}],"about":[{"href":"https:\/\/nexgendecors.com\/es\/wp-json\/wp\/v2\/types\/product"}],"replies":[{"embeddable":true,"href":"https:\/\/nexgendecors.com\/es\/wp-json\/wp\/v2\/comments?post=66177"}],"version-history":[{"count":0,"href":"https:\/\/nexgendecors.com\/es\/wp-json\/wp\/v2\/product\/66177\/revisions"}],"wp:featuredmedia":[{"embeddable":true,"href":"https:\/\/nexgendecors.com\/es\/wp-json\/wp\/v2\/media\/125313"}],"wp:attachment":[{"href":"https:\/\/nexgendecors.com\/es\/wp-json\/wp\/v2\/media?parent=66177"}],"wp:term":[{"taxonomy":"product_brand","embeddable":true,"href":"https:\/\/nexgendecors.com\/es\/wp-json\/wp\/v2\/product_brand?post=66177"},{"taxonomy":"product_cat","embeddable":true,"href":"https:\/\/nexgendecors.com\/es\/wp-json\/wp\/v2\/product_cat?post=66177"},{"taxonomy":"product_tag","embeddable":true,"href":"https:\/\/nexgendecors.com\/es\/wp-json\/wp\/v2\/product_tag?post=66177"}],"curies":[{"name":"wp","href":"https:\/\/api.w.org\/{rel}","templated":true}]}}