{"id":66352,"date":"2025-01-26T03:08:54","date_gmt":"2025-01-26T03:08:54","guid":{"rendered":"https:\/\/nexgendecors.com\/product\/light-luxury-black-walnut-small-square-log-solid-wood-wooden-living-room-sofa-tv-background-wall-wall-decoration-modern\/"},"modified":"2025-04-15T11:18:09","modified_gmt":"2025-04-15T11:18:09","slug":"pequeno-tronco-cuadrado-de-nogal-negro-de-lujo-ligero-madera-maciza-sala-de-estar-sofa-tv-fondo-decoracion-de-pared-moderna","status":"publish","type":"product","link":"https:\/\/nexgendecors.com\/es\/product\/pequeno-tronco-cuadrado-de-nogal-negro-de-lujo-ligero-madera-maciza-sala-de-estar-sofa-tv-fondo-decoracion-de-pared-moderna\/","title":{"rendered":"Lujo Nogal Negro 3D Cuadrado Decoraci\u00f3n de Pared"},"content":{"rendered":"<p><strong>Descripci\u00f3n<\/strong><\/p>\n<p data-mce-fragment=\"1\">La madera natural ha sido parte integral del dise\u00f1o de interiores durante siglos. Su calidez y estilo le otorgan a los espacios una belleza incomparable hasta la llegada de los azulejos con imitaci\u00f3n madera. Sin embargo, la madera real posee una autenticidad \u00fanica. Los azulejos arquitect\u00f3nicos estructurados de madera aportan la misma calidez natural a su espacio con un material manejable y f\u00e1cil de instalar. Ofrecemos diferentes variedades de azulejos de madera con diferentes apariencias y procesos de instalaci\u00f3n.<\/p>\n<p data-mce-fragment=\"1\"><span data-mce-fragment=\"1\">Todos los mosaicos de madera est\u00e1n hechos de madera natural. Son de madera aut\u00e9ntica, no de imitaci\u00f3n madera.<\/span><\/p>\n<p data-mce-fragment=\"1\"><span data-mce-fragment=\"1\">Tama\u00f1o de la hoja: 300X300 (MM)<\/span><br data-mce-fragment=\"1\"><span data-mce-fragment=\"1\">Espesor: 5-18MM<\/span><br data-mce-fragment=\"1\"><br data-mce-fragment=\"1\"><span data-mce-fragment=\"1\" style=\"text-decoration: underline;\"><strong data-mce-fragment=\"1\">Descripci\u00f3n detallada<\/strong><\/span><br data-mce-fragment=\"1\"><span data-mce-fragment=\"1\">1. Cada hoja de este mosaico mide aproximadamente 1 pie cuadrado (12 pulgadas x 12 pulgadas) por hoja.<\/span><br data-mce-fragment=\"1\"><span data-mce-fragment=\"1\">2. Malla montada sobre fibra de vidrio de alta calidad.<\/span><br data-mce-fragment=\"1\"><span data-mce-fragment=\"1\">4. F\u00e1cil instalaci\u00f3n de sus proyectos de mosaicos.<\/span><br data-mce-fragment=\"1\"><br data-mce-fragment=\"1\"><span data-mce-fragment=\"1\" style=\"text-decoration: underline;\"><strong data-mce-fragment=\"1\">Solicitud<\/strong><\/span><br data-mce-fragment=\"1\"><span data-mce-fragment=\"1\">1. Impermeable a los elementos, por lo que es ideal tanto para uso interior como exterior, por lo que la humedad no es un problema.<\/span><br data-mce-fragment=\"1\"><span data-mce-fragment=\"1\">2. Excelente para pisos y paredes.<\/span><br data-mce-fragment=\"1\"><span data-mce-fragment=\"1\">3. M\u00e1s popular en ba\u00f1os, spas, salpicaderos de cocina, fachadas de paredes y piscinas, as\u00ed como en una variedad de otras aplicaciones.<\/span><br data-mce-fragment=\"1\"><\/p>\n<p data-mce-fragment=\"1\"><span data-mce-fragment=\"1\"><meta charset=\"utf-8\"> <span data-mce-fragment=\"1\" style=\"text-decoration: underline;\"><strong data-mce-fragment=\"1\">Instalaci\u00f3n<\/strong><\/span><br data-mce-fragment=\"1\">1. Aseg\u00farese de que la superficie de la pared sea plana y limpia.<br data-mce-fragment=\"1\">2. Aplique la lechada blanca uniformemente sobre la pared con la herramienta dentada. Mientras tanto, pegue la lechada en la parte posterior del mosaico.<br data-mce-fragment=\"1\">3. Instale la l\u00e1mina de mosaico en la pared en la posici\u00f3n correcta.<br data-mce-fragment=\"1\">4. Rellene el intersticio con lechada de color ideal despu\u00e9s de que la lechada blanca se haya solidificado por completo.<br data-mce-fragment=\"1\">5. Limpie la superficie del mosaico con un plumero suave.<\/span><\/p>","protected":false},"excerpt":{"rendered":"<p>Descripci\u00f3n La madera natural ha sido parte integrante del dise\u00f1o del hogar durante siglos. La calidez y el estilo que la madera confiere a<\/p>","protected":false},"featured_media":125572,"comment_status":"open","ping_status":"closed","template":"","meta":[],"product_brand":[],"product_cat":[30971,30986,30878],"product_tag":[12259,12260],"class_list":{"0":"post-66352","1":"product","2":"type-product","3":"status-publish","4":"has-post-thumbnail","6":"product_cat-hp","7":"product_cat-tiles-wall-bricks","8":"product_cat-wall-panel","9":"product_tag-_wf_cus","10":"product_tag-_wf_exc","12":"first","13":"instock","14":"sale","15":"taxable","16":"shipping-taxable","17":"purchasable","18":"product-type-variable"},"_links":{"self":[{"href":"https:\/\/nexgendecors.com\/es\/wp-json\/wp\/v2\/product\/66352","targetHints":{"allow":["GET"]}}],"collection":[{"href":"https:\/\/nexgendecors.com\/es\/wp-json\/wp\/v2\/product"}],"about":[{"href":"https:\/\/nexgendecors.com\/es\/wp-json\/wp\/v2\/types\/product"}],"replies":[{"embeddable":true,"href":"https:\/\/nexgendecors.com\/es\/wp-json\/wp\/v2\/comments?post=66352"}],"version-history":[{"count":0,"href":"https:\/\/nexgendecors.com\/es\/wp-json\/wp\/v2\/product\/66352\/revisions"}],"wp:featuredmedia":[{"embeddable":true,"href":"https:\/\/nexgendecors.com\/es\/wp-json\/wp\/v2\/media\/125572"}],"wp:attachment":[{"href":"https:\/\/nexgendecors.com\/es\/wp-json\/wp\/v2\/media?parent=66352"}],"wp:term":[{"taxonomy":"product_brand","embeddable":true,"href":"https:\/\/nexgendecors.com\/es\/wp-json\/wp\/v2\/product_brand?post=66352"},{"taxonomy":"product_cat","embeddable":true,"href":"https:\/\/nexgendecors.com\/es\/wp-json\/wp\/v2\/product_cat?post=66352"},{"taxonomy":"product_tag","embeddable":true,"href":"https:\/\/nexgendecors.com\/es\/wp-json\/wp\/v2\/product_tag?post=66352"}],"curies":[{"name":"wp","href":"https:\/\/api.w.org\/{rel}","templated":true}]}}