{"id":66391,"date":"2025-01-26T03:09:02","date_gmt":"2025-01-26T03:09:02","guid":{"rendered":"https:\/\/nexgendecors.com\/product\/m-new-trend-trend-net-red-pvc-environmental-protection-material-music-festival-hotel-camping-courtyard-living-room-inflatable-sofa\/"},"modified":"2025-04-06T09:03:26","modified_gmt":"2025-04-06T09:03:26","slug":"m-new-trend-trend-net-red-pvc-environmental-protection-material-music-festival-hotel-camping-courtyard-living-room-inflatable-sofa","status":"publish","type":"product","link":"https:\/\/nexgendecors.com\/es\/product\/m-new-trend-trend-net-red-pvc-environmental-protection-material-music-festival-hotel-camping-courtyard-living-room-inflatable-sofa\/","title":{"rendered":"Sof\u00e1 inflable de PVC ecol\u00f3gico para festivales y el hogar"},"content":{"rendered":"<ul>\n<li>\n<strong>marca<\/strong>:otro\/otro<\/li>\n<li>\n<strong>modelo<\/strong>:Inflatable Sofa<\/li>\n<li>\n<strong>patr\u00f3n<\/strong>:Otro<\/li>\n<li>\n<strong>estilo<\/strong>:Simple y moderno<\/li>\n<li>\n<strong>N\u00famero de personas aplicable<\/strong>:individual<\/li>\n<li>\n<strong>ordenar por color<\/strong>:Transparent single seat, pink single seat, green single seat, footstool transparent, footstool pink, footstool green, side table transparent, side table pink, side table green<\/li>\n<li>\n<strong>Peso bruto<\/strong>:5kg<\/li>\n<li>\n<strong>Relleno<\/strong>:otro<\/li>\n<li>\n<strong>\u00bfEs personalizable?<\/strong>:No<\/li>\n<li>\n<strong>Combinaci\u00f3n de sof\u00e1s<\/strong>:otro<\/li>\n<li>\n<strong>Caracter\u00edsticas adicionales<\/strong>:pneumatic<\/li>\n<li>\n<strong>Adecuado<\/strong>:Adultos<\/li>\n<li>\n<strong>volumen del paquete<\/strong>:1<\/li>\n<li>\n<strong>Para la gente<\/strong>:adulto<\/li>\n<li>\n<strong>\u00bfHay taxi disponible para transporte?<\/strong>:No<\/li>\n<li>\n<strong>Posicionamiento de estilo<\/strong>:Estilo art\u00edstico<\/li>\n<li>\n<strong><\/strong>:<\/li>\n<\/ul>\n<p><img><\/p>","protected":false},"excerpt":{"rendered":"<p>Marca: otro\/otro Modelo: Sof\u00e1 inflable Patr\u00f3n: Otro Estilo: Simple y moderno N\u00famero de personas aplicables: individual Ordenar por color: Asiento individual transparente, asiento individual rosa, verde<\/p>","protected":false},"featured_media":125628,"comment_status":"open","ping_status":"closed","template":"","meta":[],"product_brand":[],"product_cat":[30902,30897,30855,30862,30971,30856,30860,30850],"product_tag":[],"class_list":{"0":"post-66391","1":"product","2":"type-product","3":"status-publish","4":"has-post-thumbnail","6":"product_cat-bs-chairs","7":"product_cat-bs-restaurant","8":"product_cat-wholesale-chairs","9":"product_cat-wholesales-hotels","10":"product_cat-hp","11":"product_cat-outdoor-furniture","12":"product_cat-wholesale-restaurant","13":"product_cat-wholesale-furniture","15":"first","16":"instock","17":"sale","18":"taxable","19":"shipping-taxable","20":"purchasable","21":"product-type-variable"},"_links":{"self":[{"href":"https:\/\/nexgendecors.com\/es\/wp-json\/wp\/v2\/product\/66391","targetHints":{"allow":["GET"]}}],"collection":[{"href":"https:\/\/nexgendecors.com\/es\/wp-json\/wp\/v2\/product"}],"about":[{"href":"https:\/\/nexgendecors.com\/es\/wp-json\/wp\/v2\/types\/product"}],"replies":[{"embeddable":true,"href":"https:\/\/nexgendecors.com\/es\/wp-json\/wp\/v2\/comments?post=66391"}],"version-history":[{"count":0,"href":"https:\/\/nexgendecors.com\/es\/wp-json\/wp\/v2\/product\/66391\/revisions"}],"wp:featuredmedia":[{"embeddable":true,"href":"https:\/\/nexgendecors.com\/es\/wp-json\/wp\/v2\/media\/125628"}],"wp:attachment":[{"href":"https:\/\/nexgendecors.com\/es\/wp-json\/wp\/v2\/media?parent=66391"}],"wp:term":[{"taxonomy":"product_brand","embeddable":true,"href":"https:\/\/nexgendecors.com\/es\/wp-json\/wp\/v2\/product_brand?post=66391"},{"taxonomy":"product_cat","embeddable":true,"href":"https:\/\/nexgendecors.com\/es\/wp-json\/wp\/v2\/product_cat?post=66391"},{"taxonomy":"product_tag","embeddable":true,"href":"https:\/\/nexgendecors.com\/es\/wp-json\/wp\/v2\/product_tag?post=66391"}],"curies":[{"name":"wp","href":"https:\/\/api.w.org\/{rel}","templated":true}]}}