{"id":66492,"date":"2025-01-26T03:09:25","date_gmt":"2025-01-26T03:09:25","guid":{"rendered":"https:\/\/nexgendecors.com\/product\/maifan-nordic-trolley-rack-mobile-sofa-side-table-with-wheels-acrylic-partition-storage-double-layer-small-side-table-2\/"},"modified":"2025-04-06T09:03:29","modified_gmt":"2025-04-06T09:03:29","slug":"estanteria-nordica-maifan-con-ruedas-para-sofa-mesa-auxiliar-movil-con-compartimentos-de-acrilico-mesa-auxiliar-pequena-de-doble-capa-2-unidades","status":"publish","type":"product","link":"https:\/\/nexgendecors.com\/es\/product\/estanteria-nordica-maifan-con-ruedas-para-sofa-mesa-auxiliar-movil-con-compartimentos-de-acrilico-mesa-auxiliar-pequena-de-doble-capa-2-unidades\/","title":{"rendered":"Mesa auxiliar n\u00f3rdica m\u00f3vil con ruedas Maifan"},"content":{"rendered":"<ul>\n<li>\n<strong>marca<\/strong>:Mai Fan<\/li>\n<li>\n<strong>modelo<\/strong>:TOY88-6033<\/li>\n<li>\n<strong>Material<\/strong>:Metal<\/li>\n<li>\n<strong>Material met\u00e1lico<\/strong>:hierro<\/li>\n<li>\n<strong>estilo<\/strong>:Europa del Norte<\/li>\n<li>\n<strong>ordenar por color<\/strong>: Blanco Naranja Negro Naranja T\u00e9 de Albaricoque Albaricoque Naranja T\u00e9 Blanco T\u00e9 Negro<\/li>\n<li>\n<strong>Tecnolog\u00eda estructural<\/strong>:Metalurgia<\/li>\n<li>\n<strong>Tecnolog\u00eda de estructuras met\u00e1licas<\/strong>:soldadura<\/li>\n<li>\n<strong>\u00bfEs personalizable?<\/strong>:No<\/li>\n<li>\n<strong>Forma de la partici\u00f3n<\/strong>:Una l\u00ednea<\/li>\n<li>\n<strong>Adecuado<\/strong>:Adultos<\/li>\n<li>\n<strong>Origen<\/strong>:Provincia de Fujian<\/li>\n<li>\n<strong>ciudad<\/strong>:Ciudad de Quanzhou<\/li>\n<li>\n<strong>volumen del paquete<\/strong>:0.5<\/li>\n<li>\n<strong>Posicionamiento de estilo<\/strong>:Estilo art\u00edstico<\/li>\n<li>\n<strong><\/strong>:<\/li>\n<\/ul>\n<p><img><\/p>","protected":false},"excerpt":{"rendered":"<p>Marca: Mai Fan Modelo: TOY88-6033 Material: Metal Material del metal: hierro Estilo: Europa del Norte Ordenar por color: Blanco Naranja Negro Naranja Albaricoque T\u00e9 Albaricoque Naranja T\u00e9 blanco<\/p>","protected":false},"featured_media":125767,"comment_status":"open","ping_status":"closed","template":"","meta":[],"product_brand":[],"product_cat":[30862,30971,30850,30854,30857],"product_tag":[],"class_list":{"0":"post-66492","1":"product","2":"type-product","3":"status-publish","4":"has-post-thumbnail","6":"product_cat-wholesales-hotels","7":"product_cat-hp","8":"product_cat-wholesale-furniture","9":"product_cat-wholesale-side-table","10":"product_cat-wholesale-sofa-table","12":"first","13":"instock","14":"sale","15":"taxable","16":"shipping-taxable","17":"purchasable","18":"product-type-variable"},"_links":{"self":[{"href":"https:\/\/nexgendecors.com\/es\/wp-json\/wp\/v2\/product\/66492","targetHints":{"allow":["GET"]}}],"collection":[{"href":"https:\/\/nexgendecors.com\/es\/wp-json\/wp\/v2\/product"}],"about":[{"href":"https:\/\/nexgendecors.com\/es\/wp-json\/wp\/v2\/types\/product"}],"replies":[{"embeddable":true,"href":"https:\/\/nexgendecors.com\/es\/wp-json\/wp\/v2\/comments?post=66492"}],"version-history":[{"count":0,"href":"https:\/\/nexgendecors.com\/es\/wp-json\/wp\/v2\/product\/66492\/revisions"}],"wp:featuredmedia":[{"embeddable":true,"href":"https:\/\/nexgendecors.com\/es\/wp-json\/wp\/v2\/media\/125767"}],"wp:attachment":[{"href":"https:\/\/nexgendecors.com\/es\/wp-json\/wp\/v2\/media?parent=66492"}],"wp:term":[{"taxonomy":"product_brand","embeddable":true,"href":"https:\/\/nexgendecors.com\/es\/wp-json\/wp\/v2\/product_brand?post=66492"},{"taxonomy":"product_cat","embeddable":true,"href":"https:\/\/nexgendecors.com\/es\/wp-json\/wp\/v2\/product_cat?post=66492"},{"taxonomy":"product_tag","embeddable":true,"href":"https:\/\/nexgendecors.com\/es\/wp-json\/wp\/v2\/product_tag?post=66492"}],"curies":[{"name":"wp","href":"https:\/\/api.w.org\/{rel}","templated":true}]}}