{"id":66786,"date":"2025-01-26T03:10:03","date_gmt":"2025-01-26T03:10:03","guid":{"rendered":"https:\/\/nexgendecors.com\/product\/marshmallow-fabric-sofa-simple-wabi-sabi-style-cream-style-straight-row-living-room-large-and-small-apartment-tofu-block-velvet-sofa\/"},"modified":"2025-04-06T09:04:11","modified_gmt":"2025-04-06T09:04:11","slug":"sofa-de-tela-de-malvavisco-estilo-wabi-sabi-sencillo-estilo-crema-hilera-recta-para-sala-de-estar-apartamento-grande-y-pequeno-sofa-de-terciopelo-con-bloques-de-tofu","status":"publish","type":"product","link":"https:\/\/nexgendecors.com\/es\/product\/sofa-de-tela-de-malvavisco-estilo-wabi-sabi-sencillo-estilo-crema-hilera-recta-para-sala-de-estar-apartamento-grande-y-pequeno-sofa-de-terciopelo-con-bloques-de-tofu\/","title":{"rendered":"Sof\u00e1 de terciopelo color crema Wabi-Sabi Marshmallow para sala de estar"},"content":{"rendered":"<ul>\n<li>\n<strong>marca<\/strong>:FA SA DI HOGAR\/FA SA DI<\/li>\n<li>\n<strong>modelo<\/strong>:Tela recta SF1014<\/li>\n<li>\n<strong>Material<\/strong>:Madera<\/li>\n<li>\n<strong>Material de madera<\/strong>:Pino<\/li>\n<li>\n<strong>Tela<\/strong>:Tela para rascar gatos<\/li>\n<li>\n<strong>patr\u00f3n<\/strong>:Otro<\/li>\n<li>\n<strong>estilo<\/strong>:Europa del Norte<\/li>\n<li>\n<strong>\u00bfCu\u00e1ntas personas se sientan?<\/strong>:30% elige coj\u00edn de esponja (pa\u00f1o rascador para gatos) 70% elige coj\u00edn de esponja de l\u00e1tex (pa\u00f1o rascador para gatos) 30% elige coj\u00edn de esponja (terciopelo de peluche) 70% elige coj\u00edn de esponja de l\u00e1tex (terciopelo de peluche)<\/li>\n<li>\n<strong>ordenar por color<\/strong>:Asiento doble grande de 1,8 m (todas las versiones se pueden enviar como muestras) Asiento triple grande de 2,1 m Asiento multipersonal de 2,4 m Asiento multipersonal de 2,7 m Asiento multipersonal de 3 m Asiento multipersonal de 3,3 m Asiento multipersonal de 3,6 m Pasamanos doble + reposapi\u00e9s<\/li>\n<li>\n<strong>Relleno<\/strong>:emulsi\u00f3n<\/li>\n<li>\n<strong>Tecnolog\u00eda estructural<\/strong>:Artesan\u00eda en madera<\/li>\n<li>\n<strong>Tecnolog\u00eda de estructura de madera<\/strong>:otro<\/li>\n<li>\n<strong>\u00bfEs personalizable?<\/strong>:No<\/li>\n<li>\n<strong>\u00bfEs desmontable y lavable?<\/strong>:No<\/li>\n<li>\n<strong>Adecuado<\/strong>:Adultos<\/li>\n<li>\n<strong>\u00bfHay espacio de almacenamiento?<\/strong>:No<\/li>\n<li>\n<strong>Armar<\/strong>:S\u00ed<\/li>\n<li>\n<strong>volumen del paquete<\/strong>:1<\/li>\n<li>\n<strong>\u00bfEst\u00e1 disponible la preventa?<\/strong>:No<\/li>\n<li>\n<strong>\u00bfHay taxi disponible para transporte?<\/strong>:No<\/li>\n<li>\n<strong>Dureza del relleno<\/strong>:suave<\/li>\n<li>\n<strong>Posicionamiento de estilo<\/strong>:Lujo de calidad<\/li>\n<li>\n<strong>Detalles de las instrucciones de instalaci\u00f3n<\/strong>:Proporcione instrucciones de instalaci\u00f3n<\/li>\n<li>\n<strong><\/strong>:<\/li>\n<\/ul>","protected":false},"excerpt":{"rendered":"<p>brand:FA SA DI HOUSEHOLD\/FA SA DI model:Straight SF1014 cloth Material:Wood Wood material:Pine Fabric:Cat scratching cloth pattern:Other style:Northern Europe How many<\/p>","protected":false},"featured_media":126031,"comment_status":"open","ping_status":"closed","template":"","meta":[],"product_brand":[],"product_cat":[30971,30850],"product_tag":[],"class_list":{"0":"post-66786","1":"product","2":"type-product","3":"status-publish","4":"has-post-thumbnail","6":"product_cat-hp","7":"product_cat-wholesale-furniture","9":"first","10":"instock","11":"taxable","12":"shipping-taxable","13":"purchasable","14":"product-type-simple"},"_links":{"self":[{"href":"https:\/\/nexgendecors.com\/es\/wp-json\/wp\/v2\/product\/66786","targetHints":{"allow":["GET"]}}],"collection":[{"href":"https:\/\/nexgendecors.com\/es\/wp-json\/wp\/v2\/product"}],"about":[{"href":"https:\/\/nexgendecors.com\/es\/wp-json\/wp\/v2\/types\/product"}],"replies":[{"embeddable":true,"href":"https:\/\/nexgendecors.com\/es\/wp-json\/wp\/v2\/comments?post=66786"}],"version-history":[{"count":0,"href":"https:\/\/nexgendecors.com\/es\/wp-json\/wp\/v2\/product\/66786\/revisions"}],"wp:featuredmedia":[{"embeddable":true,"href":"https:\/\/nexgendecors.com\/es\/wp-json\/wp\/v2\/media\/126031"}],"wp:attachment":[{"href":"https:\/\/nexgendecors.com\/es\/wp-json\/wp\/v2\/media?parent=66786"}],"wp:term":[{"taxonomy":"product_brand","embeddable":true,"href":"https:\/\/nexgendecors.com\/es\/wp-json\/wp\/v2\/product_brand?post=66786"},{"taxonomy":"product_cat","embeddable":true,"href":"https:\/\/nexgendecors.com\/es\/wp-json\/wp\/v2\/product_cat?post=66786"},{"taxonomy":"product_tag","embeddable":true,"href":"https:\/\/nexgendecors.com\/es\/wp-json\/wp\/v2\/product_tag?post=66786"}],"curies":[{"name":"wp","href":"https:\/\/api.w.org\/{rel}","templated":true}]}}