{"id":67031,"date":"2025-01-26T03:10:32","date_gmt":"2025-01-26T03:10:32","guid":{"rendered":"https:\/\/nexgendecors.com\/product\/medieval-style-rock-plate-small-round-table-home-round-dining-table-small-apartment-round-dining-table-net-celebrity-retro-negotiation-table-and-chair-combination\/"},"modified":"2025-04-06T09:04:42","modified_gmt":"2025-04-06T09:04:42","slug":"medieval-style-rock-plate-small-round-table-home-round-dining-table-small-apartment-round-dining-table-net-celebrity-retro-negotiation-table-and-chair-combination","status":"publish","type":"product","link":"https:\/\/nexgendecors.com\/es\/product\/medieval-style-rock-plate-small-round-table-home-round-dining-table-small-apartment-round-dining-table-net-celebrity-retro-negotiation-table-and-chair-combination\/","title":{"rendered":"Juego de mesa y sillas de comedor redondas medievales para espacios peque\u00f1os"},"content":{"rendered":"<ul>\n<li>\n<strong>marca<\/strong>:OLOMA<\/li>\n<li>\n<strong>modelo<\/strong>:1188<\/li>\n<li>\n<strong>estilo<\/strong>:Cl\u00e1sico<\/li>\n<li>\n<strong>Armar<\/strong>:S\u00ed<\/li>\n<li>\n<strong>\u00bfEs escalable?<\/strong>:No<\/li>\n<li>\n<strong>\u00bfEst\u00e1 disponible la preventa?<\/strong>:S\u00ed<\/li>\n<li>\n<strong>Material de acabado<\/strong>:Tabla de roca<\/li>\n<li>\n<strong>Si tiene funci\u00f3n de cocina de inducci\u00f3n<\/strong>:No<\/li>\n<li>\n<strong>volumen del paquete<\/strong>:1<\/li>\n<li>\n<strong>\u00bfEs personalizable?<\/strong>:S\u00ed<\/li>\n<li>\n<strong>forma<\/strong>:Redondo<\/li>\n<li>\n<strong>Funci\u00f3n<\/strong>:Desmontaje<\/li>\n<li>\n<strong>N\u00famero de capas<\/strong>:1 historia<\/li>\n<li>\n<strong>Posicionamiento de estilo<\/strong>:Lujo de calidad<\/li>\n<li>\n<strong>ordenar por color<\/strong>:Antique round table [0.7m] Travertine rock slab + 304 stainless steel frame Antique round table [0.8m] Travertine rock slab + 304 stainless steel frame Antique round table [0.9m] Travertine rock slab + 304 stainless steel frame Antique round table [1m] Travertine rock slab + 304 stainless steel frame Antique round table [1.1m] Travertine rock slab + 304 stainless steel frame Antique round table [1.2m] Travertine rock slab + 304 stainless steel frame [0.7m round table + 2 Sisca chairs] Combination [0.8m round table + 2 Sisca chairs] Combination [0.9m round table + 2 Sisca chairs] Combination [1m round table + 2 Sisca chairs] Combination [1.1m round table + 2 Sisca chairs] Combination [1.2m round table + 2 Sisca chairs] Combination [0. 7-meter round table + 4 Siska chairs] Combination [0.8-meter round table + 4 Siska chairs] Combination [0.9-meter round table + 4 Siska chairs] Combination [1-meter round table + 4 Siska chairs] Combination [1.1-meter round table + 4 Siska chairs] Combination [1.2-meter round table + 4 Siska chairs] Combination [0.9-meter round table + 4 ant chairs] Combination [1-meter round table + 4 ant chairs] Combination [1.1-meter round table + 4 ant chairs] Combination [1.2-meter round table + 4 ant chairs] Combination [0.9-meter round table + 4 Sonnet chairs] Combination [1-meter round table + 4 Sonnet chairs] Combination [1.1-meter round table + 4 Sonnet chairs] Combination [1.2-meter round table + 4 Sonnet chairs] Combination [More DIY matching effects] Please consult customer service for details~~ [More tabletop materials available] Please consult customer service for details~~ For more dining chairs [matching], please consult customer service~ For more dining chairs [matching 2], please consult customer service~<\/li>\n<li>\n<strong><\/strong>:<\/li>\n<\/ul>\n<p><img><\/p>","protected":false},"excerpt":{"rendered":"<p>Marca: OLOMA Modelo: 1188 Estilo: Cl\u00e1sico Ensamblaje: s\u00ed \u00bfEs escalable?: no \u00bfHay preventa disponible?: s\u00ed Material de acabado: Tablero de roca Si tiene funci\u00f3n de cocina de inducci\u00f3n: no paquete<\/p>","protected":false},"featured_media":126237,"comment_status":"open","ping_status":"closed","template":"","meta":[],"product_brand":[],"product_cat":[30855,30852,30862,30971,30860,30861],"product_tag":[],"class_list":{"0":"post-67031","1":"product","2":"type-product","3":"status-publish","4":"has-post-thumbnail","6":"product_cat-wholesale-chairs","7":"product_cat-dining-set","8":"product_cat-wholesales-hotels","9":"product_cat-hp","10":"product_cat-wholesale-restaurant","11":"product_cat-wholesale-tables","13":"first","14":"instock","15":"sale","16":"taxable","17":"shipping-taxable","18":"purchasable","19":"product-type-variable"},"_links":{"self":[{"href":"https:\/\/nexgendecors.com\/es\/wp-json\/wp\/v2\/product\/67031","targetHints":{"allow":["GET"]}}],"collection":[{"href":"https:\/\/nexgendecors.com\/es\/wp-json\/wp\/v2\/product"}],"about":[{"href":"https:\/\/nexgendecors.com\/es\/wp-json\/wp\/v2\/types\/product"}],"replies":[{"embeddable":true,"href":"https:\/\/nexgendecors.com\/es\/wp-json\/wp\/v2\/comments?post=67031"}],"version-history":[{"count":0,"href":"https:\/\/nexgendecors.com\/es\/wp-json\/wp\/v2\/product\/67031\/revisions"}],"wp:featuredmedia":[{"embeddable":true,"href":"https:\/\/nexgendecors.com\/es\/wp-json\/wp\/v2\/media\/126237"}],"wp:attachment":[{"href":"https:\/\/nexgendecors.com\/es\/wp-json\/wp\/v2\/media?parent=67031"}],"wp:term":[{"taxonomy":"product_brand","embeddable":true,"href":"https:\/\/nexgendecors.com\/es\/wp-json\/wp\/v2\/product_brand?post=67031"},{"taxonomy":"product_cat","embeddable":true,"href":"https:\/\/nexgendecors.com\/es\/wp-json\/wp\/v2\/product_cat?post=67031"},{"taxonomy":"product_tag","embeddable":true,"href":"https:\/\/nexgendecors.com\/es\/wp-json\/wp\/v2\/product_tag?post=67031"}],"curies":[{"name":"wp","href":"https:\/\/api.w.org\/{rel}","templated":true}]}}