{"id":67092,"date":"2025-01-26T03:10:40","date_gmt":"2025-01-26T03:10:40","guid":{"rendered":"https:\/\/nexgendecors.com\/product\/meeting-and-negotiation-sofa-hotel-lobby-arc-vip-club-arc-hall-reception-sales-office-sofa-combination\/"},"modified":"2025-04-06T09:04:47","modified_gmt":"2025-04-06T09:04:47","slug":"sofa-para-reuniones-y-negociaciones-arco-para-vestibulo-de-hotel-arco-para-club-vip-arco-para-sala-de-recepcion-oficina-de-ventas-combinacion-de-sofas","status":"publish","type":"product","link":"https:\/\/nexgendecors.com\/es\/product\/sofa-para-reuniones-y-negociaciones-arco-para-vestibulo-de-hotel-arco-para-club-vip-arco-para-sala-de-recepcion-oficina-de-ventas-combinacion-de-sofas\/","title":{"rendered":"Conjunto de sof\u00e1s para el vest\u00edbulo del club VIP: elegantes asientos de recepci\u00f3n"},"content":{"rendered":"<ul>\n<li>\n<strong>marca<\/strong>:#0 F\u00e1brica<\/li>\n<li>\n<strong>modelo<\/strong>:1222223<\/li>\n<li>\n<strong>Material de cuero<\/strong>:PU<\/li>\n<li>\n<strong>\u00bfHay espacio de almacenamiento?<\/strong>:No<\/li>\n<li>\n<strong>estilo<\/strong>:Europa del Norte<\/li>\n<li>\n<strong>Armar<\/strong>:No<\/li>\n<li>\n<strong>Dureza del relleno<\/strong>:Dureza y suavidad moderadas.<\/li>\n<li>\n<strong>Adecuado<\/strong>:General<\/li>\n<li>\n<strong>Distritos y condados<\/strong>:Condado de Anxi<\/li>\n<li>\n<strong>Tecnolog\u00eda estructural<\/strong>:Arte en cuero<\/li>\n<li>\n<strong>ciudad<\/strong>:Ciudad de Quanzhou<\/li>\n<li>\n<strong>Caracter\u00edsticas adicionales<\/strong>:Multifunci\u00f3n<\/li>\n<li>\n<strong>volumen del paquete<\/strong>:Un metro c\u00fabico<\/li>\n<li>\n<strong>Relleno<\/strong>:Esponja de alta resiliencia<\/li>\n<li>\n<strong>\u00bfEs personalizable?<\/strong>:S\u00ed<\/li>\n<li>\n<strong>Combinaci\u00f3n de sof\u00e1s<\/strong>:arco<\/li>\n<li>\n<strong>Material<\/strong>:Arte en cuero<\/li>\n<li>\n<strong>Detalles de las instrucciones de instalaci\u00f3n<\/strong>:No hay instrucciones de instalaci\u00f3n<\/li>\n<li>\n<strong>Origen<\/strong>:Provincia de Fujian<\/li>\n<li>\n<strong>\u00bfHay taxi disponible para transporte?<\/strong>:No<\/li>\n<li>\n<strong>Posicionamiento de estilo<\/strong>:Estilo art\u00edstico<\/li>\n<li>\n<strong>Gama de acabados de cuero<\/strong>:Cuero PU completo<\/li>\n<li>\n<strong>Entrega\/instalaci\u00f3n disponible<\/strong>:A escala nacional<\/li>\n<li>\n<strong>Proceso de acabado del cuero<\/strong>:Cuero<\/li>\n<li>\n<strong>ordenar por color<\/strong>:280 sof\u00e1 + 1 + 1 + mesa de t\u00e9 color caf\u00e9, 280 sof\u00e1 + 1 + 1 + mesa de t\u00e9 negro, 300 sof\u00e1 + 1 + 1 + mesa de t\u00e9 color caf\u00e9, 300 sof\u00e1 + 1 + 1 + mesa de t\u00e9 negro, 340 sof\u00e1 + 1 + 1 + 1 + mesa de t\u00e9 color caf\u00e9, 340 sof\u00e1 + 1 + 1 + 1 + mesa de t\u00e9 negro, 360 sof\u00e1 + 1 + 1 + 1 + mesa de t\u00e9 color caf\u00e9, 360 sof\u00e1 + 1 + 1 + 1 + mesa de t\u00e9 negro, 280 sof\u00e1 color caf\u00e9, 280 sof\u00e1 negro, 300 sof\u00e1 color caf\u00e9, 300 sof\u00e1 negro, 340 sof\u00e1 color caf\u00e9, 340 sof\u00e1 negro, 360 sof\u00e1 color caf\u00e9, 360 sof\u00e1 negro, sof\u00e1 individual color caf\u00e9, sof\u00e1 individual negro, mesa de t\u00e9 de di\u00e1metro 80<\/li>\n<li>\n<strong><\/strong>:<\/li>\n<\/ul>\n<p><img><\/p>","protected":false},"excerpt":{"rendered":"<p>brand:#0 Factory model:1222223 Leather material:PU Is there storage space?:no style:Northern Europe Assemble:no Filling hardness:Moderate hardness and softness Suitable:General Districts and<\/p>","protected":false},"featured_media":126304,"comment_status":"open","ping_status":"closed","template":"","meta":[],"product_brand":[],"product_cat":[30862,30971,30850],"product_tag":[],"class_list":{"0":"post-67092","1":"product","2":"type-product","3":"status-publish","4":"has-post-thumbnail","6":"product_cat-wholesales-hotels","7":"product_cat-hp","8":"product_cat-wholesale-furniture","10":"first","11":"instock","12":"sale","13":"taxable","14":"shipping-taxable","15":"purchasable","16":"product-type-variable"},"_links":{"self":[{"href":"https:\/\/nexgendecors.com\/es\/wp-json\/wp\/v2\/product\/67092","targetHints":{"allow":["GET"]}}],"collection":[{"href":"https:\/\/nexgendecors.com\/es\/wp-json\/wp\/v2\/product"}],"about":[{"href":"https:\/\/nexgendecors.com\/es\/wp-json\/wp\/v2\/types\/product"}],"replies":[{"embeddable":true,"href":"https:\/\/nexgendecors.com\/es\/wp-json\/wp\/v2\/comments?post=67092"}],"version-history":[{"count":0,"href":"https:\/\/nexgendecors.com\/es\/wp-json\/wp\/v2\/product\/67092\/revisions"}],"wp:featuredmedia":[{"embeddable":true,"href":"https:\/\/nexgendecors.com\/es\/wp-json\/wp\/v2\/media\/126304"}],"wp:attachment":[{"href":"https:\/\/nexgendecors.com\/es\/wp-json\/wp\/v2\/media?parent=67092"}],"wp:term":[{"taxonomy":"product_brand","embeddable":true,"href":"https:\/\/nexgendecors.com\/es\/wp-json\/wp\/v2\/product_brand?post=67092"},{"taxonomy":"product_cat","embeddable":true,"href":"https:\/\/nexgendecors.com\/es\/wp-json\/wp\/v2\/product_cat?post=67092"},{"taxonomy":"product_tag","embeddable":true,"href":"https:\/\/nexgendecors.com\/es\/wp-json\/wp\/v2\/product_tag?post=67092"}],"curies":[{"name":"wp","href":"https:\/\/api.w.org\/{rel}","templated":true}]}}