{"id":67233,"date":"2025-01-26T03:11:02","date_gmt":"2025-01-26T03:11:02","guid":{"rendered":"https:\/\/nexgendecors.com\/product\/metal-glazed-future-stone-tile-restaurant-hotel-club-light-luxury-background-wall-brick-villa-porch-personality-characteristic-brick\/"},"modified":"2025-04-15T11:18:09","modified_gmt":"2025-04-15T11:18:09","slug":"metal-glazed-future-stone-tile-restaurant-hotel-club-light-luxury-background-wall-brick-villa-porch-personality-characteristic-brick","status":"publish","type":"product","link":"https:\/\/nexgendecors.com\/es\/product\/metal-glazed-future-stone-tile-restaurant-hotel-club-light-luxury-background-wall-brick-villa-porch-personality-characteristic-brick\/","title":{"rendered":"Azulejos de piedra esmaltada con metal para espacios lujosos"},"content":{"rendered":"<div id=\"J_BrandAttr\">\n<div class=\"name\">\n<font style=\"vertical-align: inherit;\"><font style=\"vertical-align: inherit;\">Nombre de la marca: <\/font><\/font><b class=\"J_EbrandLogo\" target=\"_blank\" href=\"\/\/brand.tmall.com\/brandInfo.htm?brandId=38744885&#038;type=0&#038;scm=1048.1.1.4\"><font style=\"vertical-align: inherit;\"><font style=\"vertical-align: inherit;\">Kashuo<\/font><\/font><\/b>\n<\/div>\n<\/div>\n<p><em><font style=\"vertical-align: inherit;\"><font style=\"vertical-align: inherit;\">Par\u00e1metros del producto:<\/font><\/font><\/em><\/p>\n<ul id=\"J_AttrUL\">\n<li title=\"\u00a0Fireproof Moistureproof\"><font style=\"vertical-align: inherit;\"><font style=\"vertical-align: inherit;\">Special purpose: fireproof moistureproof<\/font><\/font><\/li>\n<li id=\"J_attrBrandName\" title=\"\u00a0Kashuo\"><font style=\"vertical-align: inherit;\"><font style=\"vertical-align: inherit;\">Marca: Kashuo<\/font><\/font><\/li>\n<li title=\"\u00a0Metal glaze future stone\"><font style=\"vertical-align: inherit;\"><font style=\"vertical-align: inherit;\">Model: Metal glaze future stone<\/font><\/font><\/li>\n<li title=\"\u00a0metal lookglazed\"><font style=\"vertical-align: inherit;\"><font style=\"vertical-align: inherit;\">Pattern: Imitation metal glaze<\/font><\/font><\/li>\n<li title=\"\u00a0Sencillo y moderno\"><font style=\"vertical-align: inherit;\"><font style=\"vertical-align: inherit;\">Estilo: sencillo y moderno.<\/font><\/font><\/li>\n<li title=\"\u00a0China continental\"><font style=\"vertical-align: inherit;\"><font style=\"vertical-align: inherit;\">Origen: China continental<\/font><\/font><\/li>\n<li title=\"\u00a0205X49\"><font style=\"vertical-align: inherit;\"><font style=\"vertical-align: inherit;\">Size: 205X49<\/font><\/font><\/li>\n<li title=\"\u00a0pared interior\"><font style=\"vertical-align: inherit;\"><font style=\"vertical-align: inherit;\">Espacio aplicable: pared interior.<\/font><\/font><\/li>\n<li title=\"\u00a0Golden future stone Iron gray future stone\"><font style=\"vertical-align: inherit;\"><font style=\"vertical-align: inherit;\">Color classification: Golden future stone, iron gray future stone<\/font><\/font><\/li>\n<li title=\"\u00a0Los compradores de la misma ciudad vienen a recoger la mercanc\u00eda.\"><font style=\"vertical-align: inherit;\"><font style=\"vertical-align: inherit;\">Servicio en la misma ciudad: Los compradores de la misma ciudad vienen a recoger la mercanc\u00eda.<\/font><\/font><\/li>\n<li title=\"\u00a0background wall balcony restaurant\"><font style=\"vertical-align: inherit;\"><font style=\"vertical-align: inherit;\">Decoration space classification: background wall balcony restaurant<\/font><\/font><\/li>\n<li title=\"\u00a049 mm\"><font style=\"vertical-align: inherit;\"><font style=\"vertical-align: inherit;\">Ancho de cada pieza (mm): 49 mm<\/font><\/font><\/li>\n<li title=\"\u00a0205mm\"><font style=\"vertical-align: inherit;\"><font style=\"vertical-align: inherit;\">Length of each piece (mm): 205mm<\/font><\/font><\/li>\n<li title=\"\u00a00.008\u33a1\"><font style=\"vertical-align: inherit;\"><font style=\"vertical-align: inherit;\">Pricing unit: 0.008\u33a1<\/font><\/font><\/li>\n<li title=\"\u00a00,5% o m\u00e1s\"><font style=\"vertical-align: inherit;\"><font style=\"vertical-align: inherit;\">Absorci\u00f3n de agua: m\u00e1s de 0,5%<\/font><\/font><\/li>\n<li title=\"\u00a0El corte de muestra es gratuito y el flete corre por su cuenta.\"><font style=\"vertical-align: inherit;\"><font style=\"vertical-align: inherit;\">Si desea enviar muestras: el corte de muestra es gratuito, el flete corre por su cuenta<\/font><\/font><\/li>\n<p>                                \t\t\t\t\t\t\t\t\t\t\t\t\t\t\t\t\t\t\t\t\t                        <!-- \u5065\u5b57\u53f7\u76f8\u5173-->\t\t\t\t\t\t\t    <\/ul>","protected":false},"excerpt":{"rendered":"<p>Marca: Kashuo Par\u00e1metros del producto: Prop\u00f3sito especial: ign\u00edfugo y a prueba de humedad Marca: Kashuo Modelo: Piedra del futuro con esmalte de metal Patr\u00f3n: Esmalte de metal de imitaci\u00f3n<\/p>","protected":false},"featured_media":126467,"comment_status":"open","ping_status":"closed","template":"","meta":[],"product_brand":[],"product_cat":[30971,30986,30878],"product_tag":[],"class_list":{"0":"post-67233","1":"product","2":"type-product","3":"status-publish","4":"has-post-thumbnail","6":"product_cat-hp","7":"product_cat-tiles-wall-bricks","8":"product_cat-wall-panel","10":"first","11":"instock","12":"sale","13":"taxable","14":"shipping-taxable","15":"purchasable","16":"product-type-variable"},"_links":{"self":[{"href":"https:\/\/nexgendecors.com\/es\/wp-json\/wp\/v2\/product\/67233","targetHints":{"allow":["GET"]}}],"collection":[{"href":"https:\/\/nexgendecors.com\/es\/wp-json\/wp\/v2\/product"}],"about":[{"href":"https:\/\/nexgendecors.com\/es\/wp-json\/wp\/v2\/types\/product"}],"replies":[{"embeddable":true,"href":"https:\/\/nexgendecors.com\/es\/wp-json\/wp\/v2\/comments?post=67233"}],"version-history":[{"count":0,"href":"https:\/\/nexgendecors.com\/es\/wp-json\/wp\/v2\/product\/67233\/revisions"}],"wp:featuredmedia":[{"embeddable":true,"href":"https:\/\/nexgendecors.com\/es\/wp-json\/wp\/v2\/media\/126467"}],"wp:attachment":[{"href":"https:\/\/nexgendecors.com\/es\/wp-json\/wp\/v2\/media?parent=67233"}],"wp:term":[{"taxonomy":"product_brand","embeddable":true,"href":"https:\/\/nexgendecors.com\/es\/wp-json\/wp\/v2\/product_brand?post=67233"},{"taxonomy":"product_cat","embeddable":true,"href":"https:\/\/nexgendecors.com\/es\/wp-json\/wp\/v2\/product_cat?post=67233"},{"taxonomy":"product_tag","embeddable":true,"href":"https:\/\/nexgendecors.com\/es\/wp-json\/wp\/v2\/product_tag?post=67233"}],"curies":[{"name":"wp","href":"https:\/\/api.w.org\/{rel}","templated":true}]}}