{"id":67401,"date":"2025-01-26T03:11:18","date_gmt":"2025-01-26T03:11:18","guid":{"rendered":"https:\/\/nexgendecors.com\/product\/mf-internet-celebrity-restaurant-dining-table-and-chair-combination-hotel-chinese-and-western-food-bar-cafe-solid-wood-rattan-table-and-chair-1\/"},"modified":"2025-04-06T09:05:45","modified_gmt":"2025-04-06T09:05:45","slug":"mesa-y-silla-de-comedor-para-restaurante-de-celebridades-de-internet-mf-combinacion-de-hotel-comida-china-y-occidental-bar-cafeteria-mesa-y-silla-de-ratan-de-madera-maciza-1","status":"publish","type":"product","link":"https:\/\/nexgendecors.com\/es\/product\/mesa-y-silla-de-comedor-para-restaurante-de-celebridades-de-internet-mf-combinacion-de-hotel-comida-china-y-occidental-bar-cafeteria-mesa-y-silla-de-ratan-de-madera-maciza-1\/","title":{"rendered":"Juego de comedor de rat\u00e1n de madera maciza MF para cafeter\u00eda y restaurante"},"content":{"rendered":"<ul>\n<li>\n<strong>marca<\/strong>:otro\/otro<\/li>\n<li>\n<strong>modelo<\/strong>:jbt002<\/li>\n<li>\n<strong>estilo<\/strong>:Moderno y sencillo<\/li>\n<li>\n<strong>Origen<\/strong>:Provincia de Fujian<\/li>\n<li>\n<strong>Tipo de paquete<\/strong>:Est\u00e1ndar oficial<\/li>\n<li>\n<strong>ordenar por color<\/strong>:Silla Chiang Mai color nogal, Silla Pierre color nogal, Silla Tuomu color nogal, Silla con impresi\u00f3n de campo de trigo color nogal, Silla Wave color nogal, Silla redonda Nanyang color nogal, Silla Pattaya color nogal, Silla Sun Garland color nogal, Silla Lushan sin reposabrazos color nogal, Silla Lushan color nogal, Silla Naisha color nogal, Silla de caf\u00e9 para m\u00e1quina de coser, Silla Milo sin reposabrazos color nogal, Silla Milo color nogal, Silla Sentosa color nogal, Silla Grand Palace color nogal, Silla Patan color nogal, Tablero multicapa de madera de eucalipto 60, chasis de escritorio 40, aproximadamente 11,6 kg, Tablero multicapa de madera de eucalipto 70, chasis con peso de 45, aproximadamente 18,5 kg, Tablero multicapa de madera de eucalipto 80, chasis con peso de 45, aproximadamente 22,5 kg, Tablero multicapa de madera de eucalipto 90, chasis con peso de 50, aproximadamente 29,5 kg, Tablero multicapa de madera de eucalipto 100, chasis con peso de 100 50 chasis con peso de aproximadamente 33,5 kg, todo tablero multicapa de madera de eucalipto Escritorio de 120 X 60 de largo Patas de mesa de 40 de aproximadamente 20 kg, todo multicapa de eucalipto Escritorio de 140 X 80 de largo Patas de mesa con peso de 45 de aproximadamente 39 kg, todo multicapa de eucalipto Escritorio de 160 X 80 de largo Patas de mesa con peso de 45 de aproximadamente 42 kg, todo multicapa de eucalipto Escritorio de 60 Chasis de placa de acero con peso de 40 de aproximadamente 14 kg, todo multicapa de eucalipto Escritorio de 70 Chasis de placa de acero con peso de 45 de aproximadamente 20 kg, todo multicapa de eucalipto Escritorio de 80 Chasis de placa de acero con peso de 45 de aproximadamente 24 kg, todo multicapa de eucalipto Escritorio de 90 Chasis de placa de acero con peso de 50 de aproximadamente 31 kg, todo multicapa de eucalipto Escritorio de 120 X 60 de largo Chasis de placa de acero con peso de aproximadamente 27 kg, todo eucalipto Tablero de mesa multicapa de 140 X 80 de largo con chasis de placa de acero pesado que pesa aproximadamente 34 kg, tablero multicapa de eucalipto de 70 pulgadas con patas de madera maciza, tablero multicapa de eucalipto de 140 X 70 pulgadas con patas de madera maciza, sof\u00e1 de rat\u00e1n Luz\u00f3n, modelo de suelo de cabina de rat\u00e1n y coco, modelo de pata recta de cabina de rat\u00e1n y coco, modelo de placa curva de cabina de rat\u00e1n de palma, modelo de rat\u00e1n completo de cabina de rat\u00e1n de palma, modelo de respaldo recto de cabina de rat\u00e1n Semporna, modelo de respaldo curvo de cabina de rat\u00e1n Semporna, cabina de rat\u00e1n Malacca, tablero multicapa de eucalipto, mesa cuadrada de 60 pulgadas, chasis de 40, silla Pierre de 2 piezas, tablero multicapa de eucalipto, mesa cuadrada de 70 pulgadas con chasis pesado, silla Pierre de 2 piezas, tablero multicapa de eucalipto, mesa cuadrada de 80 pulgadas, 2 sillas Pierre con chasis pesado, 4 sillas Pierre con chasis de 40 pulgadas en mesas largas de 120 pulgadas hechas de tableros multicapa de madera de eucalipto, 2 sillas Pierre con Patas pesadas en mesas cuadradas de 60 pulgadas hechas de tableros multicapa de madera de eucalipto, 2 sillas Pierre con patas pesadas en mesas cuadradas de 70 pulgadas hechas de tableros multicapa de madera de eucalipto, 2 sillas Pierre con patas pesadas en mesas cuadradas de 80 pulgadas hechas de tableros multicapa de madera de eucalipto, 4 sillas Pierre con patas pesadas en mesas largas de 120 pulgadas hechas de tableros multicapa de madera de eucalipto, 4 sillas Pierre con patas pesadas en mesas largas de 140 pulgadas hechas de tableros multicapa de madera de eucalipto, 2 sillas Pierre con mesas cuadradas de 70 pulgadas hechas de tableros multicapa de madera de eucalipto, 4 sillas Pierre con patas pesadas en mesas largas de 140 pulgadas hechas de tableros multicapa de madera de eucalipto, personalizado<\/li>\n<\/ul>","protected":false},"excerpt":{"rendered":"<p>Marca: otro\/otro Modelo: jbt002 Estilo: moderno y sencillo Origen: provincia de Fujian Tipo de paquete: est\u00e1ndar oficial Ordenar por color: silla Chiang Mai color nogal, silla Pierre color nogal<\/p>","protected":false},"featured_media":126664,"comment_status":"open","ping_status":"closed","template":"","meta":[],"product_brand":[],"product_cat":[30897,30971,30860,30850],"product_tag":[],"class_list":{"0":"post-67401","1":"product","2":"type-product","3":"status-publish","4":"has-post-thumbnail","6":"product_cat-bs-restaurant","7":"product_cat-hp","8":"product_cat-wholesale-restaurant","9":"product_cat-wholesale-furniture","11":"first","12":"instock","13":"sale","14":"taxable","15":"shipping-taxable","16":"purchasable","17":"product-type-variable"},"_links":{"self":[{"href":"https:\/\/nexgendecors.com\/es\/wp-json\/wp\/v2\/product\/67401","targetHints":{"allow":["GET"]}}],"collection":[{"href":"https:\/\/nexgendecors.com\/es\/wp-json\/wp\/v2\/product"}],"about":[{"href":"https:\/\/nexgendecors.com\/es\/wp-json\/wp\/v2\/types\/product"}],"replies":[{"embeddable":true,"href":"https:\/\/nexgendecors.com\/es\/wp-json\/wp\/v2\/comments?post=67401"}],"version-history":[{"count":0,"href":"https:\/\/nexgendecors.com\/es\/wp-json\/wp\/v2\/product\/67401\/revisions"}],"wp:featuredmedia":[{"embeddable":true,"href":"https:\/\/nexgendecors.com\/es\/wp-json\/wp\/v2\/media\/126664"}],"wp:attachment":[{"href":"https:\/\/nexgendecors.com\/es\/wp-json\/wp\/v2\/media?parent=67401"}],"wp:term":[{"taxonomy":"product_brand","embeddable":true,"href":"https:\/\/nexgendecors.com\/es\/wp-json\/wp\/v2\/product_brand?post=67401"},{"taxonomy":"product_cat","embeddable":true,"href":"https:\/\/nexgendecors.com\/es\/wp-json\/wp\/v2\/product_cat?post=67401"},{"taxonomy":"product_tag","embeddable":true,"href":"https:\/\/nexgendecors.com\/es\/wp-json\/wp\/v2\/product_tag?post=67401"}],"curies":[{"name":"wp","href":"https:\/\/api.w.org\/{rel}","templated":true}]}}