{"id":67692,"date":"2025-01-26T03:11:44","date_gmt":"2025-01-26T03:11:44","guid":{"rendered":"https:\/\/nexgendecors.com\/product\/mid-century-modern-upholstered-dining-chairs-with-arms-set-of-2-faux-leather-accent-chairs-with-black-finish-metal-frame-19-wide-arm-chairs-for-living-room-kitchen-bedroom-black1711879083762\/"},"modified":"2025-03-11T06:21:22","modified_gmt":"2025-03-11T06:21:22","slug":"juego-de-2-sillas-de-comedor-tapizadas-modernas-de-mediados-de-siglo-con-brazos-sillas-decorativas-de-cuero-sintetico-con-acabado-negro-estructura-de-metal-19-sillones-anchos-para-sala-de-estar-co","status":"publish","type":"product","link":"https:\/\/nexgendecors.com\/es\/product\/juego-de-2-sillas-de-comedor-tapizadas-modernas-de-mediados-de-siglo-con-brazos-sillas-decorativas-de-cuero-sintetico-con-acabado-negro-estructura-de-metal-19-sillones-anchos-para-sala-de-estar-co\/","title":{"rendered":"Juego de 2 sillas de comedor modernas de cuero sint\u00e9tico de mediados de siglo"},"content":{"rendered":"<p data-mce-fragment=\"1\">\ud83e\ude91 <strong data-mce-fragment=\"1\">La comodidad se une a la ergonom\u00eda<\/strong>:<\/p>\n<ul data-mce-fragment=\"1\">\n<li data-mce-fragment=\"1\">Asiento de 19\u2033 de ancho generosamente acolchado con esponja suave y gruesa que garantiza una comodidad y relajaci\u00f3n \u00f3ptimas \ud83d\ude0c<\/li>\n<li data-mce-fragment=\"1\">El dise\u00f1o de espalda curvada libera la presi\u00f3n de la espalda y favorece una postura saludable \ud83c\udf31<\/li>\n<li data-mce-fragment=\"1\">Los reposabrazos integrados en ambos lados ayudan a levantarse f\u00e1cilmente \ud83e\udd17<\/li>\n<\/ul>\n<p data-mce-fragment=\"1\">\ud83c\udfa8 <strong data-mce-fragment=\"1\">Dise\u00f1o moderno y elegante<\/strong>:<\/p>\n<ul data-mce-fragment=\"1\">\n<li data-mce-fragment=\"1\">La tapicer\u00eda inspirada en el cuero ofrece un aspecto atemporal con elegantes detalles cosidos \ud83e\uddf5<\/li>\n<li data-mce-fragment=\"1\">El tono s\u00f3lido cl\u00e1sico complementa cualquier decoraci\u00f3n de comedor o cocina \ud83c\udfe0<\/li>\n<\/ul>\n<p data-mce-fragment=\"1\">\ud83d\udcaa <strong data-mce-fragment=\"1\">Robusto y confiable<\/strong>:<\/p>\n<ul data-mce-fragment=\"1\">\n<li data-mce-fragment=\"1\">El robusto marco de metal con un elegante acabado negro garantiza durabilidad y longevidad \ud83d\udee0\ufe0f<\/li>\n<li data-mce-fragment=\"1\">Cada silla tiene una capacidad de peso de hasta 300 libras \ud83d\udcba<\/li>\n<li data-mce-fragment=\"1\">Las almohadillas antirayaduras debajo de las patas protegen sus valiosos pisos contra raspaduras y rayones \ud83d\udee1\ufe0f<\/li>\n<\/ul>\n<p data-mce-fragment=\"1\">\ud83c\udf7d\ufe0f <strong data-mce-fragment=\"1\">Silla de comedor vers\u00e1til<\/strong>:<\/p>\n<ul data-mce-fragment=\"1\">\n<li data-mce-fragment=\"1\">Se vende como un juego de 2, perfecto para la cocina, el comedor, la oficina en casa, el restaurante o los espacios comerciales \ud83c\udf74<\/li>\n<li data-mce-fragment=\"1\">Dise\u00f1o vers\u00e1til que se adapta perfectamente a cualquier entorno o residencia \ud83c\udfe2<\/li>\n<\/ul>\n<p data-mce-fragment=\"1\">\ud83d\udccf <strong data-mce-fragment=\"1\">Dimensiones y f\u00e1cil montaje<\/strong>:<\/p>\n<ul data-mce-fragment=\"1\">\n<li data-mce-fragment=\"1\">Dimensiones generales: 22,75\u2033 (profundidad) x 22,75\u2033 (ancho) x 33,5\u2033 (alto) \ud83d\udcd0<\/li>\n<li data-mce-fragment=\"1\">Dimensiones del asiento: 18,5\u2033 (profundidad) x 19\u2033 (ancho) x 20\u2033 (alto) \ud83e\ude91<\/li>\n<li data-mce-fragment=\"1\">Requiere ensamblaje parcial, viene con instrucciones f\u00e1ciles de seguir \ud83d\udee0\ufe0f<\/li>\n<\/ul>\n<div><\/div>","protected":false},"excerpt":{"rendered":"<p>\ud83e\ude91 Comfort Meets Ergonomics: Generously padded 19&#8243; wide seat with thick soft sponge ensures optimal comfort and relaxation \ud83d\ude0c Curved<\/p>","protected":false},"featured_media":126859,"comment_status":"open","ping_status":"closed","template":"","meta":[],"product_brand":[],"product_cat":[30825,30826,30971,32],"product_tag":[],"class_list":{"0":"post-67692","1":"product","2":"type-product","3":"status-publish","4":"has-post-thumbnail","6":"product_cat-dining-chairs","7":"product_cat-dining-room","8":"product_cat-hp","9":"product_cat-residential-furniture","11":"first","12":"instock","13":"sale","14":"taxable","15":"shipping-taxable","16":"purchasable","17":"product-type-variable"},"_links":{"self":[{"href":"https:\/\/nexgendecors.com\/es\/wp-json\/wp\/v2\/product\/67692","targetHints":{"allow":["GET"]}}],"collection":[{"href":"https:\/\/nexgendecors.com\/es\/wp-json\/wp\/v2\/product"}],"about":[{"href":"https:\/\/nexgendecors.com\/es\/wp-json\/wp\/v2\/types\/product"}],"replies":[{"embeddable":true,"href":"https:\/\/nexgendecors.com\/es\/wp-json\/wp\/v2\/comments?post=67692"}],"version-history":[{"count":0,"href":"https:\/\/nexgendecors.com\/es\/wp-json\/wp\/v2\/product\/67692\/revisions"}],"wp:featuredmedia":[{"embeddable":true,"href":"https:\/\/nexgendecors.com\/es\/wp-json\/wp\/v2\/media\/126859"}],"wp:attachment":[{"href":"https:\/\/nexgendecors.com\/es\/wp-json\/wp\/v2\/media?parent=67692"}],"wp:term":[{"taxonomy":"product_brand","embeddable":true,"href":"https:\/\/nexgendecors.com\/es\/wp-json\/wp\/v2\/product_brand?post=67692"},{"taxonomy":"product_cat","embeddable":true,"href":"https:\/\/nexgendecors.com\/es\/wp-json\/wp\/v2\/product_cat?post=67692"},{"taxonomy":"product_tag","embeddable":true,"href":"https:\/\/nexgendecors.com\/es\/wp-json\/wp\/v2\/product_tag?post=67692"}],"curies":[{"name":"wp","href":"https:\/\/api.w.org\/{rel}","templated":true}]}}