{"id":67781,"date":"2025-01-26T03:11:54","date_gmt":"2025-01-26T03:11:54","guid":{"rendered":"https:\/\/nexgendecors.com\/product\/milk-tea-shop-tables-and-chairs-iron-net-celebrity-booth-sofa-coffee-shop-reception-area-industrial-style-negotiation-oil-barrel-table-and-chair-combination\/"},"modified":"2025-04-06T09:06:23","modified_gmt":"2025-04-06T09:06:23","slug":"mesas-y-sillas-de-tienda-de-te-con-leche-red-de-hierro-cabina-de-celebridades-sofa-cafeteria-area-de-recepcion-estilo-industrial-negociacion-barril-de-aceite-combinacion-de-mesa-y-silla","status":"publish","type":"product","link":"https:\/\/nexgendecors.com\/es\/product\/mesas-y-sillas-de-tienda-de-te-con-leche-red-de-hierro-cabina-de-celebridades-sofa-cafeteria-area-de-recepcion-estilo-industrial-negociacion-barril-de-aceite-combinacion-de-mesa-y-silla\/","title":{"rendered":"Conjunto de sof\u00e1 y mesa de barril de estilo industrial con red de hierro"},"content":{"rendered":"<ul>\n<li>\n<strong>marca<\/strong>:Ircustom<\/li>\n<li>\n<strong>modelo<\/strong>:Tarjetero ZY13<\/li>\n<li>\n<strong>Funci\u00f3n<\/strong>:Multifunci\u00f3n<\/li>\n<li>\n<strong>patr\u00f3n<\/strong>:LOGOTIPO DE LA MARCA<\/li>\n<li>\n<strong>estilo<\/strong>:Europa del Norte<\/li>\n<li>\n<strong>forma<\/strong>:Redondo<\/li>\n<li>\n<strong>N\u00famero de personas aplicable<\/strong>:4 personas<\/li>\n<li>\n<strong>elementos populares<\/strong>:Desgastado,Otro,Dise\u00f1o maestro,Empalme,Metal<\/li>\n<li>\n<strong>Tipo de embalaje<\/strong>:Embalar<\/li>\n<li>\n<strong>ordenar por color<\/strong>:Sof\u00e1 individual 60*60*58, mesa de centro individual 70*70*43, mesa de centro con barril de aceite 58*58*60, combinaci\u00f3n de taburete con barril de aceite, combinaci\u00f3n (1 mesa de centro y 2 sof\u00e1s individuales), combinaci\u00f3n (1 mesa de centro y 3 sof\u00e1s individuales), combinaci\u00f3n (1 mesa de centro y 4 sof\u00e1s individuales), combinaci\u00f3n roja (1 mesa de centro y 3 sof\u00e1s individuales), combinaci\u00f3n plateada (1 mesa de centro y 3 sof\u00e1s individuales), combinaci\u00f3n naranja (1 mesa de centro y 3 sof\u00e1s individuales), combinaci\u00f3n azul oscuro (1 mesa de centro y 3 sof\u00e1s individuales)<\/li>\n<li>\n<strong>Material de acabado<\/strong>:cuero<\/li>\n<li>\n<strong>\u00bfEs escalable?<\/strong>:No<\/li>\n<li>\n<strong>\u00bfEs personalizable?<\/strong>:S\u00ed<\/li>\n<li>\n<strong>Si llevar un tocadiscos<\/strong>:No<\/li>\n<li>\n<strong>\u00bfEl escritorio es ajustable?<\/strong>:No<\/li>\n<li>\n<strong>Ya sea con rodillo<\/strong>:No<\/li>\n<li>\n<strong>Si llevar bomba<\/strong>:No<\/li>\n<li>\n<strong>\u00bfHay un gabinete?<\/strong>:No<\/li>\n<li>\n<strong>N\u00famero de capas<\/strong>:1 historia<\/li>\n<li>\n<strong>Estructura del mobiliario<\/strong>:Estructura<\/li>\n<li>\n<strong>Si traer una silla o un taburete<\/strong>:No<\/li>\n<li>\n<strong>Entrega\/instalaci\u00f3n disponible<\/strong>:Otros, Beijing, Chongqing, Shanghai, Tianjin, Shenzhen, Chengdu, Shenyang, Dalian, Harbin, Nanjing, Wuxi, Changzhou, Suzhou, Hangzhou, Ningbo, Wenzhou, Jinhua, Taizhou, Fuzhou, Xiamen, Nanchang, Qingdao, Zhengzhou, Wuhan, Changsha, Guangzhou, Foshan, Dongguan, Nanning, Guiyang, Xi&#039;an<\/li>\n<li>\n<strong>Origen<\/strong>:Provincia de Fujian<\/li>\n<li>\n<strong>ciudad<\/strong>:Ciudad de Quanzhou<\/li>\n<li>\n<strong>Distritos y condados<\/strong>:Condado de Anxi<\/li>\n<li>\n<strong>Armar<\/strong>:No<\/li>\n<li>\n<strong>volumen del paquete<\/strong>:1<\/li>\n<li>\n<strong>\u00bfHay taxi disponible para transporte?<\/strong>:S\u00ed<\/li>\n<li>\n<strong>Posicionamiento de estilo<\/strong>:Estilo art\u00edstico<\/li>\n<li>\n<strong>Detalles de las instrucciones de instalaci\u00f3n<\/strong>:Proporcione instrucciones de instalaci\u00f3n<\/li>\n<li>\n<strong>Peso bruto<\/strong>:1 kilo<\/li>\n<li>\n<strong>tama\u00f1o<\/strong>:1x1x1cm<\/li>\n<li>\n<strong>Si tiene funci\u00f3n de cocina de inducci\u00f3n<\/strong>:No<\/li>\n<li>\n<strong><\/strong>:<\/li>\n<\/ul>\n<p><img><\/p>","protected":false},"excerpt":{"rendered":"<p>Marca: Ircustom Modelo: Tarjetero ZY13 Funci\u00f3n: Multifunci\u00f3n Patr\u00f3n: Logotipo de la marca Estilo: Norte de Europa Forma: Redonda N\u00famero aplicable de personas: 4 personas Elementos populares: Desgastado, Otro, Dise\u00f1o maestro, Empalme, Metal Tipo de embalaje: Paquete<\/p>","protected":false},"featured_media":126905,"comment_status":"open","ping_status":"closed","template":"","meta":[],"product_brand":[],"product_cat":[30897,30971,30860],"product_tag":[],"class_list":{"0":"post-67781","1":"product","2":"type-product","3":"status-publish","4":"has-post-thumbnail","6":"product_cat-bs-restaurant","7":"product_cat-hp","8":"product_cat-wholesale-restaurant","10":"first","11":"instock","12":"sale","13":"taxable","14":"shipping-taxable","15":"purchasable","16":"product-type-variable"},"_links":{"self":[{"href":"https:\/\/nexgendecors.com\/es\/wp-json\/wp\/v2\/product\/67781","targetHints":{"allow":["GET"]}}],"collection":[{"href":"https:\/\/nexgendecors.com\/es\/wp-json\/wp\/v2\/product"}],"about":[{"href":"https:\/\/nexgendecors.com\/es\/wp-json\/wp\/v2\/types\/product"}],"replies":[{"embeddable":true,"href":"https:\/\/nexgendecors.com\/es\/wp-json\/wp\/v2\/comments?post=67781"}],"version-history":[{"count":0,"href":"https:\/\/nexgendecors.com\/es\/wp-json\/wp\/v2\/product\/67781\/revisions"}],"wp:featuredmedia":[{"embeddable":true,"href":"https:\/\/nexgendecors.com\/es\/wp-json\/wp\/v2\/media\/126905"}],"wp:attachment":[{"href":"https:\/\/nexgendecors.com\/es\/wp-json\/wp\/v2\/media?parent=67781"}],"wp:term":[{"taxonomy":"product_brand","embeddable":true,"href":"https:\/\/nexgendecors.com\/es\/wp-json\/wp\/v2\/product_brand?post=67781"},{"taxonomy":"product_cat","embeddable":true,"href":"https:\/\/nexgendecors.com\/es\/wp-json\/wp\/v2\/product_cat?post=67781"},{"taxonomy":"product_tag","embeddable":true,"href":"https:\/\/nexgendecors.com\/es\/wp-json\/wp\/v2\/product_tag?post=67781"}],"curies":[{"name":"wp","href":"https:\/\/api.w.org\/{rel}","templated":true}]}}