{"id":67804,"date":"2025-01-26T03:12:01","date_gmt":"2025-01-26T03:12:01","guid":{"rendered":"https:\/\/nexgendecors.com\/product\/milliard-5-in-memory-foam-mattress-twin-for-bunk-bed-daybed-trundle-or-folding-bed-replacement-21712157124935\/"},"modified":"2025-04-06T09:06:38","modified_gmt":"2025-04-06T09:06:38","slug":"colchon-de-espuma-viscoelastica-milliard-de-5-pulgadas-tamano-individual-para-litera-sofa-cama-cama-nido-o-cama-plegable-reemplazo-21712157124935","status":"publish","type":"product","link":"https:\/\/nexgendecors.com\/es\/product\/colchon-de-espuma-viscoelastica-milliard-de-5-pulgadas-tamano-individual-para-litera-sofa-cama-cama-nido-o-cama-plegable-reemplazo-21712157124935\/","title":{"rendered":"Colch\u00f3n de espuma viscoel\u00e1stica Milliard Twin de 5\u2033 para literas"},"content":{"rendered":"<p>\ud83c\udf1f Mejore su experiencia de sue\u00f1o con el colch\u00f3n de espuma viscoel\u00e1stica de Milliard: \u00a1una opci\u00f3n c\u00f3moda y econ\u00f3mica para una noche de sue\u00f1o reparador! \ud83c\udf1f<br data-mce-fragment=\"1\"><br data-mce-fragment=\"1\">**Soporte Superior**: Disfrute de un sue\u00f1o firme y con buen soporte con nuestro colch\u00f3n, con 10 cm de espuma debajo de 2,5 cm de espuma viscoel\u00e1stica. Experimente una comodidad y estabilidad inigualables para un descanso reparador.<br data-mce-fragment=\"1\"><br data-mce-fragment=\"1\">**Sue\u00f1o confortable**: Disfrute de la comodidad lujosa, suave y transpirable de nuestro colch\u00f3n. Sum\u00e9rjase en un mundo de sue\u00f1os con la lujosa sensaci\u00f3n de nuestro dise\u00f1o cuidadosamente elaborado. \u00a1Dormir nunca ha sido tan c\u00f3modo!<br data-mce-fragment=\"1\"><br data-mce-fragment=\"1\">**Cuidado Pr\u00e1ctico**: Olv\u00eddate de las molestias con nuestra funda extra\u00edble, lavable a m\u00e1quina para un cuidado f\u00e1cil. Mant\u00e9n tu colch\u00f3n fresco y limpio sin esfuerzo, garantizando un ambiente de descanso higi\u00e9nico y acogedor.<br data-mce-fragment=\"1\"><br data-mce-fragment=\"1\">**\u00a1S\u00faper Duradero!**: Dise\u00f1ado para resistir el paso del tiempo, nuestro colch\u00f3n est\u00e1 hecho con 12,7 cm de espuma de lujo certificada que no se deforma. Disfruta de comodidad y soporte duraderos, noche tras noche, sin preocuparte por la flacidez ni el deterioro.<br data-mce-fragment=\"1\"><br data-mce-fragment=\"1\">**Opci\u00f3n Econ\u00f3mica**: Maximiza la versatilidad y el ahorro con nuestro vers\u00e1til colch\u00f3n, ideal para literas, camas nido, sof\u00e1s cama, camas individuales o camas plegables. Experimenta lo \u00faltimo en versatilidad y precio, lo que lo convierte en nuestro colch\u00f3n m\u00e1s econ\u00f3mico, con diferencia. Medidas del colch\u00f3n abierto: 185 cm x 96 cm x 13,2 cm.<br data-mce-fragment=\"1\"><br data-mce-fragment=\"1\">Mejore su experiencia de sue\u00f1o con el colch\u00f3n de espuma viscoel\u00e1stica de Milliard, donde la comodidad se combina con la asequibilidad para una noche de sue\u00f1o reparador. \ud83d\udecf\ufe0f\u2728<\/p>\n<div><\/div>","protected":false},"excerpt":{"rendered":"<p>\ud83c\udf1f Mejore su experiencia de sue\u00f1o con el colch\u00f3n de espuma viscoel\u00e1stica de Milliard: \u00a1una opci\u00f3n c\u00f3moda y econ\u00f3mica para una noche de sue\u00f1o reparador! \ud83c\udf1f\ud83d\udca4<\/p>","protected":false},"featured_media":126952,"comment_status":"open","ping_status":"closed","template":"","meta":[],"product_brand":[],"product_cat":[30815,30971],"product_tag":[],"class_list":{"0":"post-67804","1":"product","2":"type-product","3":"status-publish","4":"has-post-thumbnail","6":"product_cat-beds","7":"product_cat-hp","9":"first","10":"instock","11":"taxable","12":"shipping-taxable","13":"purchasable","14":"product-type-simple"},"_links":{"self":[{"href":"https:\/\/nexgendecors.com\/es\/wp-json\/wp\/v2\/product\/67804","targetHints":{"allow":["GET"]}}],"collection":[{"href":"https:\/\/nexgendecors.com\/es\/wp-json\/wp\/v2\/product"}],"about":[{"href":"https:\/\/nexgendecors.com\/es\/wp-json\/wp\/v2\/types\/product"}],"replies":[{"embeddable":true,"href":"https:\/\/nexgendecors.com\/es\/wp-json\/wp\/v2\/comments?post=67804"}],"version-history":[{"count":0,"href":"https:\/\/nexgendecors.com\/es\/wp-json\/wp\/v2\/product\/67804\/revisions"}],"wp:featuredmedia":[{"embeddable":true,"href":"https:\/\/nexgendecors.com\/es\/wp-json\/wp\/v2\/media\/126952"}],"wp:attachment":[{"href":"https:\/\/nexgendecors.com\/es\/wp-json\/wp\/v2\/media?parent=67804"}],"wp:term":[{"taxonomy":"product_brand","embeddable":true,"href":"https:\/\/nexgendecors.com\/es\/wp-json\/wp\/v2\/product_brand?post=67804"},{"taxonomy":"product_cat","embeddable":true,"href":"https:\/\/nexgendecors.com\/es\/wp-json\/wp\/v2\/product_cat?post=67804"},{"taxonomy":"product_tag","embeddable":true,"href":"https:\/\/nexgendecors.com\/es\/wp-json\/wp\/v2\/product_tag?post=67804"}],"curies":[{"name":"wp","href":"https:\/\/api.w.org\/{rel}","templated":true}]}}