{"id":67904,"date":"2025-01-26T03:12:25","date_gmt":"2025-01-26T03:12:25","guid":{"rendered":"https:\/\/nexgendecors.com\/product\/minimalist-industrial-style-imitation-cement-solid-wood-desk-creative-personality-designer-workbench-fashion-negotiation-workbench\/"},"modified":"2025-04-06T09:07:21","modified_gmt":"2025-04-06T09:07:21","slug":"minimalist-industrial-style-imitation-cement-solid-wood-desk-creative-personality-designer-workbench-fashion-negotiation-workbench","status":"publish","type":"product","link":"https:\/\/nexgendecors.com\/es\/product\/minimalist-industrial-style-imitation-cement-solid-wood-desk-creative-personality-designer-workbench-fashion-negotiation-workbench\/","title":{"rendered":"Minimalist Industrial Solid Wood Desk &#8211; Creative Workbench"},"content":{"rendered":"<ul>\n<li>\n<strong>Funci\u00f3n<\/strong>:Desmontable<\/li>\n<li>\n<strong>Material<\/strong>:Madera maciza<\/li>\n<li>\n<strong>forma<\/strong>:Bar<\/li>\n<li>\n<strong>Origen<\/strong>:Provincia de Fujian<\/li>\n<li>\n<strong>N\u00famero de personas aplicable<\/strong>:16-20 personas<\/li>\n<li>\n<strong>ordenar por color<\/strong>:160\u00d780\u00d775,180\u00d780\u00d775,200\u00d780\u00d775,220\u00d790\u00d775,240\u00d790\u00d775,260\u00d7100\u00d775,280\u00d7100\u00d775,300\u00d7100\u00d775,320\u00d7110\u00d775, support color and size customization<\/li>\n<li>\n<strong>\u00bfEs personalizable?<\/strong>:S\u00ed<\/li>\n<li>\n<strong>Armar<\/strong>:S\u00ed<\/li>\n<li>\n<strong>\u00bfHay taxi disponible para transporte?<\/strong>:No<\/li>\n<li>\n<strong>Detalles de las instrucciones de instalaci\u00f3n<\/strong>:Proporcione herramientas de instalaci\u00f3n sencillas<\/li>\n<li>\n<strong>longitud<\/strong>:220 cm<\/li>\n<li>\n<strong><\/strong>:<\/li>\n<\/ul>\n<p><img><\/p>","protected":false},"excerpt":{"rendered":"<p>Function:Removable Material:Solid Wood shape:Bar Origin:Fujian Province Applicable number of people:16-20 people sort by color:160\u00d780\u00d775,180\u00d780\u00d775,200\u00d780\u00d775,220\u00d790\u00d775,240\u00d790\u00d775,260\u00d7100\u00d775,280\u00d7100\u00d775,300\u00d7100\u00d775,320\u00d7110\u00d775, support color and size customization Is<\/p>","protected":false},"featured_media":127184,"comment_status":"open","ping_status":"closed","template":"","meta":[],"product_brand":[],"product_cat":[30852,30971,30861],"product_tag":[],"class_list":{"0":"post-67904","1":"product","2":"type-product","3":"status-publish","4":"has-post-thumbnail","6":"product_cat-dining-set","7":"product_cat-hp","8":"product_cat-wholesale-tables","10":"first","11":"instock","12":"taxable","13":"shipping-taxable","14":"purchasable","15":"product-type-variable"},"_links":{"self":[{"href":"https:\/\/nexgendecors.com\/es\/wp-json\/wp\/v2\/product\/67904","targetHints":{"allow":["GET"]}}],"collection":[{"href":"https:\/\/nexgendecors.com\/es\/wp-json\/wp\/v2\/product"}],"about":[{"href":"https:\/\/nexgendecors.com\/es\/wp-json\/wp\/v2\/types\/product"}],"replies":[{"embeddable":true,"href":"https:\/\/nexgendecors.com\/es\/wp-json\/wp\/v2\/comments?post=67904"}],"version-history":[{"count":0,"href":"https:\/\/nexgendecors.com\/es\/wp-json\/wp\/v2\/product\/67904\/revisions"}],"wp:featuredmedia":[{"embeddable":true,"href":"https:\/\/nexgendecors.com\/es\/wp-json\/wp\/v2\/media\/127184"}],"wp:attachment":[{"href":"https:\/\/nexgendecors.com\/es\/wp-json\/wp\/v2\/media?parent=67904"}],"wp:term":[{"taxonomy":"product_brand","embeddable":true,"href":"https:\/\/nexgendecors.com\/es\/wp-json\/wp\/v2\/product_brand?post=67904"},{"taxonomy":"product_cat","embeddable":true,"href":"https:\/\/nexgendecors.com\/es\/wp-json\/wp\/v2\/product_cat?post=67904"},{"taxonomy":"product_tag","embeddable":true,"href":"https:\/\/nexgendecors.com\/es\/wp-json\/wp\/v2\/product_tag?post=67904"}],"curies":[{"name":"wp","href":"https:\/\/api.w.org\/{rel}","templated":true}]}}