{"id":68033,"date":"2025-01-26T03:12:44","date_gmt":"2025-01-26T03:12:44","guid":{"rendered":"https:\/\/nexgendecors.com\/product\/office-negotiation-table-reception-meeting-4s-store-sales-office-coffee-shop-milk-tea-shop-small-round-table-one-table-and-four-chairs-combination\/"},"modified":"2025-04-06T09:07:37","modified_gmt":"2025-04-06T09:07:37","slug":"office-negotiation-table-reception-meeting-4s-store-sales-office-coffee-shop-milk-tea-shop-small-round-table-one-table-and-four-chairs-combination","status":"publish","type":"product","link":"https:\/\/nexgendecors.com\/es\/product\/office-negotiation-table-reception-meeting-4s-store-sales-office-coffee-shop-milk-tea-shop-small-round-table-one-table-and-four-chairs-combination\/","title":{"rendered":"Moderno Juego de Mesa Redonda para 4 Personas para Oficina y Cafeter\u00eda"},"content":{"rendered":"<ul>\n<li>\n<strong>marca<\/strong>:Zhongmin Yunshang<\/li>\n<li>\n<strong>modelo<\/strong>:SENSE0165<\/li>\n<li>\n<strong>Funci\u00f3n<\/strong>:Free combination<\/li>\n<li>\n<strong>Material<\/strong>:Metal<\/li>\n<li>\n<strong>forma<\/strong>:Redondo<\/li>\n<li>\n<strong>Origen<\/strong>:Provincia de Fujian<\/li>\n<li>\n<strong>N\u00famero de personas aplicable<\/strong>:Menos de 5 personas<\/li>\n<li>\n<strong>ordenar por color<\/strong>:Round table diameter 60, one table and 2 chairs (girly pink) Round tea table geometric tea table Round table diameter 60, one table and 3 chairs (sky blue) Round table diameter 60, one table and 2 chairs (pearl white) Round table diameter 60, one table and 2 chairs (sky blue) Round table diameter 60, one table and 3 chairs (emerald) Peacock chair (color notes) Round table diameter 60, one table and 2 chairs (elegant color) Round table diameter 60, one table and 2 chairs (emerald) Round table diameter 60, one table and 3 chairs (girly pink) Round table diameter 60, one table and 3 chairs (elegant color) Round table diameter 60, one table and 3 chairs (pearl white)<\/li>\n<li>\n<strong>\u00bfEs personalizable?<\/strong>:S\u00ed<\/li>\n<li>\n<strong>Armar<\/strong>:S\u00ed<\/li>\n<li>\n<strong>\u00bfHay taxi disponible para transporte?<\/strong>:No<\/li>\n<li>\n<strong>Detalles de las instrucciones de instalaci\u00f3n<\/strong>:Proporcione instrucciones de instalaci\u00f3n<\/li>\n<li>\n<strong>Tama\u00f1o del paquete<\/strong>:0x0x0mm<\/li>\n<li>\n<strong>longitud<\/strong>:0 cm<\/li>\n<\/ul>\n<p><img><\/p>","protected":false},"excerpt":{"rendered":"<p>Marca:Zhongmin Yunshang Modelo:SENSE0165 Funci\u00f3n:Combinaci\u00f3n libre Material:Metal Forma:Redonda Origen:Provincia de Fujian N\u00famero aplicable de personas:Menos de 5 personas Clasificaci\u00f3n por color:Mesa redonda<\/p>","protected":false},"featured_media":127368,"comment_status":"open","ping_status":"closed","template":"","meta":[],"product_brand":[],"product_cat":[30897,30862,30971,30860,30865],"product_tag":[],"class_list":{"0":"post-68033","1":"product","2":"type-product","3":"status-publish","4":"has-post-thumbnail","6":"product_cat-bs-restaurant","7":"product_cat-wholesales-hotels","8":"product_cat-hp","9":"product_cat-wholesale-restaurant","10":"product_cat-wholesales-salons-shops","12":"first","13":"instock","14":"sale","15":"taxable","16":"shipping-taxable","17":"purchasable","18":"product-type-variable"},"_links":{"self":[{"href":"https:\/\/nexgendecors.com\/es\/wp-json\/wp\/v2\/product\/68033","targetHints":{"allow":["GET"]}}],"collection":[{"href":"https:\/\/nexgendecors.com\/es\/wp-json\/wp\/v2\/product"}],"about":[{"href":"https:\/\/nexgendecors.com\/es\/wp-json\/wp\/v2\/types\/product"}],"replies":[{"embeddable":true,"href":"https:\/\/nexgendecors.com\/es\/wp-json\/wp\/v2\/comments?post=68033"}],"version-history":[{"count":0,"href":"https:\/\/nexgendecors.com\/es\/wp-json\/wp\/v2\/product\/68033\/revisions"}],"wp:featuredmedia":[{"embeddable":true,"href":"https:\/\/nexgendecors.com\/es\/wp-json\/wp\/v2\/media\/127368"}],"wp:attachment":[{"href":"https:\/\/nexgendecors.com\/es\/wp-json\/wp\/v2\/media?parent=68033"}],"wp:term":[{"taxonomy":"product_brand","embeddable":true,"href":"https:\/\/nexgendecors.com\/es\/wp-json\/wp\/v2\/product_brand?post=68033"},{"taxonomy":"product_cat","embeddable":true,"href":"https:\/\/nexgendecors.com\/es\/wp-json\/wp\/v2\/product_cat?post=68033"},{"taxonomy":"product_tag","embeddable":true,"href":"https:\/\/nexgendecors.com\/es\/wp-json\/wp\/v2\/product_tag?post=68033"}],"curies":[{"name":"wp","href":"https:\/\/api.w.org\/{rel}","templated":true}]}}