{"id":68090,"date":"2025-01-26T03:12:55","date_gmt":"2025-01-26T03:12:55","guid":{"rendered":"https:\/\/nexgendecors.com\/product\/modern-creative-special-shaped-fiberglass-geometric-armrest-leisure-chair-designer-concubine-lazy-recliner-hotel-model-room\/"},"modified":"2025-04-06T09:07:44","modified_gmt":"2025-04-06T09:07:44","slug":"modern-creative-special-shaped-fiberglass-geometric-armrest-leisure-chair-designer-concubine-lazy-recliner-hotel-model-room","status":"publish","type":"product","link":"https:\/\/nexgendecors.com\/es\/product\/modern-creative-special-shaped-fiberglass-geometric-armrest-leisure-chair-designer-concubine-lazy-recliner-hotel-model-room\/","title":{"rendered":"Sill\u00f3n reclinable geom\u00e9trico de fibra de vidrio: dise\u00f1o moderno para el tiempo libre"},"content":{"rendered":"<ul>\n<li>\n<strong>marca<\/strong>Residencia Sea Saint<\/li>\n<li>\n<strong>modelo<\/strong>:239<\/li>\n<li>\n<strong>Material<\/strong>:Fibra de vidrio<\/li>\n<li>\n<strong>elementos populares<\/strong>:Dise\u00f1o maestro, forma especial<\/li>\n<li>\n<strong>ordenar por color<\/strong>:Blue, red, wine red, black, no armrests (style 2), contact customer service for more color customization, size 160*85*84cm<\/li>\n<li>\n<strong><\/strong>:<\/li>\n<\/ul>","protected":false},"excerpt":{"rendered":"<p>Marca: Sea Saint Residence Modelo: 239 Material: Fibra de vidrio Elementos populares: Dise\u00f1o maestro, Forma especial Ordenar por color: Azul, rojo, rojo vino, negro, sin apoyabrazos (estilo<\/p>","protected":false},"featured_media":127421,"comment_status":"open","ping_status":"closed","template":"","meta":[],"product_brand":[],"product_cat":[30902,30855,30862,30971,30850],"product_tag":[],"class_list":{"0":"post-68090","1":"product","2":"type-product","3":"status-publish","4":"has-post-thumbnail","6":"product_cat-bs-chairs","7":"product_cat-wholesale-chairs","8":"product_cat-wholesales-hotels","9":"product_cat-hp","10":"product_cat-wholesale-furniture","12":"first","13":"instock","14":"sale","15":"taxable","16":"shipping-taxable","17":"purchasable","18":"product-type-variable"},"_links":{"self":[{"href":"https:\/\/nexgendecors.com\/es\/wp-json\/wp\/v2\/product\/68090","targetHints":{"allow":["GET"]}}],"collection":[{"href":"https:\/\/nexgendecors.com\/es\/wp-json\/wp\/v2\/product"}],"about":[{"href":"https:\/\/nexgendecors.com\/es\/wp-json\/wp\/v2\/types\/product"}],"replies":[{"embeddable":true,"href":"https:\/\/nexgendecors.com\/es\/wp-json\/wp\/v2\/comments?post=68090"}],"version-history":[{"count":0,"href":"https:\/\/nexgendecors.com\/es\/wp-json\/wp\/v2\/product\/68090\/revisions"}],"wp:featuredmedia":[{"embeddable":true,"href":"https:\/\/nexgendecors.com\/es\/wp-json\/wp\/v2\/media\/127421"}],"wp:attachment":[{"href":"https:\/\/nexgendecors.com\/es\/wp-json\/wp\/v2\/media?parent=68090"}],"wp:term":[{"taxonomy":"product_brand","embeddable":true,"href":"https:\/\/nexgendecors.com\/es\/wp-json\/wp\/v2\/product_brand?post=68090"},{"taxonomy":"product_cat","embeddable":true,"href":"https:\/\/nexgendecors.com\/es\/wp-json\/wp\/v2\/product_cat?post=68090"},{"taxonomy":"product_tag","embeddable":true,"href":"https:\/\/nexgendecors.com\/es\/wp-json\/wp\/v2\/product_tag?post=68090"}],"curies":[{"name":"wp","href":"https:\/\/api.w.org\/{rel}","templated":true}]}}