{"id":68199,"date":"2025-01-26T03:13:21","date_gmt":"2025-01-26T03:13:21","guid":{"rendered":"https:\/\/nexgendecors.com\/product\/modern-light-luxury-acrylic-suspended-dining-table-and-chair-combination-hanging-rounded-white-dining-table-home-small-apartment-transparent-table\/"},"modified":"2025-04-06T09:08:13","modified_gmt":"2025-04-06T09:08:13","slug":"modern-light-luxury-acrylic-suspended-dining-table-and-chair-combination-hanging-rounded-white-dining-table-home-small-apartment-transparent-table","status":"publish","type":"product","link":"https:\/\/nexgendecors.com\/es\/product\/modern-light-luxury-acrylic-suspended-dining-table-and-chair-combination-hanging-rounded-white-dining-table-home-small-apartment-transparent-table\/","title":{"rendered":"Juego de mesa y sillas de comedor suspendidas de acr\u00edlico: lujo moderno"},"content":{"rendered":"<ul>\n<li>\n<strong>marca<\/strong>:otro\/otro<\/li>\n<li>\n<strong>modelo<\/strong>:ZH-62588<\/li>\n<li>\n<strong>Funci\u00f3n<\/strong>:Otro<\/li>\n<li>\n<strong>patr\u00f3n<\/strong>:Arte<\/li>\n<li>\n<strong>estilo<\/strong>:minimalismo italiano<\/li>\n<li>\n<strong>forma<\/strong>:rect\u00e1ngulo<\/li>\n<li>\n<strong>N\u00famero de personas aplicable<\/strong>:6 personas<\/li>\n<li>\n<strong>elementos populares<\/strong>:Dise\u00f1o maestro<\/li>\n<li>\n<strong>Tipo de embalaje<\/strong>:Asamblea<\/li>\n<li>\n<strong>ordenar por color<\/strong>:130*70 hanging 5CM straight edge rounded corners, 140*80 hanging 5CM straight edge rounded corners, 160*80 hanging 5CM straight edge rounded corners, 180*80 hanging 5CM straight edge rounded corners, 200*80 hanging 5CM straight edge rounded corners, acrylic chair [velvet], acrylic chair [cat scratching leather], 130*70 hanging 5CM straight edge right angles, 140*80 hanging 5CM straight edge right angles, 160*80 hanging 5CM straight edge right angles, 180*80 hanging 5CM straight edge right angles, 200*80 hanging 5CM straight edge right angles, custom size and color, custom Delifeng rock board<\/li>\n<li>\n<strong>Material de acabado<\/strong>:Tabla de roca<\/li>\n<li>\n<strong>\u00bfEs escalable?<\/strong>:No escalable<\/li>\n<li>\n<strong>\u00bfEs personalizable?<\/strong>:S\u00ed<\/li>\n<li>\n<strong>Si llevar un tocadiscos<\/strong>:No<\/li>\n<li>\n<strong>\u00bfEl escritorio es ajustable?<\/strong>:S\u00ed<\/li>\n<li>\n<strong>Ya sea con rodillo<\/strong>:No<\/li>\n<li>\n<strong>Si llevar bomba<\/strong>:No<\/li>\n<li>\n<strong>\u00bfHay un gabinete?<\/strong>:No<\/li>\n<li>\n<strong>N\u00famero de capas<\/strong>:2 capas<\/li>\n<li>\n<strong>Estructura del mobiliario<\/strong>:Estructura<\/li>\n<li>\n<strong>Si traer una silla o un taburete<\/strong>:No<\/li>\n<li>\n<strong>Entrega\/instalaci\u00f3n disponible<\/strong>:Shanghai, Otros, Beijing, Nanjing, Nanchang, Harbin, Dalian, Tianjin, Ningbo, Guangzhou, Chengdu, Hangzhou, Wuhan, Shenyang, Shenzhen, Wenzhou, Suzhou, Xi&#039;an, Guiyang, Zhengzhou, Chongqing, Jinhua, Changsha, Dongguan, Fuzhou, Qingdao, Wuxi, Taizhou, Changzhou, Foshan, Xiamen, Nanning<\/li>\n<li>\n<strong>Armar<\/strong>:Asamblea<\/li>\n<li>\n<strong>volumen del paquete<\/strong>:0.3<\/li>\n<li>\n<strong>\u00bfHay taxi disponible para transporte?<\/strong>:No<\/li>\n<li>\n<strong>Posicionamiento de estilo<\/strong>:Estilo art\u00edstico<\/li>\n<li>\n<strong>Detalles de las instrucciones de instalaci\u00f3n<\/strong>:Proporcione herramientas de instalaci\u00f3n sencillas<\/li>\n<li>\n<strong>Peso bruto<\/strong>:68kg<\/li>\n<li>\n<strong>Si tiene funci\u00f3n de cocina de inducci\u00f3n<\/strong>:No<\/li>\n<\/ul>\n<p><img><\/p>","protected":false},"excerpt":{"rendered":"<p>Marca: otro\/otro Modelo: ZH-62588 Funci\u00f3n: Otro Patr\u00f3n: Arte Estilo: Minimalismo italiano Forma: Rect\u00e1ngulo N\u00famero aplicable de personas: 6 personas Elementos populares: Dise\u00f1o maestro Tipo de embalaje: Montaje Ordenar por color: 130*70<\/p>","protected":false},"featured_media":127564,"comment_status":"open","ping_status":"closed","template":"","meta":[],"product_brand":[],"product_cat":[30897,30855,30852,30862,30971,30860,30861],"product_tag":[],"class_list":{"0":"post-68199","1":"product","2":"type-product","3":"status-publish","4":"has-post-thumbnail","6":"product_cat-bs-restaurant","7":"product_cat-wholesale-chairs","8":"product_cat-dining-set","9":"product_cat-wholesales-hotels","10":"product_cat-hp","11":"product_cat-wholesale-restaurant","12":"product_cat-wholesale-tables","14":"first","15":"instock","16":"sale","17":"taxable","18":"shipping-taxable","19":"purchasable","20":"product-type-variable"},"_links":{"self":[{"href":"https:\/\/nexgendecors.com\/es\/wp-json\/wp\/v2\/product\/68199","targetHints":{"allow":["GET"]}}],"collection":[{"href":"https:\/\/nexgendecors.com\/es\/wp-json\/wp\/v2\/product"}],"about":[{"href":"https:\/\/nexgendecors.com\/es\/wp-json\/wp\/v2\/types\/product"}],"replies":[{"embeddable":true,"href":"https:\/\/nexgendecors.com\/es\/wp-json\/wp\/v2\/comments?post=68199"}],"version-history":[{"count":0,"href":"https:\/\/nexgendecors.com\/es\/wp-json\/wp\/v2\/product\/68199\/revisions"}],"wp:featuredmedia":[{"embeddable":true,"href":"https:\/\/nexgendecors.com\/es\/wp-json\/wp\/v2\/media\/127564"}],"wp:attachment":[{"href":"https:\/\/nexgendecors.com\/es\/wp-json\/wp\/v2\/media?parent=68199"}],"wp:term":[{"taxonomy":"product_brand","embeddable":true,"href":"https:\/\/nexgendecors.com\/es\/wp-json\/wp\/v2\/product_brand?post=68199"},{"taxonomy":"product_cat","embeddable":true,"href":"https:\/\/nexgendecors.com\/es\/wp-json\/wp\/v2\/product_cat?post=68199"},{"taxonomy":"product_tag","embeddable":true,"href":"https:\/\/nexgendecors.com\/es\/wp-json\/wp\/v2\/product_tag?post=68199"}],"curies":[{"name":"wp","href":"https:\/\/api.w.org\/{rel}","templated":true}]}}