{"id":68428,"date":"2025-01-26T03:13:49","date_gmt":"2025-01-26T03:13:49","guid":{"rendered":"https:\/\/nexgendecors.com\/product\/high-end-nail-table-and-chair-set-combination-modern-internet-celebrity-single-and-double-manicure-table-marble-special-price-economic-nail-table-1\/"},"modified":"2025-04-06T09:08:38","modified_gmt":"2025-04-06T09:08:38","slug":"juego-de-mesa-y-silla-para-manicura-de-alta-gama-moderna-combinacion-de-mesa-de-manicura-individual-y-doble-de-celebridades-de-internet-marmol-precio-especial-mesa-de-manicura-economica-1","status":"publish","type":"product","link":"https:\/\/nexgendecors.com\/es\/product\/juego-de-mesa-y-silla-para-manicura-de-alta-gama-moderna-combinacion-de-mesa-de-manicura-individual-y-doble-de-celebridades-de-internet-marmol-precio-especial-mesa-de-manicura-economica-1\/","title":{"rendered":"Juego de mesa y silla de m\u00e1rmol moderno para u\u00f1as: elegante y econ\u00f3mico"},"content":{"rendered":"<ul>\n<li>\n<strong>marca<\/strong>:Zhongmin Yunshang<\/li>\n<li>\n<strong>modelo<\/strong>:ZMYS0228<\/li>\n<li>\n<strong>Funci\u00f3n<\/strong>:Anti-fouling and dirt-resistant<\/li>\n<li>\n<strong>Material<\/strong>:0<\/li>\n<li>\n<strong>estilo<\/strong>:Estilo de lujo ligero<\/li>\n<li>\n<strong>Origen<\/strong>:Provincia de Fujian<\/li>\n<li>\n<strong>ordenar por color<\/strong>:The volume-selling nail table is 80x40x78 (color notes), the volume-selling nail table is 100x40x78 (color notes), the volume-selling nail table is 120x40x78 (color notes), the volume-selling nail table is 140x40x78 (color notes), the volume-selling nail table is 160x40x78 (color notes), the volume-selling nail table is 180x40x78 (color notes), the volume-selling nail table is 200x40x78 (color notes), the upgraded nail table is 80x45x78 (color notes), the upgraded nail table is 100x45x78 (color notes), the upgraded nail table is 120x45x78 (color notes), the upgraded nail table is 140x45x78 (color notes), the upgraded nail table is 160x45x78 (color notes) Upgraded nail table 180x45x78 (color notes) Upgraded nail table 200x45x78 (color notes) Round stool (color notes) Mosaic chair (color notes) Backrest round stool (color notes) Meilin chair (color notes) Football chair (color notes) Princess chair (color notes) Peacock chair (color notes) U-shaped sofa (color notes) Line U-shaped sofa (color notes) Red lip chair (color notes)<\/li>\n<li>\n<strong>Tipo de paquete<\/strong>:Est\u00e1ndar oficial<\/li>\n<li>\n<strong>Tama\u00f1o del paquete<\/strong>:0<\/li>\n<li>\n<strong>Peso del paquete<\/strong>:0<\/li>\n<li>\n<strong>Normas ambientales<\/strong>:dise\u00f1o verde<\/li>\n<li>\n<strong>\u00bfEs personalizable?<\/strong>:S\u00ed<\/li>\n<li>\n<strong>\u00bfEst\u00e1 disponible la preventa?<\/strong>:No<\/li>\n<li>\n<strong><\/strong>:<\/li>\n<\/ul>\n<p><img><\/p>","protected":false},"excerpt":{"rendered":"<p>brand:Zhongmin Yunshang model:ZMYS0228 Function:Anti-fouling and dirt-resistant Material:0 style:Light luxury style Origin:Fujian Province sort by color:The volume-selling nail table is 80x40x78<\/p>","protected":false},"featured_media":127794,"comment_status":"open","ping_status":"closed","template":"","meta":[],"product_brand":[],"product_cat":[30971,30865],"product_tag":[],"class_list":{"0":"post-68428","1":"product","2":"type-product","3":"status-publish","4":"has-post-thumbnail","6":"product_cat-hp","7":"product_cat-wholesales-salons-shops","9":"first","10":"instock","11":"sale","12":"taxable","13":"shipping-taxable","14":"purchasable","15":"product-type-variable"},"_links":{"self":[{"href":"https:\/\/nexgendecors.com\/es\/wp-json\/wp\/v2\/product\/68428","targetHints":{"allow":["GET"]}}],"collection":[{"href":"https:\/\/nexgendecors.com\/es\/wp-json\/wp\/v2\/product"}],"about":[{"href":"https:\/\/nexgendecors.com\/es\/wp-json\/wp\/v2\/types\/product"}],"replies":[{"embeddable":true,"href":"https:\/\/nexgendecors.com\/es\/wp-json\/wp\/v2\/comments?post=68428"}],"version-history":[{"count":0,"href":"https:\/\/nexgendecors.com\/es\/wp-json\/wp\/v2\/product\/68428\/revisions"}],"wp:featuredmedia":[{"embeddable":true,"href":"https:\/\/nexgendecors.com\/es\/wp-json\/wp\/v2\/media\/127794"}],"wp:attachment":[{"href":"https:\/\/nexgendecors.com\/es\/wp-json\/wp\/v2\/media?parent=68428"}],"wp:term":[{"taxonomy":"product_brand","embeddable":true,"href":"https:\/\/nexgendecors.com\/es\/wp-json\/wp\/v2\/product_brand?post=68428"},{"taxonomy":"product_cat","embeddable":true,"href":"https:\/\/nexgendecors.com\/es\/wp-json\/wp\/v2\/product_cat?post=68428"},{"taxonomy":"product_tag","embeddable":true,"href":"https:\/\/nexgendecors.com\/es\/wp-json\/wp\/v2\/product_tag?post=68428"}],"curies":[{"name":"wp","href":"https:\/\/api.w.org\/{rel}","templated":true}]}}