{"id":68772,"date":"2025-01-26T03:14:28","date_gmt":"2025-01-26T03:14:28","guid":{"rendered":"https:\/\/nexgendecors.com\/product\/modern-simple-designer-single-sofa-net-red-high-end-creative-living-room-single-chair-balcony-negotiation-light-luxury-leisure-chair\/"},"modified":"2025-04-06T09:09:12","modified_gmt":"2025-04-06T09:09:12","slug":"modern-simple-designer-single-sofa-net-red-high-end-creative-living-room-single-chair-balcony-negotiation-light-luxury-leisure-chair","status":"publish","type":"product","link":"https:\/\/nexgendecors.com\/es\/product\/modern-simple-designer-single-sofa-net-red-high-end-creative-living-room-single-chair-balcony-negotiation-light-luxury-leisure-chair\/","title":{"rendered":"Sill\u00f3n individual creativo de alta gama para una vida de lujo"},"content":{"rendered":"<ul>\n<li>\n<strong>marca<\/strong>:otro\/otro<\/li>\n<li>\n<strong>modelo<\/strong>:2335<\/li>\n<li>\n<strong>Material<\/strong>:pa\u00f1o<\/li>\n<li>\n<strong>patr\u00f3n<\/strong>:abstracto<\/li>\n<li>\n<strong>estilo<\/strong>:Estilo de lujo ligero<\/li>\n<li>\n<strong>elementos populares<\/strong>:Forma especial, empalme, metal.<\/li>\n<li>\n<strong>ordenar por color<\/strong>:Black microfiber leather, green cotton and linen, custom microfiber leather color, custom first layer cowhide<\/li>\n<li>\n<strong>Peso bruto<\/strong>:35<\/li>\n<li>\n<strong>Relleno<\/strong>:Plum\u00f3n de ganso<\/li>\n<li>\n<strong>\u00bfEs personalizable?<\/strong>:No<\/li>\n<li>\n<strong>Adecuado<\/strong>:General<\/li>\n<li>\n<strong>\u00bfEs reemplazable?<\/strong>:No<\/li>\n<li>\n<strong>Entrega\/instalaci\u00f3n disponible<\/strong>:Shanghai, Otros, Beijing, Nanjing, Nanchang, Harbin, Dalian, Tianjin, Ningbo, Guangzhou, Chengdu, Hangzhou, Wuhan, Shenyang, Shenzhen, Wenzhou, Suzhou, Xi&#039;an, Guiyang, Zhengzhou, Chongqing, Jinhua, Changsha, Dongguan, Fuzhou, Qingdao, Wuxi, Taizhou, Changzhou, Foshan, Xiamen, Nanning<\/li>\n<li>\n<strong>Armar<\/strong>:No<\/li>\n<li>\n<strong>volumen del paquete<\/strong>:0.65<\/li>\n<li>\n<strong>\u00bfHay taxi disponible para transporte?<\/strong>:No<\/li>\n<li>\n<strong>Posicionamiento de estilo<\/strong>:Lujo de calidad<\/li>\n<li>\n<strong>Detalles de las instrucciones de instalaci\u00f3n<\/strong>:Proporcione instrucciones de instalaci\u00f3n, videos de instalaci\u00f3n y herramientas de instalaci\u00f3n sencillas.<\/li>\n<li>\n<strong><\/strong>:<\/li>\n<\/ul>\n<p><img><\/p>","protected":false},"excerpt":{"rendered":"<p>marca: otro\/otro modelo: 2335 Material: tela patr\u00f3n: abstracto estilo: estilo de lujo ligero elementos populares: forma especial, empalme, metal ordenar por color: cuero de microfibra negro, algod\u00f3n verde y<\/p>","protected":false},"featured_media":128086,"comment_status":"open","ping_status":"closed","template":"","meta":[],"product_brand":[],"product_cat":[30855,30862,30971,30860,30850],"product_tag":[],"class_list":{"0":"post-68772","1":"product","2":"type-product","3":"status-publish","4":"has-post-thumbnail","6":"product_cat-wholesale-chairs","7":"product_cat-wholesales-hotels","8":"product_cat-hp","9":"product_cat-wholesale-restaurant","10":"product_cat-wholesale-furniture","12":"first","13":"instock","14":"taxable","15":"shipping-taxable","16":"purchasable","17":"product-type-variable"},"_links":{"self":[{"href":"https:\/\/nexgendecors.com\/es\/wp-json\/wp\/v2\/product\/68772","targetHints":{"allow":["GET"]}}],"collection":[{"href":"https:\/\/nexgendecors.com\/es\/wp-json\/wp\/v2\/product"}],"about":[{"href":"https:\/\/nexgendecors.com\/es\/wp-json\/wp\/v2\/types\/product"}],"replies":[{"embeddable":true,"href":"https:\/\/nexgendecors.com\/es\/wp-json\/wp\/v2\/comments?post=68772"}],"version-history":[{"count":0,"href":"https:\/\/nexgendecors.com\/es\/wp-json\/wp\/v2\/product\/68772\/revisions"}],"wp:featuredmedia":[{"embeddable":true,"href":"https:\/\/nexgendecors.com\/es\/wp-json\/wp\/v2\/media\/128086"}],"wp:attachment":[{"href":"https:\/\/nexgendecors.com\/es\/wp-json\/wp\/v2\/media?parent=68772"}],"wp:term":[{"taxonomy":"product_brand","embeddable":true,"href":"https:\/\/nexgendecors.com\/es\/wp-json\/wp\/v2\/product_brand?post=68772"},{"taxonomy":"product_cat","embeddable":true,"href":"https:\/\/nexgendecors.com\/es\/wp-json\/wp\/v2\/product_cat?post=68772"},{"taxonomy":"product_tag","embeddable":true,"href":"https:\/\/nexgendecors.com\/es\/wp-json\/wp\/v2\/product_tag?post=68772"}],"curies":[{"name":"wp","href":"https:\/\/api.w.org\/{rel}","templated":true}]}}