{"id":68783,"date":"2025-01-26T03:14:31","date_gmt":"2025-01-26T03:14:31","guid":{"rendered":"https:\/\/nexgendecors.com\/product\/modern-simple-dining-chair-nordic-italian-light-luxury-designer-internet-celebrity-leisure-chair-small-ant-plastic-restaurant-dining-table-and-chair\/"},"modified":"2025-04-06T09:09:17","modified_gmt":"2025-04-06T09:09:17","slug":"modern-simple-dining-chair-nordic-italian-light-luxury-designer-internet-celebrity-leisure-chair-small-ant-plastic-restaurant-dining-table-and-chair","status":"publish","type":"product","link":"https:\/\/nexgendecors.com\/es\/product\/modern-simple-dining-chair-nordic-italian-light-luxury-designer-internet-celebrity-leisure-chair-small-ant-plastic-restaurant-dining-table-and-chair\/","title":{"rendered":"Silla de comedor de dise\u00f1o n\u00f3rdico de lujo, ligera y de pl\u00e1stico Ant"},"content":{"rendered":"<ul>\n<li>\n<strong>marca<\/strong>:otro\/otro<\/li>\n<li>\n<strong>modelo<\/strong>:YZ-36<\/li>\n<li>\n<strong>Material<\/strong>:Metal<\/li>\n<li>\n<strong>Material met\u00e1lico<\/strong>:hierro<\/li>\n<li>\n<strong>estilo<\/strong>:Europa del Norte<\/li>\n<li>\n<strong>elementos populares<\/strong>:Master design, folk custom, silver foil<\/li>\n<li>\n<strong>ordenar por color<\/strong>:Pure white, pure black<\/li>\n<li>\n<strong>Material de acabado<\/strong>:PP<\/li>\n<li>\n<strong>Altura del respaldo<\/strong>:125 mm y menos<\/li>\n<li>\n<strong>\u00bfEs personalizable?<\/strong>:No<\/li>\n<li>\n<strong>\u00bfEs giratorio?<\/strong>:No<\/li>\n<li>\n<strong>\u00bfHay pasamanos?<\/strong>:No<\/li>\n<li>\n<strong>Caracter\u00edsticas adicionales<\/strong>:puede moverse<\/li>\n<li>\n<strong>Adecuado<\/strong>:Adultos<\/li>\n<li>\n<strong>Entrega\/instalaci\u00f3n disponible<\/strong>:Shanghai, Otros, Beijing, Nanjing, Nanchang, Harbin, Dalian, Tianjin, Ningbo, Guangzhou, Chengdu, Hangzhou, Wuhan, Shenyang, Shenzhen, Wenzhou, Suzhou, Xi&#039;an, Guiyang, Zhengzhou, Chongqing, Jinhua, Changsha, Dongguan, Fuzhou, Qingdao, Wuxi, Taizhou, Changzhou, Foshan, Xiamen, Nanning<\/li>\n<li>\n<strong>Armar<\/strong>:S\u00ed<\/li>\n<li>\n<strong>\u00bfEl asiento est\u00e1 tapizado?<\/strong>:No<\/li>\n<li>\n<strong>\u00bfHay taxi disponible para transporte?<\/strong>:S\u00ed<\/li>\n<li>\n<strong>Posicionamiento de estilo<\/strong>:Estilo art\u00edstico<\/li>\n<\/ul>","protected":false},"excerpt":{"rendered":"<p>Marca: otro\/otro Modelo: YZ-36 Material: metal Material del metal: hierro Estilo: norte de Europa Elementos populares: dise\u00f1o maestro, costumbre popular, l\u00e1mina de plata Ordenar por color: blanco puro, negro puro<\/p>","protected":false},"featured_media":128100,"comment_status":"open","ping_status":"closed","template":"","meta":[],"product_brand":[],"product_cat":[30855,30852,30862,30971,30860],"product_tag":[],"class_list":{"0":"post-68783","1":"product","2":"type-product","3":"status-publish","4":"has-post-thumbnail","6":"product_cat-wholesale-chairs","7":"product_cat-dining-set","8":"product_cat-wholesales-hotels","9":"product_cat-hp","10":"product_cat-wholesale-restaurant","12":"first","13":"instock","14":"sale","15":"taxable","16":"shipping-taxable","17":"purchasable","18":"product-type-variable"},"_links":{"self":[{"href":"https:\/\/nexgendecors.com\/es\/wp-json\/wp\/v2\/product\/68783","targetHints":{"allow":["GET"]}}],"collection":[{"href":"https:\/\/nexgendecors.com\/es\/wp-json\/wp\/v2\/product"}],"about":[{"href":"https:\/\/nexgendecors.com\/es\/wp-json\/wp\/v2\/types\/product"}],"replies":[{"embeddable":true,"href":"https:\/\/nexgendecors.com\/es\/wp-json\/wp\/v2\/comments?post=68783"}],"version-history":[{"count":0,"href":"https:\/\/nexgendecors.com\/es\/wp-json\/wp\/v2\/product\/68783\/revisions"}],"wp:featuredmedia":[{"embeddable":true,"href":"https:\/\/nexgendecors.com\/es\/wp-json\/wp\/v2\/media\/128100"}],"wp:attachment":[{"href":"https:\/\/nexgendecors.com\/es\/wp-json\/wp\/v2\/media?parent=68783"}],"wp:term":[{"taxonomy":"product_brand","embeddable":true,"href":"https:\/\/nexgendecors.com\/es\/wp-json\/wp\/v2\/product_brand?post=68783"},{"taxonomy":"product_cat","embeddable":true,"href":"https:\/\/nexgendecors.com\/es\/wp-json\/wp\/v2\/product_cat?post=68783"},{"taxonomy":"product_tag","embeddable":true,"href":"https:\/\/nexgendecors.com\/es\/wp-json\/wp\/v2\/product_tag?post=68783"}],"curies":[{"name":"wp","href":"https:\/\/api.w.org\/{rel}","templated":true}]}}