{"id":68908,"date":"2025-01-26T03:14:50","date_gmt":"2025-01-26T03:14:50","guid":{"rendered":"https:\/\/nexgendecors.com\/product\/modern-smart-home-theater-sofa-high-end-villa-space-electric-multifunctional-cabin-single-leather-sofa-recliner\/"},"modified":"2025-04-06T09:09:44","modified_gmt":"2025-04-06T09:09:44","slug":"sofa-de-cine-en-casa-inteligente-moderno-de-alta-gama-para-villas-electrico-multifuncional-individual-de-cuero-reclinable","status":"publish","type":"product","link":"https:\/\/nexgendecors.com\/es\/product\/sofa-de-cine-en-casa-inteligente-moderno-de-alta-gama-para-villas-electrico-multifuncional-individual-de-cuero-reclinable\/","title":{"rendered":"Sof\u00e1 reclinable el\u00e9ctrico de alta gama para cines en casa inteligentes"},"content":{"rendered":"<ul>\n<li>\n<strong>marca<\/strong>:Tigre rojo<\/li>\n<li>\n<strong>N\u00famero de pieza<\/strong>:peque\u00f1o mundo<\/li>\n<li>\n<strong>Material<\/strong>:Madera<\/li>\n<li>\n<strong>Material de madera<\/strong>:Pino<\/li>\n<li>\n<strong>patr\u00f3n<\/strong>:Arte<\/li>\n<li>\n<strong>estilo<\/strong>:Simple y moderno<\/li>\n<li>\n<strong>N\u00famero de personas aplicable<\/strong>:individual<\/li>\n<li>\n<strong>ordenar por color<\/strong>:Gris con rojo, rojo con gris, gris con rojo, rojo con gris, naranja sol<\/li>\n<li>\n<strong>Peso bruto<\/strong>:85 kg<\/li>\n<li>\n<strong>Relleno<\/strong>:esponja<\/li>\n<li>\n<strong>Tecnolog\u00eda estructural<\/strong>:Artesan\u00eda en madera<\/li>\n<li>\n<strong>Tecnolog\u00eda de estructura de madera<\/strong>:otro<\/li>\n<li>\n<strong>\u00bfEs personalizable?<\/strong>:S\u00ed<\/li>\n<li>\n<strong>Combinaci\u00f3n de sof\u00e1s<\/strong>:otro<\/li>\n<li>\n<strong>Caracter\u00edsticas adicionales<\/strong>:Multifunci\u00f3n<\/li>\n<li>\n<strong>Adecuado<\/strong>:Adultos<\/li>\n<li>\n<strong>\u00bfHay espacio de almacenamiento?<\/strong>:No<\/li>\n<li>\n<strong>Proceso de acabado de tejidos<\/strong>Tratamiento sin hierro<\/li>\n<li>\n<strong>Proceso de acabado del cuero<\/strong>:Realce<\/li>\n<li>\n<strong>Material de cuero<\/strong>:Capa superior de piel de vaca<\/li>\n<li>\n<strong>Armar<\/strong>:S\u00ed<\/li>\n<li>\n<strong>volumen del paquete<\/strong>:1.3<\/li>\n<li>\n<strong>\u00bfEst\u00e1 disponible la preventa?<\/strong>:S\u00ed<\/li>\n<li>\n<strong>\u00bfHay taxi disponible para transporte?<\/strong>:S\u00ed<\/li>\n<li>\n<strong>Dureza del relleno<\/strong>:suave<\/li>\n<li>\n<strong>Posicionamiento de estilo<\/strong>:Lujo de calidad<\/li>\n<li>\n<strong>Detalles de las instrucciones de instalaci\u00f3n<\/strong>:Proporcione un video de instrucciones de instalaci\u00f3n y un manual de instalaci\u00f3n.<\/li>\n<li>\n<strong>Gama de acabados de cuero<\/strong>:Superficie de contacto<\/li>\n<li>\n<strong><\/strong>:<\/li>\n<\/ul>\n<p><img><\/p>","protected":false},"excerpt":{"rendered":"<p>Marca: Red Tiger N\u00famero de pieza: small world Material: Madera Material de madera: Pino Patr\u00f3n: Arte Estilo: Simple y moderno N\u00famero de personas aplicables: individual Ordenar por color: Gris con<\/p>","protected":false},"featured_media":128208,"comment_status":"open","ping_status":"closed","template":"","meta":[],"product_brand":[],"product_cat":[30863,30971],"product_tag":[],"class_list":{"0":"post-68908","1":"product","2":"type-product","3":"status-publish","4":"has-post-thumbnail","6":"product_cat-wholesales-cinema-theater","7":"product_cat-hp","9":"first","10":"instock","11":"sale","12":"taxable","13":"shipping-taxable","14":"purchasable","15":"product-type-variable"},"_links":{"self":[{"href":"https:\/\/nexgendecors.com\/es\/wp-json\/wp\/v2\/product\/68908","targetHints":{"allow":["GET"]}}],"collection":[{"href":"https:\/\/nexgendecors.com\/es\/wp-json\/wp\/v2\/product"}],"about":[{"href":"https:\/\/nexgendecors.com\/es\/wp-json\/wp\/v2\/types\/product"}],"replies":[{"embeddable":true,"href":"https:\/\/nexgendecors.com\/es\/wp-json\/wp\/v2\/comments?post=68908"}],"version-history":[{"count":0,"href":"https:\/\/nexgendecors.com\/es\/wp-json\/wp\/v2\/product\/68908\/revisions"}],"wp:featuredmedia":[{"embeddable":true,"href":"https:\/\/nexgendecors.com\/es\/wp-json\/wp\/v2\/media\/128208"}],"wp:attachment":[{"href":"https:\/\/nexgendecors.com\/es\/wp-json\/wp\/v2\/media?parent=68908"}],"wp:term":[{"taxonomy":"product_brand","embeddable":true,"href":"https:\/\/nexgendecors.com\/es\/wp-json\/wp\/v2\/product_brand?post=68908"},{"taxonomy":"product_cat","embeddable":true,"href":"https:\/\/nexgendecors.com\/es\/wp-json\/wp\/v2\/product_cat?post=68908"},{"taxonomy":"product_tag","embeddable":true,"href":"https:\/\/nexgendecors.com\/es\/wp-json\/wp\/v2\/product_tag?post=68908"}],"curies":[{"name":"wp","href":"https:\/\/api.w.org\/{rel}","templated":true}]}}