{"id":68914,"date":"2025-01-26T03:14:52","date_gmt":"2025-01-26T03:14:52","guid":{"rendered":"https:\/\/nexgendecors.com\/product\/light-luxury-reception-bar-chair-modern-simple-bar-chair-bar-stool-home-hotel-lift-rotating-stainless-steel-high-stool\/"},"modified":"2025-04-06T09:09:48","modified_gmt":"2025-04-06T09:09:48","slug":"silla-de-bar-de-recepcion-de-lujo-ligera-moderna-y-sencilla-taburete-de-bar-para-casa-hotel-elevador-taburete-alto-giratorio-de-acero-inoxidable","status":"publish","type":"product","link":"https:\/\/nexgendecors.com\/es\/product\/silla-de-bar-de-recepcion-de-lujo-ligera-moderna-y-sencilla-taburete-de-bar-para-casa-hotel-elevador-taburete-alto-giratorio-de-acero-inoxidable\/","title":{"rendered":"Taburete de bar giratorio de acero inoxidable ligero y de lujo"},"content":{"rendered":"<ul>\n<li>\n<strong>estilo<\/strong>:Estilo de lujo ligero<\/li>\n<li>\n<strong>ordenar por color<\/strong>Acero inoxidable cepillado, color original (giratorio y elevable), sin respaldo (varilla de gas certificada de nivel 3), versi\u00f3n mejorada: franela caqui [todo titanio], versi\u00f3n mejorada: cuero de microfibra caqui [todo titanio], versi\u00f3n mejorada: franela verde oscuro [todo titanio], versi\u00f3n mejorada: franela burdeos [todo titanio], versi\u00f3n mejorada: franela naranja crep\u00fasculo [todo titanio], versi\u00f3n mejorada: cuero de microfibra naranja crep\u00fasculo [todo titanio], versi\u00f3n mejorada: franela rosa [todo titanio], versi\u00f3n mejorada: franela caqui [oro rosa], versi\u00f3n mejorada: franela naranja crep\u00fasculo [oro rosa], versi\u00f3n mejorada: franela burdeos [todo titanio negro], versi\u00f3n mejorada: franela negro puro [todo titanio negro], color\/tela\/herrajes personalizados [contactar con el servicio de atenci\u00f3n al cliente]<\/li>\n<li>\n<strong>Tama\u00f1o del paquete<\/strong>:46*46*52CM<\/li>\n<li>\n<strong>Peso del paquete<\/strong>:18 kg<\/li>\n<li>\n<strong>\u00bfSe puede subir o bajar?<\/strong>:S\u00ed<\/li>\n<li>\n<strong>\u00bfEs giratorio?<\/strong>:S\u00ed<\/li>\n<li>\n<strong><\/strong>:<\/li>\n<\/ul>\n<p><img><\/p>","protected":false},"excerpt":{"rendered":"<p>style:Light luxury style sort by color:Stainless steel brushed original color (rotatable and liftable), no backrest (level 3 certified gas rod),<\/p>","protected":false},"featured_media":128226,"comment_status":"open","ping_status":"closed","template":"","meta":[],"product_brand":[],"product_cat":[30855,30862,30971,30860,30865],"product_tag":[],"class_list":{"0":"post-68914","1":"product","2":"type-product","3":"status-publish","4":"has-post-thumbnail","6":"product_cat-wholesale-chairs","7":"product_cat-wholesales-hotels","8":"product_cat-hp","9":"product_cat-wholesale-restaurant","10":"product_cat-wholesales-salons-shops","12":"first","13":"instock","14":"sale","15":"taxable","16":"shipping-taxable","17":"purchasable","18":"product-type-variable"},"_links":{"self":[{"href":"https:\/\/nexgendecors.com\/es\/wp-json\/wp\/v2\/product\/68914","targetHints":{"allow":["GET"]}}],"collection":[{"href":"https:\/\/nexgendecors.com\/es\/wp-json\/wp\/v2\/product"}],"about":[{"href":"https:\/\/nexgendecors.com\/es\/wp-json\/wp\/v2\/types\/product"}],"replies":[{"embeddable":true,"href":"https:\/\/nexgendecors.com\/es\/wp-json\/wp\/v2\/comments?post=68914"}],"version-history":[{"count":0,"href":"https:\/\/nexgendecors.com\/es\/wp-json\/wp\/v2\/product\/68914\/revisions"}],"wp:featuredmedia":[{"embeddable":true,"href":"https:\/\/nexgendecors.com\/es\/wp-json\/wp\/v2\/media\/128226"}],"wp:attachment":[{"href":"https:\/\/nexgendecors.com\/es\/wp-json\/wp\/v2\/media?parent=68914"}],"wp:term":[{"taxonomy":"product_brand","embeddable":true,"href":"https:\/\/nexgendecors.com\/es\/wp-json\/wp\/v2\/product_brand?post=68914"},{"taxonomy":"product_cat","embeddable":true,"href":"https:\/\/nexgendecors.com\/es\/wp-json\/wp\/v2\/product_cat?post=68914"},{"taxonomy":"product_tag","embeddable":true,"href":"https:\/\/nexgendecors.com\/es\/wp-json\/wp\/v2\/product_tag?post=68914"}],"curies":[{"name":"wp","href":"https:\/\/api.w.org\/{rel}","templated":true}]}}