{"id":68972,"date":"2025-01-26T03:15:02","date_gmt":"2025-01-26T03:15:02","guid":{"rendered":"https:\/\/nexgendecors.com\/product\/mofit-peel-and-stick-backsplash-for-kitchen-3d-wall-panel-peel-and-stick-tile-self-adhesive-backsplash-for-bathroom-tile-stickers-diamond-10sheets-white-gold1706337335454\/"},"modified":"2025-04-15T11:18:09","modified_gmt":"2025-04-15T11:18:09","slug":"mofit-panel-de-pared-3d-autoadhesivo-para-salpicadero-de-cocina-adhesivo-para-azulejos-de-bano-10-hojas-blanco-dorado-1706337335454","status":"publish","type":"product","link":"https:\/\/nexgendecors.com\/es\/product\/mofit-panel-de-pared-3d-autoadhesivo-para-salpicadero-de-cocina-adhesivo-para-azulejos-de-bano-10-hojas-blanco-dorado-1706337335454\/","title":{"rendered":"Revestimiento antisalpicaduras MOFIT 3D autoadhesivo \u2013 Azulejos de oro blanco"},"content":{"rendered":"<p>\ud83c\udf1f <strong>Transformarse con facilidad<\/strong>:Presentamos los mosaicos para salpicaduras autoadhesivos de M MOFIT, \u00a1su soluci\u00f3n ideal para realizar renovaciones en el hogar sin esfuerzo!<\/p>\n<p>\ud83c\udfa8 <strong>Variedad de opciones<\/strong>:Explore nuestra gama de colores, texturas, tama\u00f1os y acabados, ofreciendo infinitas posibilidades para su visi\u00f3n de dise\u00f1o.<\/p>\n<p>\ud83d\udcaa <strong>Construcci\u00f3n duradera<\/strong>Fabricadas con pl\u00e1stico de resina duradero y aluminio, estas baldosas est\u00e1n dise\u00f1adas para durar, lo que garantiza la belleza a largo plazo en su espacio.<\/p>\n<p>\ud83d\udd27 <strong>Instalaci\u00f3n sencilla<\/strong>La aplicaci\u00f3n autoadhesiva facilita la instalaci\u00f3n. \u00a1Dile adi\u00f3s a la lechada sucia y hola a una renovaci\u00f3n sin complicaciones!<\/p>\n<p>\ud83c\udfe1 <strong>Uso vers\u00e1til<\/strong>:Perfecto para salpicaderos de estufas, paneles de paredes de ducha y cualquier otra \u00e1rea donde las propiedades impermeables y resistentes al calor sean esenciales.<\/p>\n<p>\ud83d\udd25 <strong>Resistente al calor y al agua<\/strong>:Nuestras baldosas est\u00e1n dise\u00f1adas para soportar altas temperaturas y humedad, brindando tranquilidad en ambientes de cocina y ba\u00f1o.<\/p>\n<p>\ud83d\udd0d <strong>Apariencia realista<\/strong>Disfruta del aspecto de los azulejos tradicionales sin complicaciones. Nuestras pegatinas 3D para azulejos ofrecen un acabado realista que realza cualquier espacio.<\/p>\n<p>\ud83d\udcd0 <strong>Especificaciones del producto<\/strong>:<\/p>\n<ul>\n<li>Tama\u00f1o: 10 hojas<\/li>\n<li>Color: Oro blanco<\/li>\n<li>Forma: rectangular<\/li>\n<li>Tipo de acabado: Sin pulir<\/li>\n<li>Cantidad de unidades: 9,36 pies cuadrados<\/li>\n<li>Nivel de resistencia al agua: Impermeable<\/li>\n<\/ul>\n<p>\ud83d\uded2 <strong>Descubra la diferencia<\/strong>\u00danase a los innumerables clientes satisfechos que han transformado sus espacios con los azulejos autoadhesivos para salpicaderos de M MOFIT. \u00a1Disfrute hoy mismo de la libertad de dise\u00f1ar sin complicaciones!<\/p>","protected":false},"excerpt":{"rendered":"<p>\ud83c\udf1f Transforme con facilidad: Presentamos los mosaicos para salpicaduras autoadhesivos de M MOFIT, \u00a1su soluci\u00f3n ideal para renovaciones sin esfuerzo en el hogar! \ud83c\udfa8<\/p>","protected":false},"featured_media":128307,"comment_status":"open","ping_status":"closed","template":"","meta":[],"product_brand":[],"product_cat":[30971,30986,30878],"product_tag":[],"class_list":{"0":"post-68972","1":"product","2":"type-product","3":"status-publish","4":"has-post-thumbnail","6":"product_cat-hp","7":"product_cat-tiles-wall-bricks","8":"product_cat-wall-panel","10":"first","11":"instock","12":"sale","13":"taxable","14":"shipping-taxable","15":"purchasable","16":"product-type-variable"},"_links":{"self":[{"href":"https:\/\/nexgendecors.com\/es\/wp-json\/wp\/v2\/product\/68972","targetHints":{"allow":["GET"]}}],"collection":[{"href":"https:\/\/nexgendecors.com\/es\/wp-json\/wp\/v2\/product"}],"about":[{"href":"https:\/\/nexgendecors.com\/es\/wp-json\/wp\/v2\/types\/product"}],"replies":[{"embeddable":true,"href":"https:\/\/nexgendecors.com\/es\/wp-json\/wp\/v2\/comments?post=68972"}],"version-history":[{"count":0,"href":"https:\/\/nexgendecors.com\/es\/wp-json\/wp\/v2\/product\/68972\/revisions"}],"wp:featuredmedia":[{"embeddable":true,"href":"https:\/\/nexgendecors.com\/es\/wp-json\/wp\/v2\/media\/128307"}],"wp:attachment":[{"href":"https:\/\/nexgendecors.com\/es\/wp-json\/wp\/v2\/media?parent=68972"}],"wp:term":[{"taxonomy":"product_brand","embeddable":true,"href":"https:\/\/nexgendecors.com\/es\/wp-json\/wp\/v2\/product_brand?post=68972"},{"taxonomy":"product_cat","embeddable":true,"href":"https:\/\/nexgendecors.com\/es\/wp-json\/wp\/v2\/product_cat?post=68972"},{"taxonomy":"product_tag","embeddable":true,"href":"https:\/\/nexgendecors.com\/es\/wp-json\/wp\/v2\/product_tag?post=68972"}],"curies":[{"name":"wp","href":"https:\/\/api.w.org\/{rel}","templated":true}]}}