{"id":69146,"date":"2025-01-26T03:16:27","date_gmt":"2025-01-26T03:16:27","guid":{"rendered":"https:\/\/nexgendecors.com\/product\/moomin-moomin-family-creative-solid-wood-childrens-chair-back-chair-home-shoe-stool-decorative-cartoon-stool\/"},"modified":"2025-04-06T09:10:00","modified_gmt":"2025-04-06T09:10:00","slug":"silla-creativa-de-madera-maciza-para-ninos-estilo-familiar-moomin-con-respaldo-para-el-hogar-con-diseno-de-dibujos-animados","status":"publish","type":"product","link":"https:\/\/nexgendecors.com\/es\/product\/silla-creativa-de-madera-maciza-para-ninos-estilo-familiar-moomin-con-respaldo-para-el-hogar-con-diseno-de-dibujos-animados\/","title":{"rendered":"Taburete infantil de madera con dibujos animados de la familia Moomin"},"content":{"rendered":"<ul>\n<li>\n<strong>marca<\/strong>:otro\/otro<\/li>\n<li>\n<strong>modelo<\/strong>:5201314<\/li>\n<li>\n<strong>elementos populares<\/strong>:Forma especial, empalme, pintado a mano.<\/li>\n<li>\n<strong>ciudad<\/strong>:Ciudad de Xiangtan<\/li>\n<li>\n<strong>Distritos y condados<\/strong>Distrito de Yuetang<\/li>\n<li>\n<strong>\u00bfEs personalizable?<\/strong>:No<\/li>\n<li>\n<strong>Material<\/strong>:Madera<\/li>\n<li>\n<strong>Detalles de las instrucciones de instalaci\u00f3n<\/strong>:Proporcione herramientas de instalaci\u00f3n sencillas, instrucciones de instalaci\u00f3n y videos de instalaci\u00f3n.<\/li>\n<li>\n<strong>Origen<\/strong>:Provincia de Hunan<\/li>\n<li>\n<strong>\u00bfHay taxi disponible para transporte?<\/strong>:S\u00ed<\/li>\n<li>\n<strong>Posicionamiento de estilo<\/strong>:Estilo art\u00edstico<\/li>\n<li>\n<strong>Entrega\/instalaci\u00f3n disponible<\/strong>:otro<\/li>\n<li>\n<strong>ordenar por color<\/strong>:(Ejemplo de adulto sentado), Material: Roble + tablero ecol\u00f3gico E1, Altura del asiento: 25 cm, Yamei (env\u00edo en unos 10 d\u00edas), Shiliqi (env\u00edo en 24 horas desde stock), Nu Muming (env\u00edo en 24 horas desde stock), El padre de Nu Muming (env\u00edo en 24 horas desde stock), La madre de Nu Muming (env\u00edo en 24 horas desde stock)<\/li>\n<li>\n<strong><\/strong>:<\/li>\n<\/ul>\n<p><img><\/p>","protected":false},"excerpt":{"rendered":"<p>brand:other\/other model:5201314 popular elements:Special shape, splicing, hand-painted city:Xiangtan City Districts and counties:Yuetang District Is it customizable?:no Material:Wood Installation Instructions Details:Provide<\/p>","protected":false},"featured_media":128874,"comment_status":"open","ping_status":"closed","template":"","meta":[],"product_brand":[],"product_cat":[30971,30849],"product_tag":[],"class_list":{"0":"post-69146","1":"product","2":"type-product","3":"status-publish","4":"has-post-thumbnail","6":"product_cat-hp","7":"product_cat-kindergarten-school-furniture","9":"first","10":"instock","11":"taxable","12":"shipping-taxable","13":"purchasable","14":"product-type-variable"},"_links":{"self":[{"href":"https:\/\/nexgendecors.com\/es\/wp-json\/wp\/v2\/product\/69146","targetHints":{"allow":["GET"]}}],"collection":[{"href":"https:\/\/nexgendecors.com\/es\/wp-json\/wp\/v2\/product"}],"about":[{"href":"https:\/\/nexgendecors.com\/es\/wp-json\/wp\/v2\/types\/product"}],"replies":[{"embeddable":true,"href":"https:\/\/nexgendecors.com\/es\/wp-json\/wp\/v2\/comments?post=69146"}],"version-history":[{"count":0,"href":"https:\/\/nexgendecors.com\/es\/wp-json\/wp\/v2\/product\/69146\/revisions"}],"wp:featuredmedia":[{"embeddable":true,"href":"https:\/\/nexgendecors.com\/es\/wp-json\/wp\/v2\/media\/128874"}],"wp:attachment":[{"href":"https:\/\/nexgendecors.com\/es\/wp-json\/wp\/v2\/media?parent=69146"}],"wp:term":[{"taxonomy":"product_brand","embeddable":true,"href":"https:\/\/nexgendecors.com\/es\/wp-json\/wp\/v2\/product_brand?post=69146"},{"taxonomy":"product_cat","embeddable":true,"href":"https:\/\/nexgendecors.com\/es\/wp-json\/wp\/v2\/product_cat?post=69146"},{"taxonomy":"product_tag","embeddable":true,"href":"https:\/\/nexgendecors.com\/es\/wp-json\/wp\/v2\/product_tag?post=69146"}],"curies":[{"name":"wp","href":"https:\/\/api.w.org\/{rel}","templated":true}]}}