{"id":69246,"date":"2025-01-26T03:16:44","date_gmt":"2025-01-26T03:16:44","guid":{"rendered":"https:\/\/nexgendecors.com\/product\/mopio-brooklyn-mid-century-modern-tv-stand-for-tvs-up-to-50-waveform-panel-sleek-curved-profile-with-adjustable-shelf-and-sturdy-box-frame-leg-golden-oak-571711879120181\/"},"modified":"2025-04-06T09:10:37","modified_gmt":"2025-04-06T09:10:37","slug":"mopio-brooklyn-mid-century-modern-tv-stand-for-tvs-up-to-50-waveform-panel-sleek-curved-profile-with-adjustable-shelf-and-sturdy-box-frame-leg-golden-oak-571711879120181","status":"publish","type":"product","link":"https:\/\/nexgendecors.com\/es\/product\/mopio-brooklyn-mid-century-modern-tv-stand-for-tvs-up-to-50-waveform-panel-sleek-curved-profile-with-adjustable-shelf-and-sturdy-box-frame-leg-golden-oak-571711879120181\/","title":{"rendered":"Mueble de TV Mopio Mid-Century Modern \u2013 Roble dorado, 57\u2033"},"content":{"rendered":"<p data-mce-fragment=\"1\">\ud83d\udccf <strong data-mce-fragment=\"1\">Dimensiones<\/strong>:<\/p>\n<ul data-mce-fragment=\"1\">\n<li data-mce-fragment=\"1\">Overall: 57&#8243; (W) x 15.6&#8243; (D) x 19.3&#8243; (H) \ud83d\udccf<\/li>\n<li data-mce-fragment=\"1\">Open Niche: 18.6&#8243; (W) x 13.4&#8243; (D) x 4.8&#8243; (H) \ud83d\udce6<\/li>\n<li data-mce-fragment=\"1\">Concealed Storage: 16.4&#8243; (W) x 11.8&#8243; (D) x 2.6&#8243; (H) \ud83d\udce6<\/li>\n<li data-mce-fragment=\"1\">Devoluciones sin complicaciones durante 30 d\u00edas y garant\u00eda de 1 a\u00f1o \ud83d\udecd\ufe0f<\/li>\n<\/ul>\n<p data-mce-fragment=\"1\">\ud83d\udce6 <strong data-mce-fragment=\"1\">Amplio almacenamiento<\/strong>:<\/p>\n<ul data-mce-fragment=\"1\">\n<li data-mce-fragment=\"1\">1 drawer, 2 concealed storages with shelves, and 1 open niche \ud83d\udce6<\/li>\n<li data-mce-fragment=\"1\">Perfect for organizing and decluttering your space! \ud83c\udfe1<\/li>\n<\/ul>\n<p data-mce-fragment=\"1\">\ud83c\udfa8 <strong data-mce-fragment=\"1\">Dise\u00f1o \u00fanico<\/strong>:<\/p>\n<ul data-mce-fragment=\"1\">\n<li data-mce-fragment=\"1\">Special fluted panel design for elegance \ud83c\udfa8<\/li>\n<li data-mce-fragment=\"1\">Rounded corners for safety and a softer look \ud83d\udc76<\/li>\n<li data-mce-fragment=\"1\">Streamlined frame for a modern aesthetic \ud83c\udf1f<\/li>\n<\/ul>\n<p data-mce-fragment=\"1\">\ud83d\udd0d <strong data-mce-fragment=\"1\">Adjustable Shelf<\/strong>:<\/p>\n<ul data-mce-fragment=\"1\">\n<li data-mce-fragment=\"1\">3 set positions to customize your storage \ud83d\udcda<\/li>\n<li data-mce-fragment=\"1\">Adapt the space to fit your items perfectly! \ud83d\udd04<\/li>\n<\/ul>\n<p data-mce-fragment=\"1\">\ud83d\udcaa <strong data-mce-fragment=\"1\">Construcci\u00f3n robusta<\/strong>:<\/p>\n<ul data-mce-fragment=\"1\">\n<li data-mce-fragment=\"1\">Box frame legs for equal weight distribution \ud83e\uddb6<\/li>\n<li data-mce-fragment=\"1\">Ensures stability and durability for long-lasting use \ud83d\udcaa<\/li>\n<\/ul>\n<p data-mce-fragment=\"1\">\ud83d\udd0c <strong data-mce-fragment=\"1\">Cable Management<\/strong>:<\/p>\n<ul data-mce-fragment=\"1\">\n<li data-mce-fragment=\"1\">Convenient holes at the back for clean and tidy cable organization \ud83d\udda5\ufe0f<\/li>\n<li data-mce-fragment=\"1\">Say goodbye to messy cables! \ud83d\udeab<\/li>\n<\/ul>\n<p data-mce-fragment=\"1\">\ud83e\udeb5 <strong data-mce-fragment=\"1\">Material de alta calidad<\/strong>:<\/p>\n<ul data-mce-fragment=\"1\">\n<li data-mce-fragment=\"1\">Madera de ingenier\u00eda duradera con acabado laminado \ud83e\udeb5<\/li>\n<\/ul>\n<p data-mce-fragment=\"1\">\ud83c\udfa8 <strong data-mce-fragment=\"1\">Note on Color &#038; Measurement<\/strong>:<\/p>\n<ul data-mce-fragment=\"1\">\n<li data-mce-fragment=\"1\">Variaciones de color debido a la iluminaci\u00f3n y la configuraci\u00f3n del dispositivo \ud83c\udf08<\/li>\n<li data-mce-fragment=\"1\">Measurements may vary up to 0.5 inches due to mass production \ud83d\udccf<\/li>\n<li data-mce-fragment=\"1\">Please adjust when measuring before purchase \ud83d\uded2<\/li>\n<\/ul>\n<div><\/div>","protected":false},"excerpt":{"rendered":"<p>\ud83d\udccf Dimensiones: Total: 57\u2033 (An) x 15.6\u2033 (Pr) x 19.3\u2033 (Al) \ud83d\udccf Nicho abierto: 18.6\u2033 (An) x 13.4\u2033 (Pr) x<\/p>","protected":false},"featured_media":129079,"comment_status":"open","ping_status":"closed","template":"","meta":[],"product_brand":[],"product_cat":[30971,30846,32,30877],"product_tag":[],"class_list":{"0":"post-69246","1":"product","2":"type-product","3":"status-publish","4":"has-post-thumbnail","6":"product_cat-hp","7":"product_cat-living-room","8":"product_cat-residential-furniture","9":"product_cat-tv-tables","11":"first","12":"instock","13":"taxable","14":"shipping-taxable","15":"purchasable","16":"product-type-variable"},"_links":{"self":[{"href":"https:\/\/nexgendecors.com\/es\/wp-json\/wp\/v2\/product\/69246","targetHints":{"allow":["GET"]}}],"collection":[{"href":"https:\/\/nexgendecors.com\/es\/wp-json\/wp\/v2\/product"}],"about":[{"href":"https:\/\/nexgendecors.com\/es\/wp-json\/wp\/v2\/types\/product"}],"replies":[{"embeddable":true,"href":"https:\/\/nexgendecors.com\/es\/wp-json\/wp\/v2\/comments?post=69246"}],"version-history":[{"count":0,"href":"https:\/\/nexgendecors.com\/es\/wp-json\/wp\/v2\/product\/69246\/revisions"}],"wp:featuredmedia":[{"embeddable":true,"href":"https:\/\/nexgendecors.com\/es\/wp-json\/wp\/v2\/media\/129079"}],"wp:attachment":[{"href":"https:\/\/nexgendecors.com\/es\/wp-json\/wp\/v2\/media?parent=69246"}],"wp:term":[{"taxonomy":"product_brand","embeddable":true,"href":"https:\/\/nexgendecors.com\/es\/wp-json\/wp\/v2\/product_brand?post=69246"},{"taxonomy":"product_cat","embeddable":true,"href":"https:\/\/nexgendecors.com\/es\/wp-json\/wp\/v2\/product_cat?post=69246"},{"taxonomy":"product_tag","embeddable":true,"href":"https:\/\/nexgendecors.com\/es\/wp-json\/wp\/v2\/product_tag?post=69246"}],"curies":[{"name":"wp","href":"https:\/\/api.w.org\/{rel}","templated":true}]}}