{"id":69335,"date":"2025-01-26T03:16:58","date_gmt":"2025-01-26T03:16:58","guid":{"rendered":"https:\/\/nexgendecors.com\/product\/mopio-chloe-futon-sofa-bed-convertible-sleeper-sofa-with-tapered-wood-legs-77-5-w-small-splitback-sofa-for-living-room-dark-gray-fabric-twin1711879778715\/"},"modified":"2025-04-06T09:10:53","modified_gmt":"2025-04-06T09:10:53","slug":"mopio-chloe-futon-sofa-bed-convertible-sleeper-sofa-with-tapered-wood-legs-77-5-w-small-splitback-sofa-for-living-room-dark-gray-fabric-twin1711879778715","status":"publish","type":"product","link":"https:\/\/nexgendecors.com\/es\/product\/mopio-chloe-futon-sofa-bed-convertible-sleeper-sofa-with-tapered-wood-legs-77-5-w-small-splitback-sofa-for-living-room-dark-gray-fabric-twin1711879778715\/","title":{"rendered":"Mopio Chloe Sof\u00e1 Cama Convertible - Tejido Gris Oscuro"},"content":{"rendered":"<p data-mce-fragment=\"1\"><strong data-mce-fragment=\"1\">Dimensions &#038; Warranty<\/strong> \ud83d\udccf:<\/p>\n<ul data-mce-fragment=\"1\">\n<li data-mce-fragment=\"1\">Size: 77.5&#8243; (W) x 33&#8243; (D) x 28.3&#8243; (H) inches<\/li>\n<li data-mce-fragment=\"1\">30-day return policy and 1-year warranty<\/li>\n<\/ul>\n<p data-mce-fragment=\"1\"><strong data-mce-fragment=\"1\">Funcionalidad vers\u00e1til<\/strong> \ud83d\udecb\ufe0f:<\/p>\n<ul data-mce-fragment=\"1\">\n<li data-mce-fragment=\"1\">3 adjustable backrest settings for sitting, lounging, or sleeping<\/li>\n<li data-mce-fragment=\"1\">Seats 3, transforms into a futon bed for 1<\/li>\n<li data-mce-fragment=\"1\">Ideal for living rooms and guest rooms<\/li>\n<\/ul>\n<p data-mce-fragment=\"1\"><strong data-mce-fragment=\"1\">Firm &#038; Sturdy<\/strong> \ud83d\udcaa:<\/p>\n<ul data-mce-fragment=\"1\">\n<li data-mce-fragment=\"1\">High-quality foam seat for firm and comfortable seating<\/li>\n<li data-mce-fragment=\"1\">Supports up to 550 lbs<\/li>\n<\/ul>\n<p data-mce-fragment=\"1\"><strong data-mce-fragment=\"1\">Dise\u00f1o atemporal<\/strong> \u23f3:<\/p>\n<ul data-mce-fragment=\"1\">\n<li data-mce-fragment=\"1\">Modern lines with mid-century details like chevron tufting<\/li>\n<li data-mce-fragment=\"1\">Tapered plastic legs for added style<\/li>\n<\/ul>\n<p data-mce-fragment=\"1\"><strong data-mce-fragment=\"1\">F\u00e1cil mantenimiento<\/strong> \ud83e\uddf9:<\/p>\n<ul data-mce-fragment=\"1\">\n<li data-mce-fragment=\"1\">7.9&#8243; height clearance for easy cleaning access<\/li>\n<\/ul>\n<p data-mce-fragment=\"1\"><strong data-mce-fragment=\"1\">Montaje sencillo<\/strong> \ud83d\udee0\ufe0f:<\/p>\n<ul data-mce-fragment=\"1\">\n<li data-mce-fragment=\"1\">Two-person assembly in 20 minutes<\/li>\n<li data-mce-fragment=\"1\">Hardware conveniently stored under the seat<\/li>\n<\/ul>\n<p data-mce-fragment=\"1\"><strong data-mce-fragment=\"1\">Color &#038; Measurement Disclaimer<\/strong> \ud83c\udfa8:<\/p>\n<ul data-mce-fragment=\"1\">\n<li data-mce-fragment=\"1\">Color variance due to lighting and device settings<\/li>\n<li data-mce-fragment=\"1\">Measurements may vary up to 0.5 inches due to mass production<\/li>\n<\/ul>\n<div><\/div>","protected":false},"excerpt":{"rendered":"<p>Dimensiones y garant\u00eda \ud83d\udccf: Tama\u00f1o: 77,5\u2033 (ancho) x 33\u2033 (fondo) x 28,3\u2033 (alto) pulgadas Pol\u00edtica de devoluci\u00f3n de 30 d\u00edas y garant\u00eda de 1 a\u00f1o.<\/p>","protected":false},"featured_media":129273,"comment_status":"open","ping_status":"closed","template":"","meta":[],"product_brand":[],"product_cat":[30971,30846,32,30873],"product_tag":[],"class_list":{"0":"post-69335","1":"product","2":"type-product","3":"status-publish","4":"has-post-thumbnail","6":"product_cat-hp","7":"product_cat-living-room","8":"product_cat-residential-furniture","9":"product_cat-sofa","11":"first","12":"instock","13":"taxable","14":"shipping-taxable","15":"purchasable","16":"product-type-variable"},"_links":{"self":[{"href":"https:\/\/nexgendecors.com\/es\/wp-json\/wp\/v2\/product\/69335","targetHints":{"allow":["GET"]}}],"collection":[{"href":"https:\/\/nexgendecors.com\/es\/wp-json\/wp\/v2\/product"}],"about":[{"href":"https:\/\/nexgendecors.com\/es\/wp-json\/wp\/v2\/types\/product"}],"replies":[{"embeddable":true,"href":"https:\/\/nexgendecors.com\/es\/wp-json\/wp\/v2\/comments?post=69335"}],"version-history":[{"count":0,"href":"https:\/\/nexgendecors.com\/es\/wp-json\/wp\/v2\/product\/69335\/revisions"}],"wp:featuredmedia":[{"embeddable":true,"href":"https:\/\/nexgendecors.com\/es\/wp-json\/wp\/v2\/media\/129273"}],"wp:attachment":[{"href":"https:\/\/nexgendecors.com\/es\/wp-json\/wp\/v2\/media?parent=69335"}],"wp:term":[{"taxonomy":"product_brand","embeddable":true,"href":"https:\/\/nexgendecors.com\/es\/wp-json\/wp\/v2\/product_brand?post=69335"},{"taxonomy":"product_cat","embeddable":true,"href":"https:\/\/nexgendecors.com\/es\/wp-json\/wp\/v2\/product_cat?post=69335"},{"taxonomy":"product_tag","embeddable":true,"href":"https:\/\/nexgendecors.com\/es\/wp-json\/wp\/v2\/product_tag?post=69335"}],"curies":[{"name":"wp","href":"https:\/\/api.w.org\/{rel}","templated":true}]}}