{"id":69446,"date":"2025-01-26T03:17:12","date_gmt":"2025-01-26T03:17:12","guid":{"rendered":"https:\/\/nexgendecors.com\/product\/mopio-haylee-rattan-storage-cabinet-modern-farmhouse-boho-accent-buffet-sideboard-cabinet-natural-rattan-cabinet-doors-console-table-credenza-adjustable-shelves-for-kitchen-living-room-oak171187912"},"modified":"2025-04-06T09:11:18","modified_gmt":"2025-04-06T09:11:18","slug":"mopio-haylee-rattan-storage-cabinet-modern-farmhouse-boho-accent-buffet-sideboard-cabinet-natural-rattan-cabinet-doors-console-table-credenza-adjustable-shelves-for-kitchen-living-room-oak171187912031","status":"publish","type":"product","link":"https:\/\/nexgendecors.com\/es\/product\/mopio-haylee-rattan-storage-cabinet-modern-farmhouse-boho-accent-buffet-sideboard-cabinet-natural-rattan-cabinet-doors-console-table-credenza-adjustable-shelves-for-kitchen-living-room-oak171187912031\/","title":{"rendered":"Mopio Rattan Storage Cabinet &#8211; Modern Farmhouse Style"},"content":{"rendered":"<p data-mce-fragment=\"1\">\ud83d\udccf <strong data-mce-fragment=\"1\">Dimensiones<\/strong>:<\/p>\n<ul data-mce-fragment=\"1\">\n<li data-mce-fragment=\"1\">Overall: 31.1&#8243; (W) x 15.5&#8243; (D) x 31.6&#8243; (H) \ud83d\udccf<\/li>\n<li data-mce-fragment=\"1\">Devoluciones sin complicaciones durante 30 d\u00edas y garant\u00eda de 1 a\u00f1o \ud83d\udecd\ufe0f<\/li>\n<\/ul>\n<p data-mce-fragment=\"1\">\ud83c\udfa8 <strong data-mce-fragment=\"1\">Modern Farmhouse Boho Design<\/strong>:<\/p>\n<ul data-mce-fragment=\"1\">\n<li data-mce-fragment=\"1\">2-Door Cabinet with natural rattan door design \ud83d\udeaa<\/li>\n<li data-mce-fragment=\"1\">Antique gold hardware handles for a vintage touch \ud83c\udf1f<\/li>\n<li data-mce-fragment=\"1\">Open niche and hidden storage for ample organization \ud83d\udce6<\/li>\n<\/ul>\n<p data-mce-fragment=\"1\">\ud83d\udd0d <strong data-mce-fragment=\"1\">Flexibility in Storage<\/strong>:<\/p>\n<ul data-mce-fragment=\"1\">\n<li data-mce-fragment=\"1\">Adjustable shelves with 3 set heights for customizable storage \ud83d\udcda<\/li>\n<li data-mce-fragment=\"1\">Perfectly designed space to fit your storage needs! \ud83d\udd04<\/li>\n<\/ul>\n<p data-mce-fragment=\"1\">\ud83c\udf3f <strong data-mce-fragment=\"1\">Natural Rattan Detailing<\/strong>:<\/p>\n<ul data-mce-fragment=\"1\">\n<li data-mce-fragment=\"1\">Beautifully woven with natural grain color variations \ud83c\udf1f<\/li>\n<li data-mce-fragment=\"1\">Adds dimension and texture, bringing the farmhouse look to life \ud83c\udf3e<\/li>\n<\/ul>\n<p data-mce-fragment=\"1\">\ud83d\udcaa <strong data-mce-fragment=\"1\">Construcci\u00f3n robusta<\/strong>:<\/p>\n<ul data-mce-fragment=\"1\">\n<li data-mce-fragment=\"1\">Box frame solid wood legs with leveler for extra stability \ud83e\uddb6<\/li>\n<li data-mce-fragment=\"1\">Ensures durability without compromising aesthetics \ud83e\udeb5<\/li>\n<\/ul>\n<p data-mce-fragment=\"1\">\ud83e\udeb5 <strong data-mce-fragment=\"1\">Material de alta calidad<\/strong>:<\/p>\n<ul data-mce-fragment=\"1\">\n<li data-mce-fragment=\"1\">Madera de ingenier\u00eda duradera con acabado laminado \ud83e\udeb5<\/li>\n<\/ul>\n<p data-mce-fragment=\"1\">\ud83c\udfa8 <strong data-mce-fragment=\"1\">Note on Color &#038; Measurement<\/strong>:<\/p>\n<ul data-mce-fragment=\"1\">\n<li data-mce-fragment=\"1\">Variaciones de color debido a la iluminaci\u00f3n y la configuraci\u00f3n del dispositivo \ud83c\udf08<\/li>\n<li data-mce-fragment=\"1\">Las medidas pueden diferir hasta 0,5 pulgadas \ud83d\udccf<\/li>\n<li data-mce-fragment=\"1\">Por favor, ajuste esto al medir antes de comprar \ud83d\uded2<\/li>\n<\/ul>\n<div><\/div>","protected":false},"excerpt":{"rendered":"<p>\ud83d\udccf Dimensions: Overall: 31.1&#8243; (W) x 15.5&#8243; (D) x 31.6&#8243; (H) \ud83d\udccf Hassle-free 30-Day Returns &#038; 1-Year Warranty \ud83d\udecd\ufe0f \ud83c\udfa8<\/p>","protected":false},"featured_media":129431,"comment_status":"open","ping_status":"closed","template":"","meta":[],"product_brand":[],"product_cat":[30821,30971,30846,32],"product_tag":[],"class_list":{"0":"post-69446","1":"product","2":"type-product","3":"status-publish","4":"has-post-thumbnail","6":"product_cat-console-table","7":"product_cat-hp","8":"product_cat-living-room","9":"product_cat-residential-furniture","11":"first","12":"instock","13":"taxable","14":"shipping-taxable","15":"purchasable","16":"product-type-variable"},"_links":{"self":[{"href":"https:\/\/nexgendecors.com\/es\/wp-json\/wp\/v2\/product\/69446","targetHints":{"allow":["GET"]}}],"collection":[{"href":"https:\/\/nexgendecors.com\/es\/wp-json\/wp\/v2\/product"}],"about":[{"href":"https:\/\/nexgendecors.com\/es\/wp-json\/wp\/v2\/types\/product"}],"replies":[{"embeddable":true,"href":"https:\/\/nexgendecors.com\/es\/wp-json\/wp\/v2\/comments?post=69446"}],"version-history":[{"count":0,"href":"https:\/\/nexgendecors.com\/es\/wp-json\/wp\/v2\/product\/69446\/revisions"}],"wp:featuredmedia":[{"embeddable":true,"href":"https:\/\/nexgendecors.com\/es\/wp-json\/wp\/v2\/media\/129431"}],"wp:attachment":[{"href":"https:\/\/nexgendecors.com\/es\/wp-json\/wp\/v2\/media?parent=69446"}],"wp:term":[{"taxonomy":"product_brand","embeddable":true,"href":"https:\/\/nexgendecors.com\/es\/wp-json\/wp\/v2\/product_brand?post=69446"},{"taxonomy":"product_cat","embeddable":true,"href":"https:\/\/nexgendecors.com\/es\/wp-json\/wp\/v2\/product_cat?post=69446"},{"taxonomy":"product_tag","embeddable":true,"href":"https:\/\/nexgendecors.com\/es\/wp-json\/wp\/v2\/product_tag?post=69446"}],"curies":[{"name":"wp","href":"https:\/\/api.w.org\/{rel}","templated":true}]}}