{"id":69453,"date":"2025-01-26T03:17:15","date_gmt":"2025-01-26T03:17:15","guid":{"rendered":"https:\/\/nexgendecors.com\/product\/mopio-haylee-sideboard-modern-farmhouse-boho-accent-buffet-storage-cabinet-natural-rattan-doors-console-table-credenza-media-cabinet-adjustable-shelves-for-kitchen-coffee-bar-living-room-oak1711879"},"modified":"2025-04-06T09:11:22","modified_gmt":"2025-04-06T09:11:22","slug":"mopio-haylee-sideboard-modern-farmhouse-boho-accent-buffet-storage-cabinet-natural-rattan-doors-console-table-credenza-media-cabinet-adjustable-shelves-for-kitchen-coffee-bar-living-room-oak1711879120","status":"publish","type":"product","link":"https:\/\/nexgendecors.com\/es\/product\/mopio-haylee-sideboard-modern-farmhouse-boho-accent-buffet-storage-cabinet-natural-rattan-doors-console-table-credenza-media-cabinet-adjustable-shelves-for-kitchen-coffee-bar-living-room-oak1711879120\/","title":{"rendered":"Aparador Mopio Haylee: Aparador Granja Moderno"},"content":{"rendered":"<p data-mce-fragment=\"1\">\ud83d\udccf <strong data-mce-fragment=\"1\">Dimensiones<\/strong>:<\/p>\n<ul data-mce-fragment=\"1\">\n<li data-mce-fragment=\"1\">Overall: 55.9&#8243; (W) x 15.4&#8243; (D) x 31.6&#8243; (H) \ud83d\udccf<\/li>\n<li data-mce-fragment=\"1\">Devoluciones sin complicaciones durante 30 d\u00edas y garant\u00eda de 1 a\u00f1o \ud83d\udecd\ufe0f<\/li>\n<\/ul>\n<p data-mce-fragment=\"1\">\ud83c\udfa8 <strong data-mce-fragment=\"1\">Dise\u00f1o<\/strong>:<\/p>\n<ul data-mce-fragment=\"1\">\n<li data-mce-fragment=\"1\">Modern farmhouse boho 3-Door Sideboard \ud83c\udf3e<\/li>\n<li data-mce-fragment=\"1\">Natural rattan door design paired with antique gold hardware handles \ud83d\udeaa\u2728<\/li>\n<li data-mce-fragment=\"1\">Interchangeable rattan and wooden doors for customizable looks \ud83d\udd04<\/li>\n<\/ul>\n<p data-mce-fragment=\"1\">\ud83d\udd0d <strong data-mce-fragment=\"1\">Flexibility<\/strong>:<\/p>\n<ul data-mce-fragment=\"1\">\n<li data-mce-fragment=\"1\">Adjustable shelves with 3 set heights for personalized storage \ud83d\udcda<\/li>\n<li data-mce-fragment=\"1\">Customize your storage needs effortlessly! \ud83d\udd04<\/li>\n<\/ul>\n<p data-mce-fragment=\"1\">\ud83c\udf3f <strong data-mce-fragment=\"1\">Natural Rattan<\/strong>:<\/p>\n<ul data-mce-fragment=\"1\">\n<li data-mce-fragment=\"1\">Beautifully woven with natural grain color variations \ud83c\udf3e<\/li>\n<li data-mce-fragment=\"1\">Adds dimension and texture for a lively farmhouse look \ud83c\udf1f<\/li>\n<\/ul>\n<p data-mce-fragment=\"1\">\ud83d\udcaa <strong data-mce-fragment=\"1\">Solid Wood Legs<\/strong>:<\/p>\n<ul data-mce-fragment=\"1\">\n<li data-mce-fragment=\"1\">Box frame legs with leveler for stability and sturdiness \ud83e\uddb6<\/li>\n<li data-mce-fragment=\"1\">Aesthetic appeal without compromise \ud83c\udf1f<\/li>\n<\/ul>\n<p data-mce-fragment=\"1\">\ud83e\udeb5 <strong data-mce-fragment=\"1\">Material de alta calidad<\/strong>:<\/p>\n<ul data-mce-fragment=\"1\">\n<li data-mce-fragment=\"1\">Madera de ingenier\u00eda duradera con acabado laminado \ud83e\udeb5<\/li>\n<\/ul>\n<p data-mce-fragment=\"1\">\ud83c\udfa8 <strong data-mce-fragment=\"1\">Note on Color &#038; Measurement<\/strong>:<\/p>\n<ul data-mce-fragment=\"1\">\n<li data-mce-fragment=\"1\">Variaciones de color debido a la iluminaci\u00f3n y la configuraci\u00f3n del dispositivo \ud83c\udf08<\/li>\n<li data-mce-fragment=\"1\">Measurements may vary up to 0.5 inches due to mass production \ud83d\udccf<\/li>\n<li data-mce-fragment=\"1\">Please adjust when measuring before purchase \ud83d\uded2<\/li>\n<\/ul>\n<p data-mce-fragment=\"1\">\ud83d\udecd\ufe0f <strong data-mce-fragment=\"1\">Customer Assurance<\/strong>:<\/p>\n<ul data-mce-fragment=\"1\">\n<li data-mce-fragment=\"1\">Devoluciones sin complicaciones durante 30 d\u00edas y garant\u00eda de 1 a\u00f1o \ud83d\udecd\ufe0f<\/li>\n<\/ul>\n<div><\/div>","protected":false},"excerpt":{"rendered":"<p>\ud83d\udccf Dimensiones: Total: 55,9\u2033 (ancho) x 15,4\u2033 (fondo) x 31,6\u2033 (alto) \ud83d\udccf Devoluciones sin problemas en 30 d\u00edas y garant\u00eda de 1 a\u00f1o \ud83d\udecd\ufe0f \ud83c\udfa8<\/p>","protected":false},"featured_media":129454,"comment_status":"open","ping_status":"closed","template":"","meta":[],"product_brand":[],"product_cat":[30821,30971,30846,32],"product_tag":[],"class_list":{"0":"post-69453","1":"product","2":"type-product","3":"status-publish","4":"has-post-thumbnail","6":"product_cat-console-table","7":"product_cat-hp","8":"product_cat-living-room","9":"product_cat-residential-furniture","11":"first","12":"instock","13":"taxable","14":"shipping-taxable","15":"purchasable","16":"product-type-variable"},"_links":{"self":[{"href":"https:\/\/nexgendecors.com\/es\/wp-json\/wp\/v2\/product\/69453","targetHints":{"allow":["GET"]}}],"collection":[{"href":"https:\/\/nexgendecors.com\/es\/wp-json\/wp\/v2\/product"}],"about":[{"href":"https:\/\/nexgendecors.com\/es\/wp-json\/wp\/v2\/types\/product"}],"replies":[{"embeddable":true,"href":"https:\/\/nexgendecors.com\/es\/wp-json\/wp\/v2\/comments?post=69453"}],"version-history":[{"count":0,"href":"https:\/\/nexgendecors.com\/es\/wp-json\/wp\/v2\/product\/69453\/revisions"}],"wp:featuredmedia":[{"embeddable":true,"href":"https:\/\/nexgendecors.com\/es\/wp-json\/wp\/v2\/media\/129454"}],"wp:attachment":[{"href":"https:\/\/nexgendecors.com\/es\/wp-json\/wp\/v2\/media?parent=69453"}],"wp:term":[{"taxonomy":"product_brand","embeddable":true,"href":"https:\/\/nexgendecors.com\/es\/wp-json\/wp\/v2\/product_brand?post=69453"},{"taxonomy":"product_cat","embeddable":true,"href":"https:\/\/nexgendecors.com\/es\/wp-json\/wp\/v2\/product_cat?post=69453"},{"taxonomy":"product_tag","embeddable":true,"href":"https:\/\/nexgendecors.com\/es\/wp-json\/wp\/v2\/product_tag?post=69453"}],"curies":[{"name":"wp","href":"https:\/\/api.w.org\/{rel}","templated":true}]}}