{"id":69460,"date":"2025-01-26T03:17:16","date_gmt":"2025-01-26T03:17:16","guid":{"rendered":"https:\/\/nexgendecors.com\/product\/mopio-haylee-tv-stand-59-modern-boho-farmhouse-entertainment-center-natural-rattan-tv-console-tv-stand-with-storage-media-console-for-living-room1711879120261\/"},"modified":"2025-04-06T09:11:26","modified_gmt":"2025-04-06T09:11:26","slug":"mopio-haylee-tv-stand-59-modern-boho-farmhouse-entertainment-center-natural-rattan-tv-console-tv-stand-with-storage-media-console-for-living-room1711879120261","status":"publish","type":"product","link":"https:\/\/nexgendecors.com\/es\/product\/mopio-haylee-tv-stand-59-modern-boho-farmhouse-entertainment-center-natural-rattan-tv-console-tv-stand-with-storage-media-console-for-living-room1711879120261\/","title":{"rendered":"Mopio Haylee 59\u2033 Boho Farmhouse soporte de TV con rat\u00e1n"},"content":{"rendered":"<p data-mce-fragment=\"1\">\ud83d\udccf <strong data-mce-fragment=\"1\">Dimensiones<\/strong>:<\/p>\n<ul data-mce-fragment=\"1\">\n<li data-mce-fragment=\"1\">Size: 59&#8243; (W) x 15.4&#8243; (D) x 17.5&#8243; (H)<\/li>\n<li data-mce-fragment=\"1\">Devoluciones sin complicaciones durante 30 d\u00edas y garant\u00eda de 1 a\u00f1o \ud83d\udecd\ufe0f<\/li>\n<\/ul>\n<p data-mce-fragment=\"1\">\ud83c\udfa8 <strong data-mce-fragment=\"1\">Dise\u00f1o<\/strong>:<\/p>\n<ul data-mce-fragment=\"1\">\n<li data-mce-fragment=\"1\">Trendy Modern Farmhouse Boho TV Stand \ud83c\udf3f<\/li>\n<li data-mce-fragment=\"1\">Stylish rattan door detailing \ud83d\udeaa<\/li>\n<li data-mce-fragment=\"1\">Adjustable shelves for personalized storage \ud83d\udcda<\/li>\n<\/ul>\n<p data-mce-fragment=\"1\">\ud83d\udee0\ufe0f <strong data-mce-fragment=\"1\">Flexibility<\/strong>:<\/p>\n<ul data-mce-fragment=\"1\">\n<li data-mce-fragment=\"1\">Sliding doors for space-saving &#038; customization \ud83d\udd04<\/li>\n<li data-mce-fragment=\"1\">Tailor your furniture to fit your needs \ud83d\udecb\ufe0f<\/li>\n<\/ul>\n<p data-mce-fragment=\"1\">\ud83c\udf3f <strong data-mce-fragment=\"1\">Natural Rattan<\/strong>:<\/p>\n<ul data-mce-fragment=\"1\">\n<li data-mce-fragment=\"1\">Weather-resistant &#038; durable \ud83c\udf26\ufe0f<\/li>\n<li data-mce-fragment=\"1\">Stays pristine for years to come \ud83d\udd70\ufe0f<\/li>\n<\/ul>\n<p data-mce-fragment=\"1\">\ud83e\udeb5 <strong data-mce-fragment=\"1\">Solid Wooden Leg &#038; Leveler<\/strong>:<\/p>\n<ul data-mce-fragment=\"1\">\n<li data-mce-fragment=\"1\">Extra stability without sacrificing style \ud83d\udc4c<\/li>\n<li data-mce-fragment=\"1\">Robust wooden leg ensures durability \ud83e\ude91<\/li>\n<\/ul>\n<p data-mce-fragment=\"1\">\ud83e\ude91 <strong data-mce-fragment=\"1\">Material de madera<\/strong>:<\/p>\n<ul data-mce-fragment=\"1\">\n<li data-mce-fragment=\"1\">Premium engineered wood with laminate finish \ud83e\ude9a<\/li>\n<\/ul>\n<p data-mce-fragment=\"1\">\ud83c\udfa8 <strong data-mce-fragment=\"1\">Nota<\/strong>:<\/p>\n<ul data-mce-fragment=\"1\">\n<li data-mce-fragment=\"1\">Color may vary due to lighting and device settings \ud83c\udf08<\/li>\n<li data-mce-fragment=\"1\">Las medidas pueden diferir hasta 0,5 pulgadas \ud83d\udccf<\/li>\n<li data-mce-fragment=\"1\">Por favor, ajuste esto al medir antes de comprar \ud83d\uded2<\/li>\n<\/ul>\n<div><\/div>","protected":false},"excerpt":{"rendered":"<p>\ud83d\udccf Dimensiones: Tama\u00f1o: 59\u2033 (ancho) x 15,4\u2033 (fondo) x 17,5\u2033 (alto) Devoluciones sin problemas en 30 d\u00edas y garant\u00eda de 1 a\u00f1o \ud83d\udecd\ufe0f \ud83c\udfa8 Dise\u00f1o:<\/p>","protected":false},"featured_media":129475,"comment_status":"open","ping_status":"closed","template":"","meta":[],"product_brand":[],"product_cat":[30971,30846,32,30877],"product_tag":[],"class_list":{"0":"post-69460","1":"product","2":"type-product","3":"status-publish","4":"has-post-thumbnail","6":"product_cat-hp","7":"product_cat-living-room","8":"product_cat-residential-furniture","9":"product_cat-tv-tables","11":"first","12":"instock","13":"taxable","14":"shipping-taxable","15":"purchasable","16":"product-type-variable"},"_links":{"self":[{"href":"https:\/\/nexgendecors.com\/es\/wp-json\/wp\/v2\/product\/69460","targetHints":{"allow":["GET"]}}],"collection":[{"href":"https:\/\/nexgendecors.com\/es\/wp-json\/wp\/v2\/product"}],"about":[{"href":"https:\/\/nexgendecors.com\/es\/wp-json\/wp\/v2\/types\/product"}],"replies":[{"embeddable":true,"href":"https:\/\/nexgendecors.com\/es\/wp-json\/wp\/v2\/comments?post=69460"}],"version-history":[{"count":0,"href":"https:\/\/nexgendecors.com\/es\/wp-json\/wp\/v2\/product\/69460\/revisions"}],"wp:featuredmedia":[{"embeddable":true,"href":"https:\/\/nexgendecors.com\/es\/wp-json\/wp\/v2\/media\/129475"}],"wp:attachment":[{"href":"https:\/\/nexgendecors.com\/es\/wp-json\/wp\/v2\/media?parent=69460"}],"wp:term":[{"taxonomy":"product_brand","embeddable":true,"href":"https:\/\/nexgendecors.com\/es\/wp-json\/wp\/v2\/product_brand?post=69460"},{"taxonomy":"product_cat","embeddable":true,"href":"https:\/\/nexgendecors.com\/es\/wp-json\/wp\/v2\/product_cat?post=69460"},{"taxonomy":"product_tag","embeddable":true,"href":"https:\/\/nexgendecors.com\/es\/wp-json\/wp\/v2\/product_tag?post=69460"}],"curies":[{"name":"wp","href":"https:\/\/api.w.org\/{rel}","templated":true}]}}