{"id":69502,"date":"2025-01-26T03:17:24","date_gmt":"2025-01-26T03:17:24","guid":{"rendered":"https:\/\/nexgendecors.com\/product\/mopio-ted-solid-wood-night-stand-with-charging-station-mid-century-modern-nightstand-small-side-table-bedside-table-with-drawer-end-table-with-storage-with-usb-c-usb-a-ports-power-cord-walnut171206"},"modified":"2025-04-06T09:11:50","modified_gmt":"2025-04-06T09:11:50","slug":"mesita-de-noche-de-madera-maciza-mopio-ted-con-estacion-de-carga-mesita-de-noche-moderna-de-mediados-de-siglo-pequena-mesa-auxiliar-con-cajon-mesa-auxiliar-con-almacenamiento-puertos-usb-c-y-usb-a","status":"publish","type":"product","link":"https:\/\/nexgendecors.com\/es\/product\/mesita-de-noche-de-madera-maciza-mopio-ted-con-estacion-de-carga-mesita-de-noche-moderna-de-mediados-de-siglo-pequena-mesa-auxiliar-con-cajon-mesa-auxiliar-con-almacenamiento-puertos-usb-c-y-usb-a\/","title":{"rendered":"Mesita de noche Mopio Ted de mediados de siglo con estaci\u00f3n de carga"},"content":{"rendered":"<p data-mce-fragment=\"1\">\ud83c\udf1f <strong data-mce-fragment=\"1\">Detalles dimensionales<\/strong>Esta mesita de noche moderna de mediados de siglo mide 50 cm (ancho) x 38 cm (profundidad) x 59 cm (alto), lo que le ofrece amplio espacio de almacenamiento y estilo. Disfrute de la tranquilidad de nuestra pol\u00edtica de devoluci\u00f3n de 30 d\u00edas y 1 a\u00f1o de garant\u00eda.<\/p>\n<p data-mce-fragment=\"1\">\ud83d\udd0c <strong data-mce-fragment=\"1\">Recarga con facilidad<\/strong>Con puertos USB-C (3.1) y USB-A (2.0) con certificaci\u00f3n UL y un cable de alimentaci\u00f3n de 73,6\u2033, esta mesita de noche est\u00e1 dise\u00f1ada para su comodidad y seguridad.<\/p>\n<p data-mce-fragment=\"1\">\ud83c\udfe1 <strong data-mce-fragment=\"1\">Dise\u00f1o elegante<\/strong>Adopte la elegancia moderna de mediados de siglo con l\u00edneas elegantes, patas c\u00f3nicas y manijas de caj\u00f3n ranuradas, agregando un toque de sofisticaci\u00f3n a la decoraci\u00f3n de su dormitorio.<\/p>\n<p data-mce-fragment=\"1\">\ud83d\udcaa <strong data-mce-fragment=\"1\">Robusto y robusto<\/strong>Fabricada en madera maciza de acacia 100% con un tablero revestido de alta calidad para mayor resistencia a los ara\u00f1azos y al calor, esta mesita de noche est\u00e1 dise\u00f1ada para durar. Sus patas en \u00e1ngulo le aportan mayor robustez, garantizando un caf\u00e9 matutino sin preocupaciones en la cama.<\/p>\n<p data-mce-fragment=\"1\">\ud83d\udeaa <strong data-mce-fragment=\"1\">Amplio almacenamiento<\/strong>:Disfrute de un amplio espacio de almacenamiento con un nicho abierto y un caj\u00f3n equipado con rieles de calidad para un deslizamiento suave, manteniendo sus elementos esenciales organizados y al alcance.<\/p>\n<p data-mce-fragment=\"1\">\ud83d\udd27 <strong data-mce-fragment=\"1\">Montaje sencillo<\/strong>Con montaje que una sola persona puede realizar en menos de 15 minutos, montar esta mesita de noche es r\u00e1pido y sin complicaciones.<\/p>\n<p data-mce-fragment=\"1\">\ud83e\udeb5 <strong data-mce-fragment=\"1\">Material de madera<\/strong>Fabricada con madera maciza de acacia y madera de ingenier\u00eda (solo paneles laterales y traseros de los cajones), esta mesita de noche combina durabilidad y estilo a la perfecci\u00f3n.<\/p>\n<p data-mce-fragment=\"1\">\ud83c\udfa8 <strong data-mce-fragment=\"1\">Descargo de responsabilidad sobre variaciones de color y medidas<\/strong>Tenga en cuenta que puede haber una variaci\u00f3n de color entre el producto real y las fotos debido a las diferentes condiciones de iluminaci\u00f3n y la configuraci\u00f3n del dispositivo de visualizaci\u00f3n en l\u00ednea. Adem\u00e1s, las medidas pueden variar hasta 1,27 cm debido a la producci\u00f3n en masa; tenga en cuenta esta diferencia al medir antes de comprar.<\/p>\n<div><\/div>","protected":false},"excerpt":{"rendered":"<p>\ud83c\udf1f Dimensional Details: This mid-century modern nightstand measures 19.7&#8243; (W) x 15&#8243; (D) x 23.6&#8243; (H) Inches, providing ample storage<\/p>","protected":false},"featured_media":129585,"comment_status":"open","ping_status":"closed","template":"","meta":[],"product_brand":[],"product_cat":[30858,30971,30867],"product_tag":[],"class_list":{"0":"post-69502","1":"product","2":"type-product","3":"status-publish","4":"has-post-thumbnail","6":"product_cat-wholesale-bedroom","7":"product_cat-hp","8":"product_cat-nightstands","10":"first","11":"instock","12":"taxable","13":"shipping-taxable","14":"purchasable","15":"product-type-variable"},"_links":{"self":[{"href":"https:\/\/nexgendecors.com\/es\/wp-json\/wp\/v2\/product\/69502","targetHints":{"allow":["GET"]}}],"collection":[{"href":"https:\/\/nexgendecors.com\/es\/wp-json\/wp\/v2\/product"}],"about":[{"href":"https:\/\/nexgendecors.com\/es\/wp-json\/wp\/v2\/types\/product"}],"replies":[{"embeddable":true,"href":"https:\/\/nexgendecors.com\/es\/wp-json\/wp\/v2\/comments?post=69502"}],"version-history":[{"count":0,"href":"https:\/\/nexgendecors.com\/es\/wp-json\/wp\/v2\/product\/69502\/revisions"}],"wp:featuredmedia":[{"embeddable":true,"href":"https:\/\/nexgendecors.com\/es\/wp-json\/wp\/v2\/media\/129585"}],"wp:attachment":[{"href":"https:\/\/nexgendecors.com\/es\/wp-json\/wp\/v2\/media?parent=69502"}],"wp:term":[{"taxonomy":"product_brand","embeddable":true,"href":"https:\/\/nexgendecors.com\/es\/wp-json\/wp\/v2\/product_brand?post=69502"},{"taxonomy":"product_cat","embeddable":true,"href":"https:\/\/nexgendecors.com\/es\/wp-json\/wp\/v2\/product_cat?post=69502"},{"taxonomy":"product_tag","embeddable":true,"href":"https:\/\/nexgendecors.com\/es\/wp-json\/wp\/v2\/product_tag?post=69502"}],"curies":[{"name":"wp","href":"https:\/\/api.w.org\/{rel}","templated":true}]}}