{"id":69548,"date":"2025-01-26T03:17:32","date_gmt":"2025-01-26T03:17:32","guid":{"rendered":"https:\/\/nexgendecors.com\/product\/morden-fort-modern-round-dining-table-47-inch-black-circle-faux-marble-top-kitchen-table-with-gold-luxury-cone-pedestal-for-dining-room-home-kitchen-bistro-breakfast1711876968640\/"},"modified":"2025-04-06T09:12:03","modified_gmt":"2025-04-06T09:12:03","slug":"mesa-de-comedor-redonda-moderna-morden-fort-de-120-cm-con-superficie-de-marmol-sintetico-negro-circular-y-pedestal-conico-dorado-de-lujo-para-comedor-cocina-bistro-desayuno-1711876968640","status":"publish","type":"product","link":"https:\/\/nexgendecors.com\/es\/product\/mesa-de-comedor-redonda-moderna-morden-fort-de-120-cm-con-superficie-de-marmol-sintetico-negro-circular-y-pedestal-conico-dorado-de-lujo-para-comedor-cocina-bistro-desayuno-1711876968640\/","title":{"rendered":"Morden Fort 47\u2033 Mesa de comedor redonda de m\u00e1rmol negro de imitaci\u00f3n"},"content":{"rendered":"<p data-mce-fragment=\"1\"><strong data-mce-fragment=\"1\">\u00a1Mejora tu experiencia gastron\u00f3mica!<\/strong> \u2728\ud83c\udf7d\ufe0f<\/p>\n<ul data-mce-fragment=\"1\">\n<li data-mce-fragment=\"1\">\n<p data-mce-fragment=\"1\"><strong data-mce-fragment=\"1\">Dise\u00f1o de cono cautivador<\/strong>Luce espectacular con la exclusiva forma c\u00f3nica y el acabado dorado cepillado de nuestro juego de comedor. El tablero de MDF imita a la perfecci\u00f3n los lujosos patrones de m\u00e1rmol, creando un centro de mesa visualmente impactante. \ud83c\udf1f<\/p>\n<\/li>\n<li data-mce-fragment=\"1\">\n<p data-mce-fragment=\"1\"><strong data-mce-fragment=\"1\">Calidad inigualable<\/strong>Destaca con una mesa de comedor que combina una construcci\u00f3n robusta con materiales de alta calidad. Experimenta una elegancia y durabilidad duraderas. \ud83d\udc8e<\/p>\n<\/li>\n<li data-mce-fragment=\"1\">\n<p data-mce-fragment=\"1\"><strong data-mce-fragment=\"1\">F\u00e1cil montaje<\/strong>\u00a1Montarlo es facil\u00edsimo con nuestras sencillas instrucciones de montaje! \u00a1Pasa menos tiempo armando y m\u00e1s tiempo disfrutando de tus comidas! \ud83c\udf5d<\/p>\n<\/li>\n<li data-mce-fragment=\"1\">\n<p data-mce-fragment=\"1\"><strong data-mce-fragment=\"1\">Elegancia vers\u00e1til<\/strong>El sofisticado dise\u00f1o de este juego de comedor se integra a la perfecci\u00f3n con cualquier decoraci\u00f3n. Su tama\u00f1o compacto lo hace perfecto para diversos espacios, con opciones de color en blanco, gris y negro. \ud83c\udfa8<\/p>\n<\/li>\n<li data-mce-fragment=\"1\">\n<p data-mce-fragment=\"1\"><strong data-mce-fragment=\"1\">\ud83d\udd10 Devoluciones de 30 d\u00edas y garant\u00eda de 1 a\u00f1o<\/strong>Compra sin preocupaciones con nuestra pol\u00edtica de devoluci\u00f3n de 30 d\u00edas por defectos de fabricaci\u00f3n o da\u00f1os. Recibe reembolsos completos o reemplazos. Los gastos de devoluci\u00f3n corren por tu cuenta. Adem\u00e1s, disfruta de una garant\u00eda de un a\u00f1o por da\u00f1os no causados por el usuario. \ud83d\udee1\ufe0f<\/p>\n<\/li>\n<li data-mce-fragment=\"1\">\n<p data-mce-fragment=\"1\"><strong data-mce-fragment=\"1\">\ud83d\ude9a Excelencia en la entrega<\/strong>Su equipo se empaqueta cuidadosamente en varias cajas y podr\u00eda llegar en diferentes fechas. Si parte de su pedido llega primero, tenga paciencia o cont\u00e1ctenos. Disfrute de un servicio de atenci\u00f3n al cliente dedicado con nuestra garant\u00eda de un a\u00f1o. Si encuentra alg\u00fan da\u00f1o, env\u00ede fotos o videos para una resoluci\u00f3n r\u00e1pida. \u00a1Su satisfacci\u00f3n es nuestra prioridad! \ud83d\udce6<\/p>\n<\/li>\n<\/ul>\n<p data-mce-fragment=\"1\">\u00a1Disfruta de una cena como nunca antes con nuestro exquisito y duradero juego de comedor! Realza tu espacio con estilo y calidad. \ud83e\udd42\ud83c\udf1f<\/p>\n<div><\/div>","protected":false},"excerpt":{"rendered":"<p>\u00a1Eleve su experiencia gastron\u00f3mica! \u2728\ud83c\udf7d\ufe0f Dise\u00f1o c\u00f3nico cautivador: Hacer una declaraci\u00f3n con forma de cono \u00fanico de nuestro juego de comedor y cepillado<\/p>","protected":false},"featured_media":129686,"comment_status":"open","ping_status":"closed","template":"","meta":[],"product_brand":[],"product_cat":[30826,30827,30971,32],"product_tag":[],"class_list":{"0":"post-69548","1":"product","2":"type-product","3":"status-publish","4":"has-post-thumbnail","6":"product_cat-dining-room","7":"product_cat-dining-tables","8":"product_cat-hp","9":"product_cat-residential-furniture","11":"first","12":"instock","13":"taxable","14":"shipping-taxable","15":"purchasable","16":"product-type-variable"},"_links":{"self":[{"href":"https:\/\/nexgendecors.com\/es\/wp-json\/wp\/v2\/product\/69548","targetHints":{"allow":["GET"]}}],"collection":[{"href":"https:\/\/nexgendecors.com\/es\/wp-json\/wp\/v2\/product"}],"about":[{"href":"https:\/\/nexgendecors.com\/es\/wp-json\/wp\/v2\/types\/product"}],"replies":[{"embeddable":true,"href":"https:\/\/nexgendecors.com\/es\/wp-json\/wp\/v2\/comments?post=69548"}],"version-history":[{"count":0,"href":"https:\/\/nexgendecors.com\/es\/wp-json\/wp\/v2\/product\/69548\/revisions"}],"wp:featuredmedia":[{"embeddable":true,"href":"https:\/\/nexgendecors.com\/es\/wp-json\/wp\/v2\/media\/129686"}],"wp:attachment":[{"href":"https:\/\/nexgendecors.com\/es\/wp-json\/wp\/v2\/media?parent=69548"}],"wp:term":[{"taxonomy":"product_brand","embeddable":true,"href":"https:\/\/nexgendecors.com\/es\/wp-json\/wp\/v2\/product_brand?post=69548"},{"taxonomy":"product_cat","embeddable":true,"href":"https:\/\/nexgendecors.com\/es\/wp-json\/wp\/v2\/product_cat?post=69548"},{"taxonomy":"product_tag","embeddable":true,"href":"https:\/\/nexgendecors.com\/es\/wp-json\/wp\/v2\/product_tag?post=69548"}],"curies":[{"name":"wp","href":"https:\/\/api.w.org\/{rel}","templated":true}]}}