{"id":69592,"date":"2025-01-26T03:17:37","date_gmt":"2025-01-26T03:17:37","guid":{"rendered":"https:\/\/nexgendecors.com\/product\/moroccan-jebbala-ethnic-style-tufted-pillow-living-room-sofa-cushion\/"},"modified":"2025-04-06T09:12:20","modified_gmt":"2025-04-06T09:12:20","slug":"cojin-de-sofa-para-sala-de-estar-con-cojin-de-mechones-estilo-etnico-jebbala-marroqui","status":"publish","type":"product","link":"https:\/\/nexgendecors.com\/es\/product\/cojin-de-sofa-para-sala-de-estar-con-cojin-de-mechones-estilo-etnico-jebbala-marroqui\/","title":{"rendered":"Coj\u00edn capiton\u00e9 Jebbala marroqu\u00ed para sof\u00e1 de sal\u00f3n"},"content":{"rendered":"<p><strong>Descripci\u00f3n:<\/strong><\/p>\n<p>\u2714 Material: La almohada con borlas y mechones est\u00e1 hecha de una mezcla de algod\u00f3n y lino, sin olores extra\u00f1os, c\u00f3moda y transpirable. Su exquisita artesan\u00eda hace que los mechones y las borlas sean m\u00e1s densos y hermosos.<br \/>\u2714 Tama\u00f1o: 45 \u00d7 45 cm (18 \u00d7 18 pulgadas). Solo la funda, no incluye el inserto. Patr\u00f3n de una sola cara; la otra cara est\u00e1 en blanco. Puede haber un peque\u00f1o margen de error debido a la medici\u00f3n manual.<br \/>\u2714 Cremallera invisible: estas fundas de almohada vienen con cremallera invisible para mayor elegancia, cremallera resistente y suave; Gran apertura para facilitar la inserci\u00f3n y extracci\u00f3n de almohadas<br \/>\u2714 Decoraci\u00f3n: Esta funda de almohada acolchada combina a la perfecci\u00f3n con diversos estilos de decoraci\u00f3n. Ideal para decorar la sala de estar, el dormitorio, el patio, el jard\u00edn, el porche, el balc\u00f3n, el sof\u00e1, etc.<br \/>\u2714 Lavado: Lavar a m\u00e1quina con agua fr\u00eda por separado, con ciclo suave, no usar lej\u00eda. Evitar remojar durante mucho tiempo. No usar cepillos. Secar en secadora.<\/p>","protected":false},"excerpt":{"rendered":"<p>Descripci\u00f3n: \u2714 Material: La almohada con borlas de mechones est\u00e1 hecha de tela de mezcla de algod\u00f3n y lino, sin olores extra\u00f1os, c\u00f3moda y transpirable. Excelente artesan\u00eda.<\/p>","protected":false},"featured_media":129747,"comment_status":"open","ping_status":"closed","template":"","meta":[],"product_brand":[],"product_cat":[30823,30828,30971],"product_tag":[12259,12260],"class_list":{"0":"post-69592","1":"product","2":"type-product","3":"status-publish","4":"has-post-thumbnail","6":"product_cat-cushions-throuws","7":"product_cat-furnishing","8":"product_cat-hp","9":"product_tag-_wf_cus","10":"product_tag-_wf_exc","12":"first","13":"instock","14":"sale","15":"taxable","16":"shipping-taxable","17":"purchasable","18":"product-type-variable"},"_links":{"self":[{"href":"https:\/\/nexgendecors.com\/es\/wp-json\/wp\/v2\/product\/69592","targetHints":{"allow":["GET"]}}],"collection":[{"href":"https:\/\/nexgendecors.com\/es\/wp-json\/wp\/v2\/product"}],"about":[{"href":"https:\/\/nexgendecors.com\/es\/wp-json\/wp\/v2\/types\/product"}],"replies":[{"embeddable":true,"href":"https:\/\/nexgendecors.com\/es\/wp-json\/wp\/v2\/comments?post=69592"}],"version-history":[{"count":0,"href":"https:\/\/nexgendecors.com\/es\/wp-json\/wp\/v2\/product\/69592\/revisions"}],"wp:featuredmedia":[{"embeddable":true,"href":"https:\/\/nexgendecors.com\/es\/wp-json\/wp\/v2\/media\/129747"}],"wp:attachment":[{"href":"https:\/\/nexgendecors.com\/es\/wp-json\/wp\/v2\/media?parent=69592"}],"wp:term":[{"taxonomy":"product_brand","embeddable":true,"href":"https:\/\/nexgendecors.com\/es\/wp-json\/wp\/v2\/product_brand?post=69592"},{"taxonomy":"product_cat","embeddable":true,"href":"https:\/\/nexgendecors.com\/es\/wp-json\/wp\/v2\/product_cat?post=69592"},{"taxonomy":"product_tag","embeddable":true,"href":"https:\/\/nexgendecors.com\/es\/wp-json\/wp\/v2\/product_tag?post=69592"}],"curies":[{"name":"wp","href":"https:\/\/api.w.org\/{rel}","templated":true}]}}