{"id":69687,"date":"2025-01-26T03:17:57","date_gmt":"2025-01-26T03:17:57","guid":{"rendered":"https:\/\/nexgendecors.com\/product\/murray-cream-style-sofa-small-apartment-living-room-minimalist-modular-combination-three-person-straight-row-cotton-and-linen-fabric-sofa\/"},"modified":"2025-04-06T09:12:35","modified_gmt":"2025-04-06T09:12:35","slug":"sofa-murray-de-estilo-crema-para-apartamento-pequeno-sala-de-estar-combinacion-modular-minimalista-sofa-de-tres-plazas-con-filas-rectas-de-tela-de-algodon-y-lino","status":"publish","type":"product","link":"https:\/\/nexgendecors.com\/es\/product\/sofa-murray-de-estilo-crema-para-apartamento-pequeno-sala-de-estar-combinacion-modular-minimalista-sofa-de-tres-plazas-con-filas-rectas-de-tela-de-algodon-y-lino\/","title":{"rendered":"Sof\u00e1 modular minimalista Murray para 3 personas en algod\u00f3n y lino"},"content":{"rendered":"<ul>\n<li>\n<strong>\u00bfHay espacio de almacenamiento?<\/strong>:No<\/li>\n<li>\n<strong>estilo<\/strong>:Moderno y sencillo<\/li>\n<li>\n<strong>Armar<\/strong>:No<\/li>\n<li>\n<strong>Tela<\/strong>:Tejidos compuestos<\/li>\n<li>\n<strong>Caracter\u00edsticas adicionales<\/strong>:Otro<\/li>\n<li>\n<strong>volumen del paquete<\/strong>:1.5<\/li>\n<li>\n<strong>Relleno<\/strong>:esponja<\/li>\n<li>\n<strong>Combinaci\u00f3n de sof\u00e1s<\/strong>:Forma de L<\/li>\n<li>\n<strong>Posicionamiento de estilo<\/strong>:Estilo art\u00edstico<\/li>\n<li>\n<strong>ordenar por color<\/strong>:Reposapi\u00e9s: 90*90*40cm, Chaise longue: 180*90*70cm, Asiento doble, sin reposabrazos: 180*90*70cm, Asiento doble, reposabrazos individual: 180*90*70cm, Asiento doble, reposabrazos doble: 180*90*70cm, Asiento para tres personas, sin reposabrazos: 270*90*70cm, Asiento para tres personas, reposabrazos doble: 270*90*70cm, Combinaci\u00f3n de chaise longue para tres personas 1: 270*180*90*70cmcm, Combinaci\u00f3n de chaise longue para tres personas 2: 270*180*90*70cmcm, Combinaci\u00f3n de chaise longue para tres personas 3: 270*180*90*70cmcm<\/li>\n<li>\n<strong>marca<\/strong>:otro\/otro<\/li>\n<li>\n<strong>modelo<\/strong>:Sof\u00e1 de tres plazas<\/li>\n<li>\n<strong>elementos populares<\/strong>:Metal<\/li>\n<li>\n<strong>Dureza del relleno<\/strong>:suave<\/li>\n<li>\n<strong>Adecuado<\/strong>:Adultos<\/li>\n<li>\n<strong>Tecnolog\u00eda estructural<\/strong>:Artesan\u00eda en madera<\/li>\n<li>\n<strong>Tecnolog\u00eda de estructura de madera<\/strong>:otro<\/li>\n<li>\n<strong>\u00bfEs personalizable?<\/strong>:No<\/li>\n<li>\n<strong>\u00bfEs desmontable y lavable?<\/strong>:No<\/li>\n<li>\n<strong>Material<\/strong>:Madera<\/li>\n<li>\n<strong>Material de madera<\/strong>:Pino<\/li>\n<li>\n<strong>Detalles de las instrucciones de instalaci\u00f3n<\/strong>:No hay instrucciones de instalaci\u00f3n<\/li>\n<li>\n<strong>patr\u00f3n<\/strong>:Arte<\/li>\n<li>\n<strong>\u00bfHay taxi disponible para transporte?<\/strong>:No<\/li>\n<li>\n<strong>Proceso de acabado de tejidos<\/strong>Tratamiento sin hierro<\/li>\n<li>\n<strong>Entrega\/instalaci\u00f3n disponible<\/strong>:Foshan, Zhengzhou, Guiyang, Guangzhou, Fuzhou, Harbin, Xiamen, Chongqing, Changzhou, Suzhou, Xi&#039;an, Shenzhen, Nanjing, Changsha, Beijing, Qingdao, Wuxi, Chengdu, Shanghai, Wuhan, Nanning, Shenyang, Dalian, Taizhou, Dongguan, Tianjin, Otros, Jinhua, Hangzhou, Nanchang, Ningbo, Wenzhou<\/li>\n<li>\n<strong><\/strong>:<\/li>\n<\/ul>","protected":false},"excerpt":{"rendered":"<p>Is there storage space?:no style:Modern and simple Assemble:no Fabric:Composite fabrics Additional features:Other package volume:1.5 Filling:sponge Sofa combination:L-Shape Style positioning:Artistic style<\/p>","protected":false},"featured_media":129880,"comment_status":"open","ping_status":"closed","template":"","meta":[],"product_brand":[],"product_cat":[30971,30850],"product_tag":[],"class_list":{"0":"post-69687","1":"product","2":"type-product","3":"status-publish","4":"has-post-thumbnail","6":"product_cat-hp","7":"product_cat-wholesale-furniture","9":"first","10":"instock","11":"taxable","12":"shipping-taxable","13":"purchasable","14":"product-type-variable"},"_links":{"self":[{"href":"https:\/\/nexgendecors.com\/es\/wp-json\/wp\/v2\/product\/69687","targetHints":{"allow":["GET"]}}],"collection":[{"href":"https:\/\/nexgendecors.com\/es\/wp-json\/wp\/v2\/product"}],"about":[{"href":"https:\/\/nexgendecors.com\/es\/wp-json\/wp\/v2\/types\/product"}],"replies":[{"embeddable":true,"href":"https:\/\/nexgendecors.com\/es\/wp-json\/wp\/v2\/comments?post=69687"}],"version-history":[{"count":0,"href":"https:\/\/nexgendecors.com\/es\/wp-json\/wp\/v2\/product\/69687\/revisions"}],"wp:featuredmedia":[{"embeddable":true,"href":"https:\/\/nexgendecors.com\/es\/wp-json\/wp\/v2\/media\/129880"}],"wp:attachment":[{"href":"https:\/\/nexgendecors.com\/es\/wp-json\/wp\/v2\/media?parent=69687"}],"wp:term":[{"taxonomy":"product_brand","embeddable":true,"href":"https:\/\/nexgendecors.com\/es\/wp-json\/wp\/v2\/product_brand?post=69687"},{"taxonomy":"product_cat","embeddable":true,"href":"https:\/\/nexgendecors.com\/es\/wp-json\/wp\/v2\/product_cat?post=69687"},{"taxonomy":"product_tag","embeddable":true,"href":"https:\/\/nexgendecors.com\/es\/wp-json\/wp\/v2\/product_tag?post=69687"}],"curies":[{"name":"wp","href":"https:\/\/api.w.org\/{rel}","templated":true}]}}