{"id":69706,"date":"2025-01-26T03:18:01","date_gmt":"2025-01-26T03:18:01","guid":{"rendered":"https:\/\/nexgendecors.com\/product\/murray-furniture-bauhaus-single-sofa-chair-fabric-living-room-balcony-leisure-chair-middle-aged-designer-single-chair\/"},"modified":"2025-03-08T17:10:24","modified_gmt":"2025-03-08T17:10:24","slug":"sillon-individual-de-tela-estilo-bauhaus-de-murray-furniture-para-salon-balcon-ocio-diseno-de-mediana-edad","status":"publish","type":"product","link":"https:\/\/nexgendecors.com\/es\/product\/sillon-individual-de-tela-estilo-bauhaus-de-murray-furniture-para-salon-balcon-ocio-diseno-de-mediana-edad\/","title":{"rendered":"Sill\u00f3n individual Murray Bauhaus: un elegante asiento para el tiempo libre"},"content":{"rendered":"<ul>\n<li>\n<strong>marca<\/strong>:otro\/otro<\/li>\n<li>\n<strong>modelo<\/strong>:FL5876<\/li>\n<li>\n<strong>estilo<\/strong>:Medieval<\/li>\n<li>\n<strong>\u00bfEs personalizable?<\/strong>:S\u00ed<\/li>\n<li>\n<strong>Armar<\/strong>:No<\/li>\n<li>\n<strong>Material<\/strong>:pa\u00f1o<\/li>\n<li>\n<strong>Adecuado<\/strong>:General<\/li>\n<li>\n<strong>patr\u00f3n<\/strong>:Arte<\/li>\n<li>\n<strong>Posicionamiento de estilo<\/strong>:Estilo art\u00edstico<\/li>\n<li>\n<strong>ordenar por color<\/strong>:Color de flor blanquecino, transparente, naranja.<\/li>\n<\/ul>","protected":false},"excerpt":{"rendered":"<p>Marca: otro\/otro Modelo: FL5876 Estilo: medieval \u00bfEs personalizable?: s\u00ed Ensamblar: no Material: tela Adecuado: general Patr\u00f3n: estilo art\u00edstico Posicionamiento: estilo art\u00edstico Ordenar por color: blanco roto, color de flor transparente, naranja<\/p>","protected":false},"featured_media":129898,"comment_status":"open","ping_status":"closed","template":"","meta":[],"product_brand":[],"product_cat":[30971,30850],"product_tag":[],"class_list":{"0":"post-69706","1":"product","2":"type-product","3":"status-publish","4":"has-post-thumbnail","6":"product_cat-hp","7":"product_cat-wholesale-furniture","9":"first","10":"instock","11":"taxable","12":"shipping-taxable","13":"purchasable","14":"product-type-variable"},"_links":{"self":[{"href":"https:\/\/nexgendecors.com\/es\/wp-json\/wp\/v2\/product\/69706","targetHints":{"allow":["GET"]}}],"collection":[{"href":"https:\/\/nexgendecors.com\/es\/wp-json\/wp\/v2\/product"}],"about":[{"href":"https:\/\/nexgendecors.com\/es\/wp-json\/wp\/v2\/types\/product"}],"replies":[{"embeddable":true,"href":"https:\/\/nexgendecors.com\/es\/wp-json\/wp\/v2\/comments?post=69706"}],"version-history":[{"count":0,"href":"https:\/\/nexgendecors.com\/es\/wp-json\/wp\/v2\/product\/69706\/revisions"}],"wp:featuredmedia":[{"embeddable":true,"href":"https:\/\/nexgendecors.com\/es\/wp-json\/wp\/v2\/media\/129898"}],"wp:attachment":[{"href":"https:\/\/nexgendecors.com\/es\/wp-json\/wp\/v2\/media?parent=69706"}],"wp:term":[{"taxonomy":"product_brand","embeddable":true,"href":"https:\/\/nexgendecors.com\/es\/wp-json\/wp\/v2\/product_brand?post=69706"},{"taxonomy":"product_cat","embeddable":true,"href":"https:\/\/nexgendecors.com\/es\/wp-json\/wp\/v2\/product_cat?post=69706"},{"taxonomy":"product_tag","embeddable":true,"href":"https:\/\/nexgendecors.com\/es\/wp-json\/wp\/v2\/product_tag?post=69706"}],"curies":[{"name":"wp","href":"https:\/\/api.w.org\/{rel}","templated":true}]}}