{"id":69950,"date":"2025-01-26T03:18:47","date_gmt":"2025-01-26T03:18:47","guid":{"rendered":"https:\/\/nexgendecors.com\/product\/mysize-kids-wood-table-and-chair-set-2-chairs-included-ideal-for-arts-crafts-snack-time-homework-more-greenguard-gold-certified-dark-chocolate-3-piece-set1711880135821\/"},"modified":"2025-03-09T17:47:06","modified_gmt":"2025-03-09T17:47:06","slug":"juego-de-mesa-y-sillas-de-madera-para-ninos-mysize-incluye-2-sillas-ideal-para-manualidades-meriendas-tareas-escolares-chocolate-negro-con-certificacion-greenguard-gold-juego-de-3-piezas-171188","status":"publish","type":"product","link":"https:\/\/nexgendecors.com\/es\/product\/juego-de-mesa-y-sillas-de-madera-para-ninos-mysize-incluye-2-sillas-ideal-para-manualidades-meriendas-tareas-escolares-chocolate-negro-con-certificacion-greenguard-gold-juego-de-3-piezas-171188\/","title":{"rendered":"Conjunto de mesa y sillas de madera MySize Kids \u2013 Chocolate oscuro"},"content":{"rendered":"<p data-mce-fragment=\"1\">\ud83c\udfa8 <strong data-mce-fragment=\"1\">Juego de mesa y dos sillas MySize de Delta Children: donde comienzan la diversi\u00f3n y el aprendizaje<\/strong><\/p>\n<p data-mce-fragment=\"1\">\ud83c\udf1f <strong data-mce-fragment=\"1\">Base perfecta para la diversi\u00f3n y el aprendizaje:<\/strong><\/p>\n<ul data-mce-fragment=\"1\">\n<li data-mce-fragment=\"1\">La superficie de madera lisa y duradera la hace perfecta para proyectos de arte, fiestas de t\u00e9, refrigerios o tareas.<\/li>\n<li data-mce-fragment=\"1\">Mejora el sentido de asombro y la creatividad de tu hijo.<\/li>\n<\/ul>\n<p data-mce-fragment=\"1\">\ud83d\udc67\ud83d\udc66 <strong data-mce-fragment=\"1\">Tama\u00f1o justo:<\/strong><\/p>\n<ul data-mce-fragment=\"1\">\n<li data-mce-fragment=\"1\">Tama\u00f1o perfecto para que su hijo crezca y le brinde a\u00f1os de diversi\u00f3n creativa.<\/li>\n<\/ul>\n<p data-mce-fragment=\"1\">\ud83c\udfa8 <strong data-mce-fragment=\"1\">Hermoso acabado:<\/strong><\/p>\n<ul data-mce-fragment=\"1\">\n<li data-mce-fragment=\"1\">Complementa la decoraci\u00f3n existente del dormitorio, la sala de juegos o la sala de estar.<\/li>\n<li data-mce-fragment=\"1\">Disponible en una variedad de hermosos colores para combinar con tu estilo.<\/li>\n<\/ul>\n<p data-mce-fragment=\"1\">\ud83e\ude91 <strong data-mce-fragment=\"1\">Alta calidad y seguridad:<\/strong><\/p>\n<ul data-mce-fragment=\"1\">\n<li data-mce-fragment=\"1\">Fundada sobre el principio de fabricar muebles infantiles seguros y de alta calidad a precios asequibles.<\/li>\n<li data-mce-fragment=\"1\">Construido con materiales duraderos para soportar a\u00f1os de juego.<\/li>\n<li data-mce-fragment=\"1\">Probado rigurosamente para cumplir o superar todos los est\u00e1ndares de seguridad de la industria.<\/li>\n<\/ul>\n<p data-mce-fragment=\"1\">\ud83c\udfe1 <strong data-mce-fragment=\"1\">Se coordina a la perfecci\u00f3n:<\/strong><\/p>\n<ul data-mce-fragment=\"1\">\n<li data-mce-fragment=\"1\">Se coordina con otros art\u00edculos de la colecci\u00f3n MySize de Delta Children para lograr un aspecto cohesivo.<\/li>\n<\/ul>\n<p data-mce-fragment=\"1\">\ud83d\udd0d <strong data-mce-fragment=\"1\">Protecci\u00f3n de marca registrada:<\/strong><\/p>\n<ul data-mce-fragment=\"1\">\n<li data-mce-fragment=\"1\">Marca registrada MYSIZE utilizada con permiso para garantizar la autenticidad y la garant\u00eda de calidad.<\/li>\n<\/ul>\n<div><\/div>","protected":false},"excerpt":{"rendered":"<p>\ud83c\udfa8 Juego de mesa y 2 sillas MySize de Delta Children: donde comienzan la diversi\u00f3n y el aprendizaje \ud83c\udf1f Base perfecta para la diversi\u00f3n y<\/p>","protected":false},"featured_media":130061,"comment_status":"open","ping_status":"closed","template":"","meta":[],"product_brand":[],"product_cat":[30971,30836,30839,30849],"product_tag":[],"class_list":{"0":"post-69950","1":"product","2":"type-product","3":"status-publish","4":"has-post-thumbnail","6":"product_cat-hp","7":"product_cat-kids-chairs","8":"product_cat-kids-tables","9":"product_cat-kindergarten-school-furniture","11":"first","12":"instock","13":"taxable","14":"shipping-taxable","15":"purchasable","16":"product-type-simple"},"_links":{"self":[{"href":"https:\/\/nexgendecors.com\/es\/wp-json\/wp\/v2\/product\/69950","targetHints":{"allow":["GET"]}}],"collection":[{"href":"https:\/\/nexgendecors.com\/es\/wp-json\/wp\/v2\/product"}],"about":[{"href":"https:\/\/nexgendecors.com\/es\/wp-json\/wp\/v2\/types\/product"}],"replies":[{"embeddable":true,"href":"https:\/\/nexgendecors.com\/es\/wp-json\/wp\/v2\/comments?post=69950"}],"version-history":[{"count":0,"href":"https:\/\/nexgendecors.com\/es\/wp-json\/wp\/v2\/product\/69950\/revisions"}],"wp:featuredmedia":[{"embeddable":true,"href":"https:\/\/nexgendecors.com\/es\/wp-json\/wp\/v2\/media\/130061"}],"wp:attachment":[{"href":"https:\/\/nexgendecors.com\/es\/wp-json\/wp\/v2\/media?parent=69950"}],"wp:term":[{"taxonomy":"product_brand","embeddable":true,"href":"https:\/\/nexgendecors.com\/es\/wp-json\/wp\/v2\/product_brand?post=69950"},{"taxonomy":"product_cat","embeddable":true,"href":"https:\/\/nexgendecors.com\/es\/wp-json\/wp\/v2\/product_cat?post=69950"},{"taxonomy":"product_tag","embeddable":true,"href":"https:\/\/nexgendecors.com\/es\/wp-json\/wp\/v2\/product_tag?post=69950"}],"curies":[{"name":"wp","href":"https:\/\/api.w.org\/{rel}","templated":true}]}}