{"id":70099,"date":"2025-01-26T03:19:04","date_gmt":"2025-01-26T03:19:04","guid":{"rendered":"https:\/\/nexgendecors.com\/product\/nardi-italian-imported-courtyard-outdoor-sofa-combination-villa-garden-terrace-waterproof-sunscreen-fabric-sofa\/"},"modified":"2025-04-06T09:14:23","modified_gmt":"2025-04-06T09:14:23","slug":"nardi-italian-imported-courtyard-outdoor-sofa-combination-villa-garden-terrace-waterproof-sunscreen-fabric-sofa","status":"publish","type":"product","link":"https:\/\/nexgendecors.com\/es\/product\/nardi-italian-imported-courtyard-outdoor-sofa-combination-villa-garden-terrace-waterproof-sunscreen-fabric-sofa\/","title":{"rendered":"Nardi Waterproof Outdoor Sofa Set for Garden &#038; Terrace"},"content":{"rendered":"<ul>\n<li>\n<strong>\u00bfHay espacio de almacenamiento?<\/strong>:No<\/li>\n<li>\n<strong>estilo<\/strong>:minimalismo italiano<\/li>\n<li>\n<strong>Armar<\/strong>:S\u00ed<\/li>\n<li>\n<strong>\u00bfEst\u00e1 disponible la preventa?<\/strong>:No<\/li>\n<li>\n<strong>\u00bfEs reemplazable?<\/strong>:S\u00ed<\/li>\n<li>\n<strong>Caracter\u00edsticas adicionales<\/strong>:Desmontaje<\/li>\n<li>\n<strong>Packing length<\/strong>:1.5m-1.8m<\/li>\n<li>\n<strong>Relleno<\/strong>:esponja<\/li>\n<li>\n<strong>Combinaci\u00f3n de sof\u00e1s<\/strong>:Forma de L<\/li>\n<li>\n<strong>Estructura del mobiliario<\/strong>:Estructura<\/li>\n<li>\n<strong>Origen<\/strong>:exterior<\/li>\n<li>\n<strong>ciudad<\/strong>:exterior<\/li>\n<li>\n<strong>Frame material<\/strong>:Otro<\/li>\n<li>\n<strong>ordenar por color<\/strong>:Jungle green + avocado green nine-piece set Jungle green &#8211; five-piece sofa double seat + single seat \u00d7 2 &#8211; Jungle green three-person set &#8211; Jungle green double seat &#8211; Jungle green single seat &#8211; Jungle green blue five-piece sofa double seat + single seat \u00d7 2 &#8211; blue three-person set &#8211; blue single seat &#8211; blue pink five-piece sofa double seat + single seat \u00d7 2 pink three-person set &#8211; pink single seat * 2 + coffee table double seat &#8211; pink single seat &#8211; pink double seat tent (shelf clay \/ white optional) coffee table &#8211; white coffee table &#8211; clay coffee table &#8211; agave green<\/li>\n<li>\n<strong>marca<\/strong>:NARDI (Muebles Residenciales)<\/li>\n<li>\n<strong>modelo<\/strong>:880001SF<\/li>\n<li>\n<strong>Dureza del relleno<\/strong>:suave<\/li>\n<li>\n<strong>Tecnolog\u00eda estructural<\/strong>:Filling<\/li>\n<li>\n<strong>Tecnolog\u00eda de acabado<\/strong>:Tecnolog\u00eda de tejidos<\/li>\n<li>\n<strong>Material met\u00e1lico<\/strong>:otro<\/li>\n<li>\n<strong>\u00bfEs personalizable?<\/strong>:No<\/li>\n<li>\n<strong>Material de rat\u00e1n<\/strong>:otro<\/li>\n<li>\n<strong>Tecnolog\u00eda de estructuras met\u00e1licas<\/strong>:otro<\/li>\n<li>\n<strong>\u00bfEs desmontable y lavable?<\/strong>:S\u00ed<\/li>\n<li>\n<strong>Detalles de las instrucciones de instalaci\u00f3n<\/strong>:Proporcione herramientas de instalaci\u00f3n sencillas. Proporcione instrucciones de instalaci\u00f3n. Proporcione un video de instalaci\u00f3n.<\/li>\n<li>\n<strong>Artesan\u00eda con estructura de bamb\u00fa y rat\u00e1n<\/strong>:otro<\/li>\n<li>\n<strong>N\u00famero de personas aplicable<\/strong>:combinaci\u00f3n<\/li>\n<li>\n<strong>patr\u00f3n<\/strong>:Otro<\/li>\n<li>\n<strong>\u00bfHay taxi disponible para transporte?<\/strong>:No<\/li>\n<li>\n<strong>Entrega\/instalaci\u00f3n disponible<\/strong>:Foshan Zhengzhou Guiyang Guangzhou Fuzhou Harbin Xiamen Chongqing Changzhou Suzhou Xi&#039;an Shenzhen Nanjing Beijing Changsha Qingdao Wuxi Chengdu Shanghai Wuhan Nanning Shenyang Dalian Taizhou Dongguan Tianjin Otros Jinhua Hangzhou Nanchang Ningbo Wenzhou<\/li>\n<\/ul>\n<p><img><\/p>","protected":false},"excerpt":{"rendered":"<p>Is there storage space?:no style:Italian minimalism Assemble:yes Is pre-sale available?:no Is it replaceable?:yes Additional features:Disassembly Packing length:1.5m-1.8m Filling:sponge Sofa combination:L-Shape<\/p>","protected":false},"featured_media":130216,"comment_status":"open","ping_status":"closed","template":"","meta":[],"product_brand":[],"product_cat":[30862,30971,30856],"product_tag":[],"class_list":{"0":"post-70099","1":"product","2":"type-product","3":"status-publish","4":"has-post-thumbnail","6":"product_cat-wholesales-hotels","7":"product_cat-hp","8":"product_cat-outdoor-furniture","10":"first","11":"instock","12":"sale","13":"taxable","14":"shipping-taxable","15":"purchasable","16":"product-type-variable"},"_links":{"self":[{"href":"https:\/\/nexgendecors.com\/es\/wp-json\/wp\/v2\/product\/70099","targetHints":{"allow":["GET"]}}],"collection":[{"href":"https:\/\/nexgendecors.com\/es\/wp-json\/wp\/v2\/product"}],"about":[{"href":"https:\/\/nexgendecors.com\/es\/wp-json\/wp\/v2\/types\/product"}],"replies":[{"embeddable":true,"href":"https:\/\/nexgendecors.com\/es\/wp-json\/wp\/v2\/comments?post=70099"}],"version-history":[{"count":0,"href":"https:\/\/nexgendecors.com\/es\/wp-json\/wp\/v2\/product\/70099\/revisions"}],"wp:featuredmedia":[{"embeddable":true,"href":"https:\/\/nexgendecors.com\/es\/wp-json\/wp\/v2\/media\/130216"}],"wp:attachment":[{"href":"https:\/\/nexgendecors.com\/es\/wp-json\/wp\/v2\/media?parent=70099"}],"wp:term":[{"taxonomy":"product_brand","embeddable":true,"href":"https:\/\/nexgendecors.com\/es\/wp-json\/wp\/v2\/product_brand?post=70099"},{"taxonomy":"product_cat","embeddable":true,"href":"https:\/\/nexgendecors.com\/es\/wp-json\/wp\/v2\/product_cat?post=70099"},{"taxonomy":"product_tag","embeddable":true,"href":"https:\/\/nexgendecors.com\/es\/wp-json\/wp\/v2\/product_tag?post=70099"}],"curies":[{"name":"wp","href":"https:\/\/api.w.org\/{rel}","templated":true}]}}