{"id":70159,"date":"2025-01-26T03:19:12","date_gmt":"2025-01-26T03:19:12","guid":{"rendered":"https:\/\/nexgendecors.com\/product\/nardi-italian-imported-outdoor-leisure-lounge-chair-courtyard-garden-villa-balcony-swimming-pool-table-and-chair-backrest-chair\/"},"modified":"2025-04-06T09:14:32","modified_gmt":"2025-04-06T09:14:32","slug":"sillon-nardi-italiano-de-importacion-para-exteriores-ideal-para-patio-jardin-villa-balcon-mesa-de-piscina-y-respaldo","status":"publish","type":"product","link":"https:\/\/nexgendecors.com\/es\/product\/sillon-nardi-italiano-de-importacion-para-exteriores-ideal-para-patio-jardin-villa-balcon-mesa-de-piscina-y-respaldo\/","title":{"rendered":"Sill\u00f3n de exterior NARDI: un elegante asiento de jard\u00edn"},"content":{"rendered":"<ul>\n<li>\n<strong>Peso bruto<\/strong>:3 kilos<\/li>\n<li>\n<strong>marca<\/strong>:NARDI (Muebles Residenciales)<\/li>\n<li>\n<strong>modelo<\/strong>:H-880042F.<\/li>\n<li>\n<strong>elementos populares<\/strong>:Dise\u00f1o maestro<\/li>\n<li>\n<strong>estilo<\/strong>:Italiano<\/li>\n<li>\n<strong>\u00bfEst\u00e1 disponible la preventa?<\/strong>:No<\/li>\n<li>\n<strong>ciudad<\/strong>:exterior<\/li>\n<li>\n<strong>Caracter\u00edsticas adicionales<\/strong>:Multifunci\u00f3n<\/li>\n<li>\n<strong>volumen del paquete<\/strong>:1<\/li>\n<li>\n<strong>\u00bfEs personalizable?<\/strong>:No<\/li>\n<li>\n<strong>Material del asiento<\/strong>:otro<\/li>\n<li>\n<strong>Detalles de las instrucciones de instalaci\u00f3n<\/strong>:Proporcione instrucciones de instalaci\u00f3n. Proporcione un video con instrucciones de instalaci\u00f3n.<\/li>\n<li>\n<strong>Estructura del mobiliario<\/strong>:Estructura de soporte<\/li>\n<li>\n<strong>Origen<\/strong>:exterior<\/li>\n<li>\n<strong>patr\u00f3n<\/strong>:Arte<\/li>\n<li>\n<strong>\u00bfHay taxi disponible para transporte?<\/strong>:No<\/li>\n<li>\n<strong>Posicionamiento de estilo<\/strong>:Estilo art\u00edstico<\/li>\n<li>\n<strong>Entrega\/instalaci\u00f3n disponible<\/strong>:Foshan Zhengzhou Guiyang Guangzhou Fuzhou Harbin Xiamen Chongqing Changzhou Suzhou Xi&#039;an Shenzhen Nanjing Beijing Changsha Qingdao Wuxi Chengdu Shanghai Wuhan Nanning Shenyang Dalian Taizhou Dongguan Tianjin Otros Jinhua Hangzhou Nanchang Ningbo Wenzhou<\/li>\n<li>\n<strong>ordenar por color<\/strong>:Una mesa y dos sillas (sill\u00f3n de ocio + mesa redonda peque\u00f1a 140Z) con reposacabezas libre Una mesa y una silla (sill\u00f3n de ocio + mesa redonda peque\u00f1a 140Z) con reposacabezas libre Color terracota con reposacabezas libre (dom\u00e9stico) Rojo con reposacabezas libre (dom\u00e9stico) Amarillo con reposacabezas libre (dom\u00e9stico) Verde con reposacabezas libre (dom\u00e9stico) Blanco con reposacabezas libre (dom\u00e9stico) Mesa redonda peque\u00f1a 140Z Mesa redonda peque\u00f1a 39Z<\/li>\n<li>\n<strong><\/strong>:<\/li>\n<\/ul>\n<p><img><\/p>","protected":false},"excerpt":{"rendered":"<p>Peso bruto: 3 kg marca: NARDI (Muebles Residenciales) modelo: H-880042F. elementos populares: Maestro Estilo de dise\u00f1o: Italiano \u00bfEst\u00e1 disponible la preventa?: no ciudad: extranjero Caracter\u00edsticas adicionales: Paquete multifunci\u00f3n volumen: 1 \u00bfEs<\/p>","protected":false},"featured_media":130285,"comment_status":"open","ping_status":"closed","template":"","meta":[],"product_brand":[],"product_cat":[30855,30862,30971,30856,30860],"product_tag":[],"class_list":{"0":"post-70159","1":"product","2":"type-product","3":"status-publish","4":"has-post-thumbnail","6":"product_cat-wholesale-chairs","7":"product_cat-wholesales-hotels","8":"product_cat-hp","9":"product_cat-outdoor-furniture","10":"product_cat-wholesale-restaurant","12":"first","13":"instock","14":"sale","15":"taxable","16":"shipping-taxable","17":"purchasable","18":"product-type-variable"},"_links":{"self":[{"href":"https:\/\/nexgendecors.com\/es\/wp-json\/wp\/v2\/product\/70159","targetHints":{"allow":["GET"]}}],"collection":[{"href":"https:\/\/nexgendecors.com\/es\/wp-json\/wp\/v2\/product"}],"about":[{"href":"https:\/\/nexgendecors.com\/es\/wp-json\/wp\/v2\/types\/product"}],"replies":[{"embeddable":true,"href":"https:\/\/nexgendecors.com\/es\/wp-json\/wp\/v2\/comments?post=70159"}],"version-history":[{"count":0,"href":"https:\/\/nexgendecors.com\/es\/wp-json\/wp\/v2\/product\/70159\/revisions"}],"wp:featuredmedia":[{"embeddable":true,"href":"https:\/\/nexgendecors.com\/es\/wp-json\/wp\/v2\/media\/130285"}],"wp:attachment":[{"href":"https:\/\/nexgendecors.com\/es\/wp-json\/wp\/v2\/media?parent=70159"}],"wp:term":[{"taxonomy":"product_brand","embeddable":true,"href":"https:\/\/nexgendecors.com\/es\/wp-json\/wp\/v2\/product_brand?post=70159"},{"taxonomy":"product_cat","embeddable":true,"href":"https:\/\/nexgendecors.com\/es\/wp-json\/wp\/v2\/product_cat?post=70159"},{"taxonomy":"product_tag","embeddable":true,"href":"https:\/\/nexgendecors.com\/es\/wp-json\/wp\/v2\/product_tag?post=70159"}],"curies":[{"name":"wp","href":"https:\/\/api.w.org\/{rel}","templated":true}]}}