{"id":70385,"date":"2025-01-26T03:19:46","date_gmt":"2025-01-26T03:19:46","guid":{"rendered":"https:\/\/nexgendecors.com\/product\/navi-italian-minimalist-fabric-sofa-large-size-corner-u-shaped-italian-connolly-modern-light-luxury-living-room\/"},"modified":"2025-04-06T09:15:17","modified_gmt":"2025-04-06T09:15:17","slug":"navi-italian-minimalist-fabric-sofa-large-size-corner-u-shaped-italian-connolly-modern-light-luxury-living-room","status":"publish","type":"product","link":"https:\/\/nexgendecors.com\/es\/product\/navi-italian-minimalist-fabric-sofa-large-size-corner-u-shaped-italian-connolly-modern-light-luxury-living-room\/","title":{"rendered":"Sof\u00e1 minimalista de tela italiano Navi en forma de U"},"content":{"rendered":"<ul>\n<li>\n<strong>marca<\/strong>:NAV\/NAV Inicio<\/li>\n<li>\n<strong>modelo<\/strong>:BU142-B<\/li>\n<li>\n<strong>Material<\/strong>:Metal<\/li>\n<li>\n<strong>Material met\u00e1lico<\/strong>:Acero inoxidable<\/li>\n<li>\n<strong>Tela<\/strong>:Tejidos compuestos<\/li>\n<li>\n<strong>patr\u00f3n<\/strong>:Arte<\/li>\n<li>\n<strong>estilo<\/strong>:Moderno y sencillo<\/li>\n<li>\n<strong>\u00bfCu\u00e1ntas personas se sientan?<\/strong>:combinaci\u00f3n<\/li>\n<li>\n<strong>ordenar por color<\/strong>:Combination P1 Combination P2 Combination N1 Combination N2 Combination J1 Combination J2 Combination K1 Combination K2 Combination L1 Combination L2 Combination M1 Combination M2 Combination H1 Combination H2 Combination Q1 Combination Q2 Combination S1 Combination S2 Combination C1 Combination C2 Combination B1 Combination B2 Customized color and size [Prepayment]<\/li>\n<li>\n<strong>Relleno<\/strong>:Abajo<\/li>\n<li>\n<strong>Tecnolog\u00eda estructural<\/strong>:Artesan\u00eda en madera<\/li>\n<li>\n<strong>Tecnolog\u00eda de estructura de madera<\/strong>:torno<\/li>\n<li>\n<strong>\u00bfEs personalizable?<\/strong>:S\u00ed<\/li>\n<li>\n<strong>Combinaci\u00f3n de sof\u00e1s<\/strong>:Forma de U<\/li>\n<li>\n<strong>\u00bfEs desmontable y lavable?<\/strong>:No<\/li>\n<li>\n<strong>Caracter\u00edsticas adicionales<\/strong>:puede moverse<\/li>\n<li>\n<strong>Adecuado<\/strong>:Adultos<\/li>\n<li>\n<strong>\u00bfHay espacio de almacenamiento?<\/strong>:No<\/li>\n<li>\n<strong>Proceso de acabado de tejidos<\/strong>:Lavado<\/li>\n<li>\n<strong>Armar<\/strong>:No<\/li>\n<li>\n<strong>volumen del paquete<\/strong>:3<\/li>\n<li>\n<strong>\u00bfEst\u00e1 disponible la preventa?<\/strong>:S\u00ed<\/li>\n<li>\n<strong>\u00bfHay taxi disponible para transporte?<\/strong>:No<\/li>\n<li>\n<strong>Dureza del relleno<\/strong>:suave<\/li>\n<li>\n<strong>Posicionamiento de estilo<\/strong>:Lujo de calidad<\/li>\n<li>\n<strong>Detalles de las instrucciones de instalaci\u00f3n<\/strong>:Proporcione un video con instrucciones de instalaci\u00f3n. Proporcione un manual de instalaci\u00f3n. Proporcione herramientas de instalaci\u00f3n sencillas.<\/li>\n<\/ul>\n<p><img><\/p>","protected":false},"excerpt":{"rendered":"<p>brand:NAV\/NAV Home model:BU142-B Material:Metal Metal Material:Stainless steel Fabric:Composite fabrics pattern:Art style:Modern and simple How many people sit:combination sort by color:Combination<\/p>","protected":false},"featured_media":130535,"comment_status":"open","ping_status":"closed","template":"","meta":[],"product_brand":[],"product_cat":[30862,30971,30850],"product_tag":[],"class_list":{"0":"post-70385","1":"product","2":"type-product","3":"status-publish","4":"has-post-thumbnail","6":"product_cat-wholesales-hotels","7":"product_cat-hp","8":"product_cat-wholesale-furniture","10":"first","11":"instock","12":"taxable","13":"shipping-taxable","14":"purchasable","15":"product-type-variable"},"_links":{"self":[{"href":"https:\/\/nexgendecors.com\/es\/wp-json\/wp\/v2\/product\/70385","targetHints":{"allow":["GET"]}}],"collection":[{"href":"https:\/\/nexgendecors.com\/es\/wp-json\/wp\/v2\/product"}],"about":[{"href":"https:\/\/nexgendecors.com\/es\/wp-json\/wp\/v2\/types\/product"}],"replies":[{"embeddable":true,"href":"https:\/\/nexgendecors.com\/es\/wp-json\/wp\/v2\/comments?post=70385"}],"version-history":[{"count":0,"href":"https:\/\/nexgendecors.com\/es\/wp-json\/wp\/v2\/product\/70385\/revisions"}],"wp:featuredmedia":[{"embeddable":true,"href":"https:\/\/nexgendecors.com\/es\/wp-json\/wp\/v2\/media\/130535"}],"wp:attachment":[{"href":"https:\/\/nexgendecors.com\/es\/wp-json\/wp\/v2\/media?parent=70385"}],"wp:term":[{"taxonomy":"product_brand","embeddable":true,"href":"https:\/\/nexgendecors.com\/es\/wp-json\/wp\/v2\/product_brand?post=70385"},{"taxonomy":"product_cat","embeddable":true,"href":"https:\/\/nexgendecors.com\/es\/wp-json\/wp\/v2\/product_cat?post=70385"},{"taxonomy":"product_tag","embeddable":true,"href":"https:\/\/nexgendecors.com\/es\/wp-json\/wp\/v2\/product_tag?post=70385"}],"curies":[{"name":"wp","href":"https:\/\/api.w.org\/{rel}","templated":true}]}}