{"id":70452,"date":"2025-01-26T03:19:55","date_gmt":"2025-01-26T03:19:55","guid":{"rendered":"https:\/\/nexgendecors.com\/product\/navi-modern-minimalist-light-luxury-suspended-leather-bed-black-nordic-double-bed-high-foot-italian-minimalist-master-bedroom-bed\/"},"modified":"2025-04-06T09:15:22","modified_gmt":"2025-04-06T09:15:22","slug":"navi-modern-minimalist-light-luxury-suspended-leather-bed-black-nordic-double-bed-high-foot-italian-minimalist-master-bedroom-bed","status":"publish","type":"product","link":"https:\/\/nexgendecors.com\/es\/product\/navi-modern-minimalist-light-luxury-suspended-leather-bed-black-nordic-double-bed-high-foot-italian-minimalist-master-bedroom-bed\/","title":{"rendered":"Cama minimalista de cuero Navi Modern: dise\u00f1o n\u00f3rdico de lujo"},"content":{"rendered":"<ul>\n<li>\n<strong>marca<\/strong>:NAV\/NAV Inicio<\/li>\n<li>\n<strong>modelo<\/strong>:BD810<\/li>\n<li>\n<strong>Material<\/strong>:Metal<\/li>\n<li>\n<strong>estilo<\/strong>:Moderno y sencillo<\/li>\n<li>\n<strong>forma<\/strong>:Cuadrado<\/li>\n<li>\n<strong>tama\u00f1o<\/strong>:1500mm*1900mm 1500mm*2000mm 1800mm*2000mm<\/li>\n<li>\n<strong>N\u00famero de personas aplicable<\/strong>:2 personas<\/li>\n<li>\n<strong>ordenar por color<\/strong>:Leather bed (without mattress) Leather bed + spring mattress Leather bed + latex mattress Leather bed + spring mattress + bedside table * 2 Leather bed + latex mattress + bedside table * 2 Leather bed + bedside table * 2<\/li>\n<li>\n<strong>Peso bruto<\/strong>:150<\/li>\n<li>\n<strong>\u00bfEs personalizable?<\/strong>:No<\/li>\n<li>\n<strong>Si se debe brindar soporte blando<\/strong>:S\u00ed<\/li>\n<li>\n<strong>Caracter\u00edsticas adicionales<\/strong>:Otro<\/li>\n<li>\n<strong>\u00bfHay espacio de almacenamiento?<\/strong>:No<\/li>\n<li>\n<strong>Estructura del mobiliario<\/strong>:Estructura de soporte<\/li>\n<li>\n<strong>Artesan\u00eda del cuero<\/strong>:otro<\/li>\n<li>\n<strong>Material de cuero<\/strong>:Piel genuina<\/li>\n<li>\n<strong>Tipo de cuero<\/strong>:Superficie de contacto de cuero<\/li>\n<li>\n<strong>Entrega\/instalaci\u00f3n disponible<\/strong>:Todas las ciudades Beijing Chongqing Shanghai Tianjin Shenzhen Chengdu Shenyang Dalian Harbin Nanjing Wuxi Changzhou Suzhou Hangzhou Ningbo Wenzhou Jinhua Taizhou Fuzhou Xiamen Nanchang Qingdao Zhengzhou Wuhan Changsha Guangzhou Foshan Dongguan Nanning Guiyang Xi&#039;an<\/li>\n<li>\n<strong>volumen del paquete<\/strong>:3<\/li>\n<li>\n<strong>Detalles de las instrucciones de instalaci\u00f3n<\/strong>:Proporcione un video con instrucciones de instalaci\u00f3n. Proporcione un manual de instalaci\u00f3n. Proporcione herramientas de instalaci\u00f3n sencillas.<\/li>\n<li>\n<strong><\/strong>:<\/li>\n<\/ul>\n<p><img><\/p>","protected":false},"excerpt":{"rendered":"<p>Marca: NAV\/NAV Home Modelo: BD810 Material: Metal Estilo: Moderno y simple Forma: Cuadrado Tama\u00f1o: 1500 mm * 1900 mm 1500 mm * 2000 mm 1800 mm * 2000 mm N\u00famero aplicable de personas: 2 personas Ordenar por color: Cama de cuero<\/p>","protected":false},"featured_media":130597,"comment_status":"open","ping_status":"closed","template":"","meta":[],"product_brand":[],"product_cat":[30815,30858,30862,30971],"product_tag":[],"class_list":{"0":"post-70452","1":"product","2":"type-product","3":"status-publish","4":"has-post-thumbnail","6":"product_cat-beds","7":"product_cat-wholesale-bedroom","8":"product_cat-wholesales-hotels","9":"product_cat-hp","11":"first","12":"instock","13":"sale","14":"taxable","15":"shipping-taxable","16":"purchasable","17":"product-type-variable"},"_links":{"self":[{"href":"https:\/\/nexgendecors.com\/es\/wp-json\/wp\/v2\/product\/70452","targetHints":{"allow":["GET"]}}],"collection":[{"href":"https:\/\/nexgendecors.com\/es\/wp-json\/wp\/v2\/product"}],"about":[{"href":"https:\/\/nexgendecors.com\/es\/wp-json\/wp\/v2\/types\/product"}],"replies":[{"embeddable":true,"href":"https:\/\/nexgendecors.com\/es\/wp-json\/wp\/v2\/comments?post=70452"}],"version-history":[{"count":0,"href":"https:\/\/nexgendecors.com\/es\/wp-json\/wp\/v2\/product\/70452\/revisions"}],"wp:featuredmedia":[{"embeddable":true,"href":"https:\/\/nexgendecors.com\/es\/wp-json\/wp\/v2\/media\/130597"}],"wp:attachment":[{"href":"https:\/\/nexgendecors.com\/es\/wp-json\/wp\/v2\/media?parent=70452"}],"wp:term":[{"taxonomy":"product_brand","embeddable":true,"href":"https:\/\/nexgendecors.com\/es\/wp-json\/wp\/v2\/product_brand?post=70452"},{"taxonomy":"product_cat","embeddable":true,"href":"https:\/\/nexgendecors.com\/es\/wp-json\/wp\/v2\/product_cat?post=70452"},{"taxonomy":"product_tag","embeddable":true,"href":"https:\/\/nexgendecors.com\/es\/wp-json\/wp\/v2\/product_tag?post=70452"}],"curies":[{"name":"wp","href":"https:\/\/api.w.org\/{rel}","templated":true}]}}