{"id":70516,"date":"2025-01-26T03:20:05","date_gmt":"2025-01-26T03:20:05","guid":{"rendered":"https:\/\/nexgendecors.com\/product\/navi-simple-modern-paint-bedside-table-mini-storage-cabinet-bedside-small-cabinet-bedroom-assembled-narrow-storage-cabinet-2\/"},"modified":"2025-04-06T09:15:35","modified_gmt":"2025-04-06T09:15:35","slug":"navi-simple-modern-paint-bedside-table-mini-storage-cabinet-bedside-small-cabinet-bedroom-assembled-narrow-storage-cabinet-2","status":"publish","type":"product","link":"https:\/\/nexgendecors.com\/es\/product\/navi-simple-modern-paint-bedside-table-mini-storage-cabinet-bedside-small-cabinet-bedroom-assembled-narrow-storage-cabinet-2\/","title":{"rendered":"Mini mueble de noche Navi Modern: elegante y compacto"},"content":{"rendered":"<ul>\n<li>\n<strong>marca<\/strong>:NAV\/NAV Inicio<\/li>\n<li>\n<strong>modelo<\/strong>:BD82<\/li>\n<li>\n<strong>Material<\/strong>:Paneles a base de madera<\/li>\n<li>\n<strong>Tipos de tableros artificiales<\/strong>:Tablero de densidad\/tablero de fibra<\/li>\n<li>\n<strong>patr\u00f3n<\/strong>:Arte<\/li>\n<li>\n<strong>estilo<\/strong>:Simple y moderno<\/li>\n<li>\n<strong>Instalaci\u00f3n<\/strong>:Embalar<\/li>\n<li>\n<strong>ordenar por color<\/strong>:Bedside table glossy beige (2 pieces) Bedside table glossy beige (2 pieces) Upgraded bedside table glossy camel (2 pieces) Upgraded bedside table glossy gray (2 pieces) Upgraded bedside table glossy gray (2 pieces) Bedside table glossy camel (2 pieces) Four-drawer chest (gray) Four-drawer chest (beige) Five-drawer chest (beige) Five-drawer chest (gray)<\/li>\n<li>\n<strong>Peso bruto<\/strong>:50<\/li>\n<li>\n<strong>Ya sea con amortiguaci\u00f3n<\/strong>:S\u00ed<\/li>\n<li>\n<strong>alto<\/strong>:600 mm o menos<\/li>\n<li>\n<strong>\u00bfEs personalizable?<\/strong>:No<\/li>\n<li>\n<strong>Ya sea con rodillo<\/strong>:No<\/li>\n<li>\n<strong>N\u00famero de puertas<\/strong>:Puerta doble<\/li>\n<li>\n<strong>Caracter\u00edsticas adicionales<\/strong>:Almacenamiento<\/li>\n<li>\n<strong>Adecuado<\/strong>:Adultos<\/li>\n<li>\n<strong>Estructura del mobiliario<\/strong>:Estructura del marco de la caja<\/li>\n<li>\n<strong>Entrega\/instalaci\u00f3n disponible<\/strong>:Others Beijing Chongqing Shanghai Tianjin Shenzhen Chengdu Shenyang Nanjing Wuxi Changzhou Suzhou Hangzhou Ningbo Wenzhou Jinhua Taizhou Fuzhou Xiamen Nanchang Qingdao Zhengzhou Wuhan Changsha Guangzhou Foshan Dongguan Nanning Guiyang Xi&#8217;an<\/li>\n<li>\n<strong>Distritos y condados<\/strong>:Nanhai District<\/li>\n<li>\n<strong>Armar<\/strong>:S\u00ed<\/li>\n<li>\n<strong>volumen del paquete<\/strong>:2<\/li>\n<li>\n<strong>N\u00famero de secci\u00f3n de la gu\u00eda del caj\u00f3n<\/strong>:3 secciones<\/li>\n<li>\n<strong>Detalles de las instrucciones de instalaci\u00f3n<\/strong>:Proporcione instrucciones de instalaci\u00f3n<\/li>\n<li>\n<strong><\/strong>:<\/li>\n<\/ul>\n<p><img><\/p>","protected":false},"excerpt":{"rendered":"<p>Marca: NAV\/NAV Home Modelo: BD82 Material: Paneles a base de madera Tipos de tableros artificiales: Tablero de densidad\/tablero de fibra Patr\u00f3n: Arte Estilo: Simple y moderno Instalaci\u00f3n: Paquete Ordenar por color: Mesita de noche brillante<\/p>","protected":false},"featured_media":130668,"comment_status":"open","ping_status":"closed","template":"","meta":[],"product_brand":[],"product_cat":[30858,30862,30971,30854],"product_tag":[],"class_list":{"0":"post-70516","1":"product","2":"type-product","3":"status-publish","4":"has-post-thumbnail","6":"product_cat-wholesale-bedroom","7":"product_cat-wholesales-hotels","8":"product_cat-hp","9":"product_cat-wholesale-side-table","11":"first","12":"instock","13":"taxable","14":"shipping-taxable","15":"purchasable","16":"product-type-variable"},"_links":{"self":[{"href":"https:\/\/nexgendecors.com\/es\/wp-json\/wp\/v2\/product\/70516","targetHints":{"allow":["GET"]}}],"collection":[{"href":"https:\/\/nexgendecors.com\/es\/wp-json\/wp\/v2\/product"}],"about":[{"href":"https:\/\/nexgendecors.com\/es\/wp-json\/wp\/v2\/types\/product"}],"replies":[{"embeddable":true,"href":"https:\/\/nexgendecors.com\/es\/wp-json\/wp\/v2\/comments?post=70516"}],"version-history":[{"count":0,"href":"https:\/\/nexgendecors.com\/es\/wp-json\/wp\/v2\/product\/70516\/revisions"}],"wp:featuredmedia":[{"embeddable":true,"href":"https:\/\/nexgendecors.com\/es\/wp-json\/wp\/v2\/media\/130668"}],"wp:attachment":[{"href":"https:\/\/nexgendecors.com\/es\/wp-json\/wp\/v2\/media?parent=70516"}],"wp:term":[{"taxonomy":"product_brand","embeddable":true,"href":"https:\/\/nexgendecors.com\/es\/wp-json\/wp\/v2\/product_brand?post=70516"},{"taxonomy":"product_cat","embeddable":true,"href":"https:\/\/nexgendecors.com\/es\/wp-json\/wp\/v2\/product_cat?post=70516"},{"taxonomy":"product_tag","embeddable":true,"href":"https:\/\/nexgendecors.com\/es\/wp-json\/wp\/v2\/product_tag?post=70516"}],"curies":[{"name":"wp","href":"https:\/\/api.w.org\/{rel}","templated":true}]}}