{"id":70528,"date":"2025-01-26T03:20:06","date_gmt":"2025-01-26T03:20:06","guid":{"rendered":"https:\/\/nexgendecors.com\/product\/navi-special-shaped-creative-coffee-table-high-and-low-double-layer-small-apartment-living-room-modern-simple-low-table-minimalist-nordic-ins-style\/"},"modified":"2025-03-08T14:24:49","modified_gmt":"2025-03-08T14:24:49","slug":"navi-special-shaped-creative-coffee-table-high-and-low-double-layer-small-apartment-living-room-modern-simple-low-table-minimalist-nordic-ins-style","status":"publish","type":"product","link":"https:\/\/nexgendecors.com\/es\/product\/navi-special-shaped-creative-coffee-table-high-and-low-double-layer-small-apartment-living-room-modern-simple-low-table-minimalist-nordic-ins-style\/","title":{"rendered":"Navi Modern Minimalist Double-Layer Coffee Table"},"content":{"rendered":"<ul>\n<li>\n<strong>marca<\/strong>:NAV\/NAV Inicio<\/li>\n<li>\n<strong>modelo<\/strong>:TB30a<\/li>\n<li>\n<strong>Material<\/strong>:Paneles a base de madera<\/li>\n<li>\n<strong>Tipos de tableros artificiales<\/strong>:Tablero de densidad\/tablero de fibra<\/li>\n<li>\n<strong>estilo<\/strong>:Moderno y sencillo<\/li>\n<li>\n<strong>forma<\/strong>:Cuadrado<\/li>\n<li>\n<strong>Instalaci\u00f3n<\/strong>:Embalar<\/li>\n<li>\n<strong>elementos populares<\/strong>:Metal<\/li>\n<li>\n<strong>ordenar por color<\/strong>:123cm coffee table &#8211; camel paint + white paint123cm coffee table &#8211; black oak + gray paint123cm coffee table &#8211; black oak + white paint123cm coffee table &#8211; black oak + camel paint<\/li>\n<li>\n<strong>Material de acabado<\/strong>:Madera<\/li>\n<li>\n<strong>\u00bfEs escalable?<\/strong>:No<\/li>\n<li>\n<strong>Tecnolog\u00eda estructural<\/strong>:Artificial board technology<\/li>\n<li>\n<strong>Artificial board structure technology<\/strong>:torno<\/li>\n<li>\n<strong>Tecnolog\u00eda de acabado<\/strong>:Artificial board technology<\/li>\n<li>\n<strong>Proceso de acabado de tableros artificiales<\/strong>:Wood veneer finish<\/li>\n<li>\n<strong>\u00bfEs personalizable?<\/strong>:No<\/li>\n<li>\n<strong>Ya sea con rodillo<\/strong>:No<\/li>\n<li>\n<strong>N\u00famero de puertas<\/strong>:Sin puerta<\/li>\n<li>\n<strong>\u00bfHay espacio de almacenamiento?<\/strong>:S\u00ed<\/li>\n<li>\n<strong>Armar<\/strong>:No<\/li>\n<li>\n<strong>volumen del paquete<\/strong>:1<\/li>\n<li>\n<strong>\u00bfEst\u00e1 disponible la preventa?<\/strong>:S\u00ed<\/li>\n<li>\n<strong>\u00bfHay taxi disponible para transporte?<\/strong>:No<\/li>\n<li>\n<strong>Forma de esquina de mesa de caf\u00e9<\/strong>:Redondo<\/li>\n<li>\n<strong>Posicionamiento de estilo<\/strong>:Lujo de calidad<\/li>\n<li>\n<strong>Detalles de las instrucciones de instalaci\u00f3n<\/strong>:Proporcione un video con instrucciones de instalaci\u00f3n. Proporcione un manual de instalaci\u00f3n. Proporcione herramientas de instalaci\u00f3n sencillas.<\/li>\n<li>\n<strong>Peso bruto<\/strong>:25 kilos<\/li>\n<li>\n<strong>tama\u00f1o<\/strong>:1.23&#215;0.87&#215;0.33m<\/li>\n<\/ul>\n<p><img><\/p>","protected":false},"excerpt":{"rendered":"<p>brand:NAV\/NAV Home model:TB30a Material:Wood-based panels Types of artificial boards:Density board\/fiberboard style:Modern and simple shape:Square Installation:Pack popular elements:Metal sort by color:123cm<\/p>","protected":false},"featured_media":130677,"comment_status":"open","ping_status":"closed","template":"","meta":[],"product_brand":[],"product_cat":[30862,30971,30850,30857],"product_tag":[],"class_list":{"0":"post-70528","1":"product","2":"type-product","3":"status-publish","4":"has-post-thumbnail","6":"product_cat-wholesales-hotels","7":"product_cat-hp","8":"product_cat-wholesale-furniture","9":"product_cat-wholesale-sofa-table","11":"first","12":"instock","13":"taxable","14":"shipping-taxable","15":"purchasable","16":"product-type-variable"},"_links":{"self":[{"href":"https:\/\/nexgendecors.com\/es\/wp-json\/wp\/v2\/product\/70528","targetHints":{"allow":["GET"]}}],"collection":[{"href":"https:\/\/nexgendecors.com\/es\/wp-json\/wp\/v2\/product"}],"about":[{"href":"https:\/\/nexgendecors.com\/es\/wp-json\/wp\/v2\/types\/product"}],"replies":[{"embeddable":true,"href":"https:\/\/nexgendecors.com\/es\/wp-json\/wp\/v2\/comments?post=70528"}],"version-history":[{"count":0,"href":"https:\/\/nexgendecors.com\/es\/wp-json\/wp\/v2\/product\/70528\/revisions"}],"wp:featuredmedia":[{"embeddable":true,"href":"https:\/\/nexgendecors.com\/es\/wp-json\/wp\/v2\/media\/130677"}],"wp:attachment":[{"href":"https:\/\/nexgendecors.com\/es\/wp-json\/wp\/v2\/media?parent=70528"}],"wp:term":[{"taxonomy":"product_brand","embeddable":true,"href":"https:\/\/nexgendecors.com\/es\/wp-json\/wp\/v2\/product_brand?post=70528"},{"taxonomy":"product_cat","embeddable":true,"href":"https:\/\/nexgendecors.com\/es\/wp-json\/wp\/v2\/product_cat?post=70528"},{"taxonomy":"product_tag","embeddable":true,"href":"https:\/\/nexgendecors.com\/es\/wp-json\/wp\/v2\/product_tag?post=70528"}],"curies":[{"name":"wp","href":"https:\/\/api.w.org\/{rel}","templated":true}]}}