{"id":70563,"date":"2025-01-26T03:20:11","date_gmt":"2025-01-26T03:20:11","guid":{"rendered":"https:\/\/nexgendecors.com\/product\/navi-wabi-sabi-japanese-cloud-sofa-living-room-nordic-modern-simple-2023-new-log-cream-style\/"},"modified":"2025-04-06T09:15:48","modified_gmt":"2025-04-06T09:15:48","slug":"navi-wabi-sabi-japanese-cloud-sofa-living-room-nordic-modern-simple-2023-new-log-cream-style","status":"publish","type":"product","link":"https:\/\/nexgendecors.com\/es\/product\/navi-wabi-sabi-japanese-cloud-sofa-living-room-nordic-modern-simple-2023-new-log-cream-style\/","title":{"rendered":"Navi Wabi Sabi Cloud Sofa &#8211; Modern Nordic Cream Style"},"content":{"rendered":"<ul>\n<li>\n<strong>marca<\/strong>:NAV\/NAV Inicio<\/li>\n<li>\n<strong>modelo<\/strong>:BU066-X1<\/li>\n<li>\n<strong>Material<\/strong>:Madera<\/li>\n<li>\n<strong>Material de madera<\/strong>:Pino<\/li>\n<li>\n<strong>Tela<\/strong>:Tejidos compuestos<\/li>\n<li>\n<strong>patr\u00f3n<\/strong>:Arte<\/li>\n<li>\n<strong>estilo<\/strong>:Estilo wabi-sabi<\/li>\n<li>\n<strong>\u00bfCu\u00e1ntas personas se sientan?<\/strong>:combinaci\u00f3n<\/li>\n<li>\n<strong>elementos populares<\/strong>:Empalme<\/li>\n<li>\n<strong>ordenar por color<\/strong>:Combination A1 Combination A2 Combination B Combination C1 Combination C2 Combination D Combination E1 Combination E2 Combination F1 Combination F2 Combination G Combination H1 Combination H2 Customized color and size [Prepayment]<\/li>\n<li>\n<strong>Relleno<\/strong>:Abajo<\/li>\n<li>\n<strong>Tecnolog\u00eda estructural<\/strong>:Artesan\u00eda en madera<\/li>\n<li>\n<strong>Tecnolog\u00eda de estructura de madera<\/strong>:torno<\/li>\n<li>\n<strong>\u00bfEs personalizable?<\/strong>:S\u00ed<\/li>\n<li>\n<strong>Combinaci\u00f3n de sof\u00e1s<\/strong>:Forma de L<\/li>\n<li>\n<strong>\u00bfEs desmontable y lavable?<\/strong>:No<\/li>\n<li>\n<strong>Caracter\u00edsticas adicionales<\/strong>:puede moverse<\/li>\n<li>\n<strong>Adecuado<\/strong>:Adultos<\/li>\n<li>\n<strong>\u00bfHay espacio de almacenamiento?<\/strong>:No<\/li>\n<li>\n<strong>Proceso de acabado de tejidos<\/strong>:Flotaci\u00f3n<\/li>\n<li>\n<strong>Armar<\/strong>:No<\/li>\n<li>\n<strong>volumen del paquete<\/strong>:4<\/li>\n<li>\n<strong>\u00bfEst\u00e1 disponible la preventa?<\/strong>:S\u00ed<\/li>\n<li>\n<strong>\u00bfHay taxi disponible para transporte?<\/strong>:No<\/li>\n<li>\n<strong>Dureza del relleno<\/strong>:suave<\/li>\n<li>\n<strong>Posicionamiento de estilo<\/strong>:Lujo de calidad<\/li>\n<li>\n<strong>Detalles de las instrucciones de instalaci\u00f3n<\/strong>:Proporcione un video con instrucciones de instalaci\u00f3n. Proporcione un manual de instalaci\u00f3n. Proporcione herramientas de instalaci\u00f3n sencillas.<\/li>\n<li>\n<strong><\/strong>:<\/li>\n<\/ul>\n<p><img><\/p>","protected":false},"excerpt":{"rendered":"<p>brand:NAV\/NAV Home model:BU066-X1 Material:Wood Wood material:Pine Fabric:Composite fabrics pattern:Art style:Wabi-sabi style How many people sit:combination popular elements:Splicing sort by color:Combination<\/p>","protected":false},"featured_media":130715,"comment_status":"open","ping_status":"closed","template":"","meta":[],"product_brand":[],"product_cat":[30862,30971,30850],"product_tag":[],"class_list":{"0":"post-70563","1":"product","2":"type-product","3":"status-publish","4":"has-post-thumbnail","6":"product_cat-wholesales-hotels","7":"product_cat-hp","8":"product_cat-wholesale-furniture","10":"first","11":"instock","12":"taxable","13":"shipping-taxable","14":"purchasable","15":"product-type-variable"},"_links":{"self":[{"href":"https:\/\/nexgendecors.com\/es\/wp-json\/wp\/v2\/product\/70563","targetHints":{"allow":["GET"]}}],"collection":[{"href":"https:\/\/nexgendecors.com\/es\/wp-json\/wp\/v2\/product"}],"about":[{"href":"https:\/\/nexgendecors.com\/es\/wp-json\/wp\/v2\/types\/product"}],"replies":[{"embeddable":true,"href":"https:\/\/nexgendecors.com\/es\/wp-json\/wp\/v2\/comments?post=70563"}],"version-history":[{"count":0,"href":"https:\/\/nexgendecors.com\/es\/wp-json\/wp\/v2\/product\/70563\/revisions"}],"wp:featuredmedia":[{"embeddable":true,"href":"https:\/\/nexgendecors.com\/es\/wp-json\/wp\/v2\/media\/130715"}],"wp:attachment":[{"href":"https:\/\/nexgendecors.com\/es\/wp-json\/wp\/v2\/media?parent=70563"}],"wp:term":[{"taxonomy":"product_brand","embeddable":true,"href":"https:\/\/nexgendecors.com\/es\/wp-json\/wp\/v2\/product_brand?post=70563"},{"taxonomy":"product_cat","embeddable":true,"href":"https:\/\/nexgendecors.com\/es\/wp-json\/wp\/v2\/product_cat?post=70563"},{"taxonomy":"product_tag","embeddable":true,"href":"https:\/\/nexgendecors.com\/es\/wp-json\/wp\/v2\/product_tag?post=70563"}],"curies":[{"name":"wp","href":"https:\/\/api.w.org\/{rel}","templated":true}]}}