{"id":70606,"date":"2025-01-26T03:20:17","date_gmt":"2025-01-26T03:20:17","guid":{"rendered":"https:\/\/nexgendecors.com\/product\/navi-white-square-cream-style-coffee-table-modern-simple-light-luxury-ins-paint-minimalist-japanese-wabi-sabi-low-table\/"},"modified":"2025-04-06T09:15:53","modified_gmt":"2025-04-06T09:15:53","slug":"navi-white-square-cream-style-coffee-table-modern-simple-light-luxury-ins-paint-minimalist-japanese-wabi-sabi-low-table","status":"publish","type":"product","link":"https:\/\/nexgendecors.com\/es\/product\/navi-white-square-cream-style-coffee-table-modern-simple-light-luxury-ins-paint-minimalist-japanese-wabi-sabi-low-table\/","title":{"rendered":"Navi White Square Cream Coffee Table &#8211; Modern Wabi-Sabi Design"},"content":{"rendered":"<ul>\n<li>\n<strong>\u00bfHay espacio de almacenamiento?<\/strong>:S\u00ed<\/li>\n<li>\n<strong>estilo<\/strong>:Europa del Norte<\/li>\n<li>\n<strong>Armar<\/strong>:No<\/li>\n<li>\n<strong>\u00bfEst\u00e1 disponible la preventa?<\/strong>:S\u00ed<\/li>\n<li>\n<strong>Material de acabado<\/strong>:Paneles a base de madera<\/li>\n<li>\n<strong>volumen del paquete<\/strong>:1<\/li>\n<li>\n<strong>forma<\/strong>:Cuadrado<\/li>\n<li>\n<strong>Posicionamiento de estilo<\/strong>:Lujo de calidad<\/li>\n<li>\n<strong>ordenar por color<\/strong>:100\u00d7100 (white) 100\u00d7100 (gray) 80\u00d780 (white) 80\u00d780 (gray) 80\u00d780 (white) + 60\u00d780 (gray) 60\u00d780 (white) + 60\u00d780 (gray) 100\u00d7100 (white) + 60\u00d7100 (gray) 60\u00d7100 (white) 60\u00d7100 (gray) 60\u00d780 (white) 60\u00d780 (gray)<\/li>\n<li>\n<strong>marca<\/strong>:NAV\/NAV Inicio<\/li>\n<li>\n<strong>modelo<\/strong>:TB1082-D<\/li>\n<li>\n<strong>tama\u00f1o<\/strong>:1x1x0.3m<\/li>\n<li>\n<strong>elementos populares<\/strong>:Dise\u00f1o maestro<\/li>\n<li>\n<strong>Ya sea con rodillo<\/strong>:No<\/li>\n<li>\n<strong>Forma de esquina de mesa de caf\u00e9<\/strong>:Cuadrado<\/li>\n<li>\n<strong>Tecnolog\u00eda estructural<\/strong>:Artificial board technology<\/li>\n<li>\n<strong>Artificial board structure technology<\/strong>:otro<\/li>\n<li>\n<strong>Tecnolog\u00eda de acabado<\/strong>:Pintar<\/li>\n<li>\n<strong>Tipos de tableros artificiales<\/strong>:Tablero de densidad\/tablero de fibra<\/li>\n<li>\n<strong>\u00bfEs personalizable?<\/strong>:S\u00ed<\/li>\n<li>\n<strong>Material<\/strong>:Paneles a base de madera<\/li>\n<li>\n<strong>Detalles de las instrucciones de instalaci\u00f3n<\/strong>:Proporcione herramientas de instalaci\u00f3n sencillas. Proporcione instrucciones de instalaci\u00f3n. Proporcione un video de instalaci\u00f3n.<\/li>\n<li>\n<strong>Instalaci\u00f3n<\/strong>:Embalar<\/li>\n<li>\n<strong>\u00bfHay taxi disponible para transporte?<\/strong>:No<\/li>\n<li>\n<strong>N\u00famero de puertas<\/strong>:Sin puerta<\/li>\n<\/ul>\n<p><img><\/p>","protected":false},"excerpt":{"rendered":"<p>Is there storage space?:yes style:Northern Europe Assemble:no Is pre-sale available?:yes Finishing material:Wood-based panels package volume:1 shape:Square Style positioning:Quality Luxury sort<\/p>","protected":false},"featured_media":130774,"comment_status":"open","ping_status":"closed","template":"","meta":[],"product_brand":[],"product_cat":[30862,30971,30850,30857],"product_tag":[],"class_list":{"0":"post-70606","1":"product","2":"type-product","3":"status-publish","4":"has-post-thumbnail","6":"product_cat-wholesales-hotels","7":"product_cat-hp","8":"product_cat-wholesale-furniture","9":"product_cat-wholesale-sofa-table","11":"first","12":"instock","13":"taxable","14":"shipping-taxable","15":"purchasable","16":"product-type-variable"},"_links":{"self":[{"href":"https:\/\/nexgendecors.com\/es\/wp-json\/wp\/v2\/product\/70606","targetHints":{"allow":["GET"]}}],"collection":[{"href":"https:\/\/nexgendecors.com\/es\/wp-json\/wp\/v2\/product"}],"about":[{"href":"https:\/\/nexgendecors.com\/es\/wp-json\/wp\/v2\/types\/product"}],"replies":[{"embeddable":true,"href":"https:\/\/nexgendecors.com\/es\/wp-json\/wp\/v2\/comments?post=70606"}],"version-history":[{"count":0,"href":"https:\/\/nexgendecors.com\/es\/wp-json\/wp\/v2\/product\/70606\/revisions"}],"wp:featuredmedia":[{"embeddable":true,"href":"https:\/\/nexgendecors.com\/es\/wp-json\/wp\/v2\/media\/130774"}],"wp:attachment":[{"href":"https:\/\/nexgendecors.com\/es\/wp-json\/wp\/v2\/media?parent=70606"}],"wp:term":[{"taxonomy":"product_brand","embeddable":true,"href":"https:\/\/nexgendecors.com\/es\/wp-json\/wp\/v2\/product_brand?post=70606"},{"taxonomy":"product_cat","embeddable":true,"href":"https:\/\/nexgendecors.com\/es\/wp-json\/wp\/v2\/product_cat?post=70606"},{"taxonomy":"product_tag","embeddable":true,"href":"https:\/\/nexgendecors.com\/es\/wp-json\/wp\/v2\/product_tag?post=70606"}],"curies":[{"name":"wp","href":"https:\/\/api.w.org\/{rel}","templated":true}]}}