{"id":70684,"date":"2025-01-26T03:20:28","date_gmt":"2025-01-26T03:20:28","guid":{"rendered":"https:\/\/nexgendecors.com\/product\/nawei-white-wabi-sabi-coffee-table-round-japanese-simple-modern-cream-style-high-end-internet-celebrity-italian-minimalist\/"},"modified":"2025-03-08T15:00:44","modified_gmt":"2025-03-08T15:00:44","slug":"nawei-white-wabi-sabi-coffee-table-round-japanese-simple-modern-cream-style-high-end-internet-celebrity-italian-minimalist","status":"publish","type":"product","link":"https:\/\/nexgendecors.com\/es\/product\/nawei-white-wabi-sabi-coffee-table-round-japanese-simple-modern-cream-style-high-end-internet-celebrity-italian-minimalist\/","title":{"rendered":"Nawei Wabi-Sabi Round Coffee Table &#8211; Modern Cream Minimalist"},"content":{"rendered":"<ul>\n<li>\n<strong>\u00bfHay espacio de almacenamiento?<\/strong>:No<\/li>\n<li>\n<strong>estilo<\/strong>:Estilo wabi-sabi<\/li>\n<li>\n<strong>Armar<\/strong>:No<\/li>\n<li>\n<strong>\u00bfEst\u00e1 disponible la preventa?<\/strong>:S\u00ed<\/li>\n<li>\n<strong>Material de acabado<\/strong>:Fibra de vidrio<\/li>\n<li>\n<strong>volumen del paquete<\/strong>:1<\/li>\n<li>\n<strong>forma<\/strong>:Redondo<\/li>\n<li>\n<strong>Posicionamiento de estilo<\/strong>:Lujo de calidad<\/li>\n<li>\n<strong>ordenar por color<\/strong>:Coffee table (white matte) Coffee table (white matte) small round nest coffee table (white matte + Pandora rock board) Coffee table (off-white matte) Coffee table (off-white matte) small round nest coffee table (off-white matte + Pandora rock board) Coffee table (white matte + pure white rock board) Side table (off-white matte + brown glass) Side table (white matte + brown glass) TV cabinet (off-white matte)<\/li>\n<li>\n<strong>marca<\/strong>:NAV\/NAV Inicio<\/li>\n<li>\n<strong>modelo<\/strong>:TB2023-2<\/li>\n<li>\n<strong>tama\u00f1o<\/strong>:0.9&#215;0.9&#215;0.35m<\/li>\n<li>\n<strong>elementos populares<\/strong>:Dise\u00f1o maestro<\/li>\n<li>\n<strong>Ya sea con rodillo<\/strong>:No<\/li>\n<li>\n<strong>Peso bruto<\/strong>:35kg<\/li>\n<li>\n<strong>Forma de esquina de mesa de caf\u00e9<\/strong>:Redondo<\/li>\n<li>\n<strong>Tecnolog\u00eda estructural<\/strong>:Proceso pl\u00e1stico<\/li>\n<li>\n<strong>Tecnolog\u00eda de estructuras pl\u00e1sticas<\/strong>:otro<\/li>\n<li>\n<strong>Tecnolog\u00eda de acabado<\/strong>:Pintar<\/li>\n<li>\n<strong>\u00bfEs personalizable?<\/strong>:No<\/li>\n<li>\n<strong>Material pl\u00e1stico<\/strong>:Fibra de vidrio<\/li>\n<li>\n<strong>Material<\/strong>:pl\u00e1stico<\/li>\n<li>\n<strong>Detalles de las instrucciones de instalaci\u00f3n<\/strong>:Proporcione herramientas de instalaci\u00f3n sencillas. Proporcione instrucciones de instalaci\u00f3n. Proporcione un video de instalaci\u00f3n.<\/li>\n<li>\n<strong>Instalaci\u00f3n<\/strong>:Embalar<\/li>\n<li>\n<strong>Entrega\/instalaci\u00f3n disponible<\/strong>:Foshan Zhengzhou Guiyang Guangzhou Fuzhou Harbin Xiamen Chongqing Changzhou Suzhou Xi&#039;an Shenzhen Nanjing Changsha Beijing Qingdao Wuxi Chengdu Shanghai Wuhan Nanning Shenyang Dalian Taizhou Dongguan Tianjin Otros Jinhua Hangzhou Nanchang Ningbo Wenzhou<\/li>\n<li>\n<strong>N\u00famero de puertas<\/strong>:Sin puerta<\/li>\n<li>\n<strong><\/strong>:<\/li>\n<\/ul>\n<p><img><\/p>","protected":false},"excerpt":{"rendered":"<p>Is there storage space?:no style:Wabi-sabi style Assemble:no Is pre-sale available?:yes Finishing material:Fiberglass package volume:1 shape:Round Style positioning:Quality Luxury sort by<\/p>","protected":false},"featured_media":130865,"comment_status":"open","ping_status":"closed","template":"","meta":[],"product_brand":[],"product_cat":[30862,30971,30850,30857],"product_tag":[],"class_list":{"0":"post-70684","1":"product","2":"type-product","3":"status-publish","4":"has-post-thumbnail","6":"product_cat-wholesales-hotels","7":"product_cat-hp","8":"product_cat-wholesale-furniture","9":"product_cat-wholesale-sofa-table","11":"first","12":"instock","13":"taxable","14":"shipping-taxable","15":"purchasable","16":"product-type-variable"},"_links":{"self":[{"href":"https:\/\/nexgendecors.com\/es\/wp-json\/wp\/v2\/product\/70684","targetHints":{"allow":["GET"]}}],"collection":[{"href":"https:\/\/nexgendecors.com\/es\/wp-json\/wp\/v2\/product"}],"about":[{"href":"https:\/\/nexgendecors.com\/es\/wp-json\/wp\/v2\/types\/product"}],"replies":[{"embeddable":true,"href":"https:\/\/nexgendecors.com\/es\/wp-json\/wp\/v2\/comments?post=70684"}],"version-history":[{"count":0,"href":"https:\/\/nexgendecors.com\/es\/wp-json\/wp\/v2\/product\/70684\/revisions"}],"wp:featuredmedia":[{"embeddable":true,"href":"https:\/\/nexgendecors.com\/es\/wp-json\/wp\/v2\/media\/130865"}],"wp:attachment":[{"href":"https:\/\/nexgendecors.com\/es\/wp-json\/wp\/v2\/media?parent=70684"}],"wp:term":[{"taxonomy":"product_brand","embeddable":true,"href":"https:\/\/nexgendecors.com\/es\/wp-json\/wp\/v2\/product_brand?post=70684"},{"taxonomy":"product_cat","embeddable":true,"href":"https:\/\/nexgendecors.com\/es\/wp-json\/wp\/v2\/product_cat?post=70684"},{"taxonomy":"product_tag","embeddable":true,"href":"https:\/\/nexgendecors.com\/es\/wp-json\/wp\/v2\/product_tag?post=70684"}],"curies":[{"name":"wp","href":"https:\/\/api.w.org\/{rel}","templated":true}]}}